{"id":1056,"date":"2019-07-29T12:22:28","date_gmt":"2019-07-29T12:22:28","guid":{"rendered":"http:\/\/hotel-de-medici.ms.decms.eu\/rooms-junior-suites\/standard-triple-rooms\/"},"modified":"2023-10-04T06:41:08","modified_gmt":"2023-10-04T06:41:08","slug":"standaard-triple-kamer","status":"publish","type":"page","link":"https:\/\/hoteldemedici.com\/nl\/kamers-junior-suites\/standaard-triple-kamer\/","title":{"rendered":"Standaard Triple Kamer"},"content":{"rendered":"<p>Hotel de\u2019 Medici biedt 4 standaard driepersoonskamers aan. Er zijn kamers met een tweepersoonsbed en een \u00e9\u00e9npersoonsbed of 3 \u00e9\u00e9npersoonsbedden. Wij bieden ook alle voorzieningen &amp; handdoeken in deze kamers.<br \/>\nDe standaard driepersoonskamers zijn allemaal voorzien van airconditioning en houten vloeren. De kamers zijn uitgerust met een badkamer en een haardroger, een led-scherm van 43 inch met IPTV, radio, IDD-telefoon, GRATIS WiFi-internetverbindingen, priv\u00e9kluisje, minibar en koffie- en theefaciliteiten.<br \/>\nDeze driepersoonskamers zijn ruimer en kijken uit op de reien voor het hotel. De geluiddichte ramen zorgen voor een goede nachtrust na een lange dag in de levendige sfeer van Brugge.<\/p>\n","protected":false},"excerpt":{"rendered":"<p>Hotel de\u2019 Medici biedt 4 standaard driepersoonskamers aan. Er zijn kamers met een tweepersoonsbed en een \u00e9\u00e9npersoonsbed of 3 \u00e9\u00e9npersoonsbedden. Wij bieden ook alle voorzieningen &amp; handdoeken in deze kamers. De standaard driepersoonskamers zijn allemaal voorzien van airconditioning en houten vloeren. De kamers zijn uitgerust met een badkamer en een haardroger, een led-scherm van 43 [&hellip;]<\/p>\n","protected":false},"author":46,"featured_media":3282,"parent":1037,"menu_order":0,"comment_status":"closed","ping_status":"closed","template":"template-single-room.php","meta":{"footnotes":""},"class_list":["post-1056","page","type-page","status-publish","has-post-thumbnail","hentry"],"yoast_head":"<!-- This site is optimized with the Yoast SEO plugin v26.9 - https:\/\/yoast.com\/product\/yoast-seo-wordpress\/ -->\n<title>Standaard Triple Kamer - Hotel de Medici<\/title>\n<meta name=\"robots\" content=\"index, follow, max-snippet:-1, max-image-preview:large, max-video-preview:-1\" \/>\n<link rel=\"canonical\" href=\"https:\/\/hoteldemedici.com\/nl\/kamers-junior-suites\/standaard-triple-kamer\/\" \/>\n<meta property=\"og:locale\" content=\"nl_NL\" \/>\n<meta property=\"og:type\" content=\"article\" \/>\n<meta property=\"og:title\" content=\"Standaard Triple Kamer - Hotel de Medici\" \/>\n<meta property=\"og:description\" content=\"Hotel de\u2019 Medici biedt 4 standaard driepersoonskamers aan. Er zijn kamers met een tweepersoonsbed en een \u00e9\u00e9npersoonsbed of 3 \u00e9\u00e9npersoonsbedden. Wij bieden ook alle voorzieningen &amp; handdoeken in deze kamers. De standaard driepersoonskamers zijn allemaal voorzien van airconditioning en houten vloeren. De kamers zijn uitgerust met een badkamer en een haardroger, een led-scherm van 43 [&hellip;]\" \/>\n<meta property=\"og:url\" content=\"https:\/\/hoteldemedici.com\/nl\/kamers-junior-suites\/standaard-triple-kamer\/\" \/>\n<meta property=\"og:site_name\" content=\"Hotel de Medici\" \/>\n<meta property=\"article:modified_time\" content=\"2023-10-04T06:41:08+00:00\" \/>\n<meta property=\"og:image\" content=\"https:\/\/hoteldemedici.com\/wp-content\/uploads\/sites\/69\/2019\/07\/1st-wing-Standard-Triple-214-v1.jpg\" \/>\n\t<meta property=\"og:image:width\" content=\"1200\" \/>\n\t<meta property=\"og:image:height\" content=\"655\" \/>\n\t<meta property=\"og:image:type\" content=\"image\/jpeg\" \/>\n<meta name=\"twitter:card\" content=\"summary_large_image\" \/>\n<script type=\"application\/ld+json\" class=\"yoast-schema-graph\">{\"@context\":\"https:\/\/schema.org\",\"@graph\":[{\"@type\":\"WebPage\",\"@id\":\"https:\/\/hoteldemedici.com\/nl\/kamers-junior-suites\/standaard-triple-kamer\/\",\"url\":\"https:\/\/hoteldemedici.com\/nl\/kamers-junior-suites\/standaard-triple-kamer\/\",\"name\":\"Standaard Triple Kamer - Hotel de Medici\",\"isPartOf\":{\"@id\":\"https:\/\/hoteldemedici.com\/nl\/#website\"},\"primaryImageOfPage\":{\"@id\":\"https:\/\/hoteldemedici.com\/nl\/kamers-junior-suites\/standaard-triple-kamer\/#primaryimage\"},\"image\":{\"@id\":\"https:\/\/hoteldemedici.com\/nl\/kamers-junior-suites\/standaard-triple-kamer\/#primaryimage\"},\"thumbnailUrl\":\"https:\/\/hoteldemedici.com\/wp-content\/uploads\/sites\/69\/2019\/07\/1st-wing-Standard-Triple-214-v1.jpg\",\"datePublished\":\"2019-07-29T12:22:28+00:00\",\"dateModified\":\"2023-10-04T06:41:08+00:00\",\"breadcrumb\":{\"@id\":\"https:\/\/hoteldemedici.com\/nl\/kamers-junior-suites\/standaard-triple-kamer\/#breadcrumb\"},\"inLanguage\":\"nl-NL\",\"potentialAction\":[{\"@type\":\"ReadAction\",\"target\":[\"https:\/\/hoteldemedici.com\/nl\/kamers-junior-suites\/standaard-triple-kamer\/\"]}]},{\"@type\":\"ImageObject\",\"inLanguage\":\"nl-NL\",\"@id\":\"https:\/\/hoteldemedici.com\/nl\/kamers-junior-suites\/standaard-triple-kamer\/#primaryimage\",\"url\":\"https:\/\/hoteldemedici.com\/wp-content\/uploads\/sites\/69\/2019\/07\/1st-wing-Standard-Triple-214-v1.jpg\",\"contentUrl\":\"https:\/\/hoteldemedici.com\/wp-content\/uploads\/sites\/69\/2019\/07\/1st-wing-Standard-Triple-214-v1.jpg\",\"width\":1200,\"height\":655},{\"@type\":\"BreadcrumbList\",\"@id\":\"https:\/\/hoteldemedici.com\/nl\/kamers-junior-suites\/standaard-triple-kamer\/#breadcrumb\",\"itemListElement\":[{\"@type\":\"ListItem\",\"position\":1,\"name\":\"Home\",\"item\":\"https:\/\/hoteldemedici.com\/nl\/\"},{\"@type\":\"ListItem\",\"position\":2,\"name\":\"Kamers &#038; Junior Suites\",\"item\":\"https:\/\/hoteldemedici.com\/nl\/kamers-junior-suites\/\"},{\"@type\":\"ListItem\",\"position\":3,\"name\":\"Standaard Triple Kamer\"}]},{\"@type\":\"WebSite\",\"@id\":\"https:\/\/hoteldemedici.com\/nl\/#website\",\"url\":\"https:\/\/hoteldemedici.com\/nl\/\",\"name\":\"Hotel de Medici\",\"description\":\"\",\"potentialAction\":[{\"@type\":\"SearchAction\",\"target\":{\"@type\":\"EntryPoint\",\"urlTemplate\":\"https:\/\/hoteldemedici.com\/nl\/?s={search_term_string}\"},\"query-input\":{\"@type\":\"PropertyValueSpecification\",\"valueRequired\":true,\"valueName\":\"search_term_string\"}}],\"inLanguage\":\"nl-NL\"}]}<\/script>\n<!-- \/ Yoast SEO plugin. -->","yoast_head_json":{"title":"Standaard Triple Kamer - Hotel de Medici","robots":{"index":"index","follow":"follow","max-snippet":"max-snippet:-1","max-image-preview":"max-image-preview:large","max-video-preview":"max-video-preview:-1"},"canonical":"https:\/\/hoteldemedici.com\/nl\/kamers-junior-suites\/standaard-triple-kamer\/","og_locale":"nl_NL","og_type":"article","og_title":"Standaard Triple Kamer - Hotel de Medici","og_description":"Hotel de\u2019 Medici biedt 4 standaard driepersoonskamers aan. Er zijn kamers met een tweepersoonsbed en een \u00e9\u00e9npersoonsbed of 3 \u00e9\u00e9npersoonsbedden. Wij bieden ook alle voorzieningen &amp; handdoeken in deze kamers. De standaard driepersoonskamers zijn allemaal voorzien van airconditioning en houten vloeren. De kamers zijn uitgerust met een badkamer en een haardroger, een led-scherm van 43 [&hellip;]","og_url":"https:\/\/hoteldemedici.com\/nl\/kamers-junior-suites\/standaard-triple-kamer\/","og_site_name":"Hotel de Medici","article_modified_time":"2023-10-04T06:41:08+00:00","og_image":[{"width":1200,"height":655,"url":"https:\/\/hoteldemedici.com\/wp-content\/uploads\/sites\/69\/2019\/07\/1st-wing-Standard-Triple-214-v1.jpg","type":"image\/jpeg"}],"twitter_card":"summary_large_image","schema":{"@context":"https:\/\/schema.org","@graph":[{"@type":"WebPage","@id":"https:\/\/hoteldemedici.com\/nl\/kamers-junior-suites\/standaard-triple-kamer\/","url":"https:\/\/hoteldemedici.com\/nl\/kamers-junior-suites\/standaard-triple-kamer\/","name":"Standaard Triple Kamer - Hotel de Medici","isPartOf":{"@id":"https:\/\/hoteldemedici.com\/nl\/#website"},"primaryImageOfPage":{"@id":"https:\/\/hoteldemedici.com\/nl\/kamers-junior-suites\/standaard-triple-kamer\/#primaryimage"},"image":{"@id":"https:\/\/hoteldemedici.com\/nl\/kamers-junior-suites\/standaard-triple-kamer\/#primaryimage"},"thumbnailUrl":"https:\/\/hoteldemedici.com\/wp-content\/uploads\/sites\/69\/2019\/07\/1st-wing-Standard-Triple-214-v1.jpg","datePublished":"2019-07-29T12:22:28+00:00","dateModified":"2023-10-04T06:41:08+00:00","breadcrumb":{"@id":"https:\/\/hoteldemedici.com\/nl\/kamers-junior-suites\/standaard-triple-kamer\/#breadcrumb"},"inLanguage":"nl-NL","potentialAction":[{"@type":"ReadAction","target":["https:\/\/hoteldemedici.com\/nl\/kamers-junior-suites\/standaard-triple-kamer\/"]}]},{"@type":"ImageObject","inLanguage":"nl-NL","@id":"https:\/\/hoteldemedici.com\/nl\/kamers-junior-suites\/standaard-triple-kamer\/#primaryimage","url":"https:\/\/hoteldemedici.com\/wp-content\/uploads\/sites\/69\/2019\/07\/1st-wing-Standard-Triple-214-v1.jpg","contentUrl":"https:\/\/hoteldemedici.com\/wp-content\/uploads\/sites\/69\/2019\/07\/1st-wing-Standard-Triple-214-v1.jpg","width":1200,"height":655},{"@type":"BreadcrumbList","@id":"https:\/\/hoteldemedici.com\/nl\/kamers-junior-suites\/standaard-triple-kamer\/#breadcrumb","itemListElement":[{"@type":"ListItem","position":1,"name":"Home","item":"https:\/\/hoteldemedici.com\/nl\/"},{"@type":"ListItem","position":2,"name":"Kamers &#038; Junior Suites","item":"https:\/\/hoteldemedici.com\/nl\/kamers-junior-suites\/"},{"@type":"ListItem","position":3,"name":"Standaard Triple Kamer"}]},{"@type":"WebSite","@id":"https:\/\/hoteldemedici.com\/nl\/#website","url":"https:\/\/hoteldemedici.com\/nl\/","name":"Hotel de Medici","description":"","potentialAction":[{"@type":"SearchAction","target":{"@type":"EntryPoint","urlTemplate":"https:\/\/hoteldemedici.com\/nl\/?s={search_term_string}"},"query-input":{"@type":"PropertyValueSpecification","valueRequired":true,"valueName":"search_term_string"}}],"inLanguage":"nl-NL"}]}},"acf":[],"_links":{"self":[{"href":"https:\/\/hoteldemedici.com\/nl\/wp-json\/wp\/v2\/pages\/1056","targetHints":{"allow":["GET"]}}],"collection":[{"href":"https:\/\/hoteldemedici.com\/nl\/wp-json\/wp\/v2\/pages"}],"about":[{"href":"https:\/\/hoteldemedici.com\/nl\/wp-json\/wp\/v2\/types\/page"}],"author":[{"embeddable":true,"href":"https:\/\/hoteldemedici.com\/nl\/wp-json\/wp\/v2\/users\/46"}],"replies":[{"embeddable":true,"href":"https:\/\/hoteldemedici.com\/nl\/wp-json\/wp\/v2\/comments?post=1056"}],"version-history":[{"count":0,"href":"https:\/\/hoteldemedici.com\/nl\/wp-json\/wp\/v2\/pages\/1056\/revisions"}],"up":[{"embeddable":true,"href":"https:\/\/hoteldemedici.com\/nl\/wp-json\/wp\/v2\/pages\/1037"}],"wp:featuredmedia":[{"embeddable":true,"href":"https:\/\/hoteldemedici.com\/nl\/wp-json\/wp\/v2\/media\/3282"}],"wp:attachment":[{"href":"https:\/\/hoteldemedici.com\/nl\/wp-json\/wp\/v2\/media?parent=1056"}],"curies":[{"name":"wp","href":"https:\/\/api.w.org\/{rel}","templated":true}]}}