{"id":1044,"date":"2019-07-26T15:22:45","date_gmt":"2019-07-26T15:22:45","guid":{"rendered":"http:\/\/hotel-de-medici.ms.decms.eu\/rooms-junior-suites\/standard-rooms\/"},"modified":"2019-11-08T15:49:32","modified_gmt":"2019-11-08T15:49:32","slug":"standaard-kamers","status":"publish","type":"page","link":"https:\/\/hoteldemedici.com\/nl\/kamers-junior-suites\/standaard-kamers\/","title":{"rendered":"Standaard Kamers"},"content":{"rendered":"<p>De standaard kamers zijn allemaal voorzien van airconditioning en houten vloeren. Deze kamers zijn geclassificeerd als allergievriendelijk en voorzien van \u00e9\u00e9n tweepersoonsbed of twee aparte bedden, al naar gelang uw voorkeur.<br \/>\nDe kamers kijken uit op de reien voor het hotel of kijken uit op de prachtige Japanse binnentuin of op de straat naast het hotel. Sommige standaard kamers hebben ook een balkon met uitzicht op de Japanse tuin.<br \/>\nDe geluiddichte ramen zorgen voor een goede nachtrust na een lange dag in de levendige sfeer van Brugge.<br \/>\nDe kamers zijn uitgerust met een badkamer en een haardroger, een led-scherm van 43 inch met IPTV, radio, IDD-telefoon, GRATIS WiFi-internetverbindingen, priv\u00e9kluisje, minibar en koffie- en theefaciliteiten.<br \/>\n&nbsp;<br \/>\nBij Hotel de\u2019 Medici bieden we ook kamers voor mindervalide gasten. We hebben \u00e9\u00e9n kamer binnen de categorie standaard kamer, uitgerust met twee \u00e9\u00e9npersoonsbedden en een aangepaste badkamer.<\/p>\n","protected":false},"excerpt":{"rendered":"<p>De standaard kamers zijn allemaal voorzien van airconditioning en houten vloeren. Deze kamers zijn geclassificeerd als allergievriendelijk en voorzien van \u00e9\u00e9n tweepersoonsbed of twee aparte bedden, al naar gelang uw voorkeur. De kamers kijken uit op de reien voor het hotel of kijken uit op de prachtige Japanse binnentuin of op de straat naast het [&hellip;]<\/p>\n","protected":false},"author":46,"featured_media":0,"parent":1037,"menu_order":0,"comment_status":"closed","ping_status":"closed","template":"template-single-room.php","meta":{"footnotes":""},"class_list":["post-1044","page","type-page","status-publish","hentry"],"yoast_head":"<!-- This site is optimized with the Yoast SEO plugin v26.9 - https:\/\/yoast.com\/product\/yoast-seo-wordpress\/ -->\n<title>Standaard Kamers - Hotel de Medici<\/title>\n<meta name=\"robots\" content=\"index, follow, max-snippet:-1, max-image-preview:large, max-video-preview:-1\" \/>\n<link rel=\"canonical\" href=\"https:\/\/hoteldemedici.com\/nl\/kamers-junior-suites\/standaard-kamers\/\" \/>\n<meta property=\"og:locale\" content=\"nl_NL\" \/>\n<meta property=\"og:type\" content=\"article\" \/>\n<meta property=\"og:title\" content=\"Standaard Kamers - Hotel de Medici\" \/>\n<meta property=\"og:description\" content=\"De standaard kamers zijn allemaal voorzien van airconditioning en houten vloeren. Deze kamers zijn geclassificeerd als allergievriendelijk en voorzien van \u00e9\u00e9n tweepersoonsbed of twee aparte bedden, al naar gelang uw voorkeur. De kamers kijken uit op de reien voor het hotel of kijken uit op de prachtige Japanse binnentuin of op de straat naast het [&hellip;]\" \/>\n<meta property=\"og:url\" content=\"https:\/\/hoteldemedici.com\/nl\/kamers-junior-suites\/standaard-kamers\/\" \/>\n<meta property=\"og:site_name\" content=\"Hotel de Medici\" \/>\n<meta property=\"article:modified_time\" content=\"2019-11-08T15:49:32+00:00\" \/>\n<meta name=\"twitter:card\" content=\"summary_large_image\" \/>\n<meta name=\"twitter:label1\" content=\"Geschatte leestijd\" \/>\n\t<meta name=\"twitter:data1\" content=\"1 minuut\" \/>\n<script type=\"application\/ld+json\" class=\"yoast-schema-graph\">{\"@context\":\"https:\/\/schema.org\",\"@graph\":[{\"@type\":\"WebPage\",\"@id\":\"https:\/\/hoteldemedici.com\/nl\/kamers-junior-suites\/standaard-kamers\/\",\"url\":\"https:\/\/hoteldemedici.com\/nl\/kamers-junior-suites\/standaard-kamers\/\",\"name\":\"Standaard Kamers - Hotel de Medici\",\"isPartOf\":{\"@id\":\"https:\/\/hoteldemedici.com\/nl\/#website\"},\"datePublished\":\"2019-07-26T15:22:45+00:00\",\"dateModified\":\"2019-11-08T15:49:32+00:00\",\"breadcrumb\":{\"@id\":\"https:\/\/hoteldemedici.com\/nl\/kamers-junior-suites\/standaard-kamers\/#breadcrumb\"},\"inLanguage\":\"nl-NL\",\"potentialAction\":[{\"@type\":\"ReadAction\",\"target\":[\"https:\/\/hoteldemedici.com\/nl\/kamers-junior-suites\/standaard-kamers\/\"]}]},{\"@type\":\"BreadcrumbList\",\"@id\":\"https:\/\/hoteldemedici.com\/nl\/kamers-junior-suites\/standaard-kamers\/#breadcrumb\",\"itemListElement\":[{\"@type\":\"ListItem\",\"position\":1,\"name\":\"Home\",\"item\":\"https:\/\/hoteldemedici.com\/nl\/\"},{\"@type\":\"ListItem\",\"position\":2,\"name\":\"Kamers &#038; Junior Suites\",\"item\":\"https:\/\/hoteldemedici.com\/nl\/kamers-junior-suites\/\"},{\"@type\":\"ListItem\",\"position\":3,\"name\":\"Standaard Kamers\"}]},{\"@type\":\"WebSite\",\"@id\":\"https:\/\/hoteldemedici.com\/nl\/#website\",\"url\":\"https:\/\/hoteldemedici.com\/nl\/\",\"name\":\"Hotel de Medici\",\"description\":\"\",\"potentialAction\":[{\"@type\":\"SearchAction\",\"target\":{\"@type\":\"EntryPoint\",\"urlTemplate\":\"https:\/\/hoteldemedici.com\/nl\/?s={search_term_string}\"},\"query-input\":{\"@type\":\"PropertyValueSpecification\",\"valueRequired\":true,\"valueName\":\"search_term_string\"}}],\"inLanguage\":\"nl-NL\"}]}<\/script>\n<!-- \/ Yoast SEO plugin. -->","yoast_head_json":{"title":"Standaard Kamers - Hotel de Medici","robots":{"index":"index","follow":"follow","max-snippet":"max-snippet:-1","max-image-preview":"max-image-preview:large","max-video-preview":"max-video-preview:-1"},"canonical":"https:\/\/hoteldemedici.com\/nl\/kamers-junior-suites\/standaard-kamers\/","og_locale":"nl_NL","og_type":"article","og_title":"Standaard Kamers - Hotel de Medici","og_description":"De standaard kamers zijn allemaal voorzien van airconditioning en houten vloeren. Deze kamers zijn geclassificeerd als allergievriendelijk en voorzien van \u00e9\u00e9n tweepersoonsbed of twee aparte bedden, al naar gelang uw voorkeur. De kamers kijken uit op de reien voor het hotel of kijken uit op de prachtige Japanse binnentuin of op de straat naast het [&hellip;]","og_url":"https:\/\/hoteldemedici.com\/nl\/kamers-junior-suites\/standaard-kamers\/","og_site_name":"Hotel de Medici","article_modified_time":"2019-11-08T15:49:32+00:00","twitter_card":"summary_large_image","twitter_misc":{"Geschatte leestijd":"1 minuut"},"schema":{"@context":"https:\/\/schema.org","@graph":[{"@type":"WebPage","@id":"https:\/\/hoteldemedici.com\/nl\/kamers-junior-suites\/standaard-kamers\/","url":"https:\/\/hoteldemedici.com\/nl\/kamers-junior-suites\/standaard-kamers\/","name":"Standaard Kamers - Hotel de Medici","isPartOf":{"@id":"https:\/\/hoteldemedici.com\/nl\/#website"},"datePublished":"2019-07-26T15:22:45+00:00","dateModified":"2019-11-08T15:49:32+00:00","breadcrumb":{"@id":"https:\/\/hoteldemedici.com\/nl\/kamers-junior-suites\/standaard-kamers\/#breadcrumb"},"inLanguage":"nl-NL","potentialAction":[{"@type":"ReadAction","target":["https:\/\/hoteldemedici.com\/nl\/kamers-junior-suites\/standaard-kamers\/"]}]},{"@type":"BreadcrumbList","@id":"https:\/\/hoteldemedici.com\/nl\/kamers-junior-suites\/standaard-kamers\/#breadcrumb","itemListElement":[{"@type":"ListItem","position":1,"name":"Home","item":"https:\/\/hoteldemedici.com\/nl\/"},{"@type":"ListItem","position":2,"name":"Kamers &#038; Junior Suites","item":"https:\/\/hoteldemedici.com\/nl\/kamers-junior-suites\/"},{"@type":"ListItem","position":3,"name":"Standaard Kamers"}]},{"@type":"WebSite","@id":"https:\/\/hoteldemedici.com\/nl\/#website","url":"https:\/\/hoteldemedici.com\/nl\/","name":"Hotel de Medici","description":"","potentialAction":[{"@type":"SearchAction","target":{"@type":"EntryPoint","urlTemplate":"https:\/\/hoteldemedici.com\/nl\/?s={search_term_string}"},"query-input":{"@type":"PropertyValueSpecification","valueRequired":true,"valueName":"search_term_string"}}],"inLanguage":"nl-NL"}]}},"acf":[],"_links":{"self":[{"href":"https:\/\/hoteldemedici.com\/nl\/wp-json\/wp\/v2\/pages\/1044","targetHints":{"allow":["GET"]}}],"collection":[{"href":"https:\/\/hoteldemedici.com\/nl\/wp-json\/wp\/v2\/pages"}],"about":[{"href":"https:\/\/hoteldemedici.com\/nl\/wp-json\/wp\/v2\/types\/page"}],"author":[{"embeddable":true,"href":"https:\/\/hoteldemedici.com\/nl\/wp-json\/wp\/v2\/users\/46"}],"replies":[{"embeddable":true,"href":"https:\/\/hoteldemedici.com\/nl\/wp-json\/wp\/v2\/comments?post=1044"}],"version-history":[{"count":0,"href":"https:\/\/hoteldemedici.com\/nl\/wp-json\/wp\/v2\/pages\/1044\/revisions"}],"up":[{"embeddable":true,"href":"https:\/\/hoteldemedici.com\/nl\/wp-json\/wp\/v2\/pages\/1037"}],"wp:attachment":[{"href":"https:\/\/hoteldemedici.com\/nl\/wp-json\/wp\/v2\/media?parent=1044"}],"curies":[{"name":"wp","href":"https:\/\/api.w.org\/{rel}","templated":true}]}}