{"id":3181,"date":"2020-06-11T07:56:38","date_gmt":"2020-06-11T07:56:38","guid":{"rendered":"https:\/\/hoteldemedici.com\/covid19\/"},"modified":"2022-09-06T08:58:07","modified_gmt":"2022-09-06T08:58:07","slug":"greenstay","status":"publish","type":"page","link":"https:\/\/hoteldemedici.com\/fr\/greenstay\/","title":{"rendered":"Green Stay Program"},"content":{"rendered":"<p>R\u00e9compensez-vous avec nos bons de boissons a consommer dans notre bar, en participant \u00e0 notre programme \u201cSEJOUR VERT\u201d, valable uniquement pour les s\u00e9jours multiple nuits (s\u00e9jour de deux nuits au minimum). Si vous adh\u00e9rez au programme \u201cSEJOUR VERT\u201d, vous d\u00e9cliner a toutes les services d\u2019entretien m\u00e9nager pour la journ\u00e9e. Ca comprend tous les services de nettoyage de votre chambre, le caf\u00e9 et produits de salle de bain. Vous pouvez contacter la r\u00e9ception pour des articles suppl\u00e9mentaires si n\u00e9cessaire.\u00a0<br \/>\n* pour les longs s\u00e9jours: Chaque 4i\u00e8me nuit de votre s\u00e9jour, votre chambre sera nettoy\u00e9e &#8211; pas de re\u00e7u de voucher<\/p>\n","protected":false},"excerpt":{"rendered":"<p>R\u00e9compensez-vous avec nos bons de boissons a consommer dans notre bar, en participant \u00e0 notre programme \u201cSEJOUR VERT\u201d, valable uniquement pour les s\u00e9jours multiple nuits (s\u00e9jour de deux nuits au minimum). Si vous adh\u00e9rez au programme \u201cSEJOUR VERT\u201d, vous d\u00e9cliner a toutes les services d\u2019entretien m\u00e9nager pour la journ\u00e9e. Ca comprend tous les services de [&hellip;]<\/p>\n","protected":false},"author":134,"featured_media":0,"parent":0,"menu_order":0,"comment_status":"closed","ping_status":"closed","template":"","meta":{"footnotes":""},"class_list":["post-3181","page","type-page","status-publish","hentry"],"yoast_head":"<!-- This site is optimized with the Yoast SEO plugin v26.9 - https:\/\/yoast.com\/product\/yoast-seo-wordpress\/ -->\n<title>Green Stay Program - Hotel de Medici<\/title>\n<meta name=\"robots\" content=\"index, follow, max-snippet:-1, max-image-preview:large, max-video-preview:-1\" \/>\n<link rel=\"canonical\" href=\"https:\/\/hoteldemedici.com\/fr\/greenstay\/\" \/>\n<meta property=\"og:locale\" content=\"fr_FR\" \/>\n<meta property=\"og:type\" content=\"article\" \/>\n<meta property=\"og:title\" content=\"Green Stay Program - Hotel de Medici\" \/>\n<meta property=\"og:description\" content=\"R\u00e9compensez-vous avec nos bons de boissons a consommer dans notre bar, en participant \u00e0 notre programme \u201cSEJOUR VERT\u201d, valable uniquement pour les s\u00e9jours multiple nuits (s\u00e9jour de deux nuits au minimum). Si vous adh\u00e9rez au programme \u201cSEJOUR VERT\u201d, vous d\u00e9cliner a toutes les services d\u2019entretien m\u00e9nager pour la journ\u00e9e. Ca comprend tous les services de [&hellip;]\" \/>\n<meta property=\"og:url\" content=\"https:\/\/hoteldemedici.com\/fr\/greenstay\/\" \/>\n<meta property=\"og:site_name\" content=\"Hotel de Medici\" \/>\n<meta property=\"article:modified_time\" content=\"2022-09-06T08:58:07+00:00\" \/>\n<meta name=\"twitter:card\" content=\"summary_large_image\" \/>\n<meta name=\"twitter:label1\" content=\"Dur\u00e9e de lecture estim\u00e9e\" \/>\n\t<meta name=\"twitter:data1\" content=\"1 minute\" \/>\n<script type=\"application\/ld+json\" class=\"yoast-schema-graph\">{\"@context\":\"https:\/\/schema.org\",\"@graph\":[{\"@type\":\"WebPage\",\"@id\":\"https:\/\/hoteldemedici.com\/fr\/greenstay\/\",\"url\":\"https:\/\/hoteldemedici.com\/fr\/greenstay\/\",\"name\":\"Green Stay Program - Hotel de Medici\",\"isPartOf\":{\"@id\":\"https:\/\/hoteldemedici.com\/fr\/#website\"},\"datePublished\":\"2020-06-11T07:56:38+00:00\",\"dateModified\":\"2022-09-06T08:58:07+00:00\",\"breadcrumb\":{\"@id\":\"https:\/\/hoteldemedici.com\/fr\/greenstay\/#breadcrumb\"},\"inLanguage\":\"fr-FR\",\"potentialAction\":[{\"@type\":\"ReadAction\",\"target\":[\"https:\/\/hoteldemedici.com\/fr\/greenstay\/\"]}]},{\"@type\":\"BreadcrumbList\",\"@id\":\"https:\/\/hoteldemedici.com\/fr\/greenstay\/#breadcrumb\",\"itemListElement\":[{\"@type\":\"ListItem\",\"position\":1,\"name\":\"Home\",\"item\":\"https:\/\/hoteldemedici.com\/fr\/\"},{\"@type\":\"ListItem\",\"position\":2,\"name\":\"Green Stay Program\"}]},{\"@type\":\"WebSite\",\"@id\":\"https:\/\/hoteldemedici.com\/fr\/#website\",\"url\":\"https:\/\/hoteldemedici.com\/fr\/\",\"name\":\"Hotel de Medici\",\"description\":\"\",\"potentialAction\":[{\"@type\":\"SearchAction\",\"target\":{\"@type\":\"EntryPoint\",\"urlTemplate\":\"https:\/\/hoteldemedici.com\/fr\/?s={search_term_string}\"},\"query-input\":{\"@type\":\"PropertyValueSpecification\",\"valueRequired\":true,\"valueName\":\"search_term_string\"}}],\"inLanguage\":\"fr-FR\"}]}<\/script>\n<!-- \/ Yoast SEO plugin. -->","yoast_head_json":{"title":"Green Stay Program - Hotel de Medici","robots":{"index":"index","follow":"follow","max-snippet":"max-snippet:-1","max-image-preview":"max-image-preview:large","max-video-preview":"max-video-preview:-1"},"canonical":"https:\/\/hoteldemedici.com\/fr\/greenstay\/","og_locale":"fr_FR","og_type":"article","og_title":"Green Stay Program - Hotel de Medici","og_description":"R\u00e9compensez-vous avec nos bons de boissons a consommer dans notre bar, en participant \u00e0 notre programme \u201cSEJOUR VERT\u201d, valable uniquement pour les s\u00e9jours multiple nuits (s\u00e9jour de deux nuits au minimum). Si vous adh\u00e9rez au programme \u201cSEJOUR VERT\u201d, vous d\u00e9cliner a toutes les services d\u2019entretien m\u00e9nager pour la journ\u00e9e. Ca comprend tous les services de [&hellip;]","og_url":"https:\/\/hoteldemedici.com\/fr\/greenstay\/","og_site_name":"Hotel de Medici","article_modified_time":"2022-09-06T08:58:07+00:00","twitter_card":"summary_large_image","twitter_misc":{"Dur\u00e9e de lecture estim\u00e9e":"1 minute"},"schema":{"@context":"https:\/\/schema.org","@graph":[{"@type":"WebPage","@id":"https:\/\/hoteldemedici.com\/fr\/greenstay\/","url":"https:\/\/hoteldemedici.com\/fr\/greenstay\/","name":"Green Stay Program - Hotel de Medici","isPartOf":{"@id":"https:\/\/hoteldemedici.com\/fr\/#website"},"datePublished":"2020-06-11T07:56:38+00:00","dateModified":"2022-09-06T08:58:07+00:00","breadcrumb":{"@id":"https:\/\/hoteldemedici.com\/fr\/greenstay\/#breadcrumb"},"inLanguage":"fr-FR","potentialAction":[{"@type":"ReadAction","target":["https:\/\/hoteldemedici.com\/fr\/greenstay\/"]}]},{"@type":"BreadcrumbList","@id":"https:\/\/hoteldemedici.com\/fr\/greenstay\/#breadcrumb","itemListElement":[{"@type":"ListItem","position":1,"name":"Home","item":"https:\/\/hoteldemedici.com\/fr\/"},{"@type":"ListItem","position":2,"name":"Green Stay Program"}]},{"@type":"WebSite","@id":"https:\/\/hoteldemedici.com\/fr\/#website","url":"https:\/\/hoteldemedici.com\/fr\/","name":"Hotel de Medici","description":"","potentialAction":[{"@type":"SearchAction","target":{"@type":"EntryPoint","urlTemplate":"https:\/\/hoteldemedici.com\/fr\/?s={search_term_string}"},"query-input":{"@type":"PropertyValueSpecification","valueRequired":true,"valueName":"search_term_string"}}],"inLanguage":"fr-FR"}]}},"acf":[],"_links":{"self":[{"href":"https:\/\/hoteldemedici.com\/fr\/wp-json\/wp\/v2\/pages\/3181","targetHints":{"allow":["GET"]}}],"collection":[{"href":"https:\/\/hoteldemedici.com\/fr\/wp-json\/wp\/v2\/pages"}],"about":[{"href":"https:\/\/hoteldemedici.com\/fr\/wp-json\/wp\/v2\/types\/page"}],"author":[{"embeddable":true,"href":"https:\/\/hoteldemedici.com\/fr\/wp-json\/wp\/v2\/users\/134"}],"replies":[{"embeddable":true,"href":"https:\/\/hoteldemedici.com\/fr\/wp-json\/wp\/v2\/comments?post=3181"}],"version-history":[{"count":0,"href":"https:\/\/hoteldemedici.com\/fr\/wp-json\/wp\/v2\/pages\/3181\/revisions"}],"wp:attachment":[{"href":"https:\/\/hoteldemedici.com\/fr\/wp-json\/wp\/v2\/media?parent=3181"}],"curies":[{"name":"wp","href":"https:\/\/api.w.org\/{rel}","templated":true}]}}