{"id":1564,"date":"2019-07-29T14:00:56","date_gmt":"2019-07-29T14:00:56","guid":{"rendered":"http:\/\/hotel-de-medici.ms.decms.eu\/welcome-to-bruges\/"},"modified":"2019-11-08T15:34:10","modified_gmt":"2019-11-08T15:34:10","slug":"bienvenue-a-bruges","status":"publish","type":"page","link":"https:\/\/hoteldemedici.com\/fr\/bienvenue-a-bruges\/","title":{"rendered":"Bienvenue \u00e0 Bruges"},"content":{"rendered":"<p>Si vous envisagez de concevoir une ville m\u00e9di\u00e9vale de conte de f\u00e9es, il serait difficile d&rsquo;am\u00e9liorer le centre de Bruges (Brugge en n\u00e9erlandais), l&rsquo;une des villes les mieux pr\u00e9serv\u00e9es d&rsquo;Europe. Des rues pav\u00e9es et pittoresques et des canaux de r\u00eave relient des march\u00e9s photog\u00e9niques bord\u00e9s de tours en fl\u00e8che, d&rsquo;\u00e9glises historiques et de ruelles, l&rsquo;une apr\u00e8s l&rsquo;autre, de vieux manoirs blanchis \u00e0 la chaux.<\/p>\n","protected":false},"excerpt":{"rendered":"<p>Si vous envisagez de concevoir une ville m\u00e9di\u00e9vale de conte de f\u00e9es, il serait difficile d&rsquo;am\u00e9liorer le centre de Bruges (Brugge en n\u00e9erlandais), l&rsquo;une des villes les mieux pr\u00e9serv\u00e9es d&rsquo;Europe. Des rues pav\u00e9es et pittoresques et des canaux de r\u00eave relient des march\u00e9s photog\u00e9niques bord\u00e9s de tours en fl\u00e8che, d&rsquo;\u00e9glises historiques et de ruelles, l&rsquo;une [&hellip;]<\/p>\n","protected":false},"author":46,"featured_media":0,"parent":0,"menu_order":0,"comment_status":"closed","ping_status":"closed","template":"template-places.php","meta":{"footnotes":""},"class_list":["post-1564","page","type-page","status-publish","hentry"],"yoast_head":"<!-- This site is optimized with the Yoast SEO plugin v26.9 - https:\/\/yoast.com\/product\/yoast-seo-wordpress\/ -->\n<title>Bienvenue \u00e0 Bruges - Hotel de Medici<\/title>\n<meta name=\"robots\" content=\"index, follow, max-snippet:-1, max-image-preview:large, max-video-preview:-1\" \/>\n<link rel=\"canonical\" href=\"https:\/\/hoteldemedici.com\/fr\/bienvenue-a-bruges\/\" \/>\n<meta property=\"og:locale\" content=\"fr_FR\" \/>\n<meta property=\"og:type\" content=\"article\" \/>\n<meta property=\"og:title\" content=\"Bienvenue \u00e0 Bruges - Hotel de Medici\" \/>\n<meta property=\"og:description\" content=\"Si vous envisagez de concevoir une ville m\u00e9di\u00e9vale de conte de f\u00e9es, il serait difficile d&rsquo;am\u00e9liorer le centre de Bruges (Brugge en n\u00e9erlandais), l&rsquo;une des villes les mieux pr\u00e9serv\u00e9es d&rsquo;Europe. Des rues pav\u00e9es et pittoresques et des canaux de r\u00eave relient des march\u00e9s photog\u00e9niques bord\u00e9s de tours en fl\u00e8che, d&rsquo;\u00e9glises historiques et de ruelles, l&rsquo;une [&hellip;]\" \/>\n<meta property=\"og:url\" content=\"https:\/\/hoteldemedici.com\/fr\/bienvenue-a-bruges\/\" \/>\n<meta property=\"og:site_name\" content=\"Hotel de Medici\" \/>\n<meta property=\"article:modified_time\" content=\"2019-11-08T15:34:10+00:00\" \/>\n<meta name=\"twitter:card\" content=\"summary_large_image\" \/>\n<script type=\"application\/ld+json\" class=\"yoast-schema-graph\">{\"@context\":\"https:\/\/schema.org\",\"@graph\":[{\"@type\":\"WebPage\",\"@id\":\"https:\/\/hoteldemedici.com\/fr\/bienvenue-a-bruges\/\",\"url\":\"https:\/\/hoteldemedici.com\/fr\/bienvenue-a-bruges\/\",\"name\":\"Bienvenue \u00e0 Bruges - Hotel de Medici\",\"isPartOf\":{\"@id\":\"https:\/\/hoteldemedici.com\/fr\/#website\"},\"datePublished\":\"2019-07-29T14:00:56+00:00\",\"dateModified\":\"2019-11-08T15:34:10+00:00\",\"breadcrumb\":{\"@id\":\"https:\/\/hoteldemedici.com\/fr\/bienvenue-a-bruges\/#breadcrumb\"},\"inLanguage\":\"fr-FR\",\"potentialAction\":[{\"@type\":\"ReadAction\",\"target\":[\"https:\/\/hoteldemedici.com\/fr\/bienvenue-a-bruges\/\"]}]},{\"@type\":\"BreadcrumbList\",\"@id\":\"https:\/\/hoteldemedici.com\/fr\/bienvenue-a-bruges\/#breadcrumb\",\"itemListElement\":[{\"@type\":\"ListItem\",\"position\":1,\"name\":\"Home\",\"item\":\"https:\/\/hoteldemedici.com\/fr\/\"},{\"@type\":\"ListItem\",\"position\":2,\"name\":\"Bienvenue \u00e0 Bruges\"}]},{\"@type\":\"WebSite\",\"@id\":\"https:\/\/hoteldemedici.com\/fr\/#website\",\"url\":\"https:\/\/hoteldemedici.com\/fr\/\",\"name\":\"Hotel de Medici\",\"description\":\"\",\"potentialAction\":[{\"@type\":\"SearchAction\",\"target\":{\"@type\":\"EntryPoint\",\"urlTemplate\":\"https:\/\/hoteldemedici.com\/fr\/?s={search_term_string}\"},\"query-input\":{\"@type\":\"PropertyValueSpecification\",\"valueRequired\":true,\"valueName\":\"search_term_string\"}}],\"inLanguage\":\"fr-FR\"}]}<\/script>\n<!-- \/ Yoast SEO plugin. -->","yoast_head_json":{"title":"Bienvenue \u00e0 Bruges - Hotel de Medici","robots":{"index":"index","follow":"follow","max-snippet":"max-snippet:-1","max-image-preview":"max-image-preview:large","max-video-preview":"max-video-preview:-1"},"canonical":"https:\/\/hoteldemedici.com\/fr\/bienvenue-a-bruges\/","og_locale":"fr_FR","og_type":"article","og_title":"Bienvenue \u00e0 Bruges - Hotel de Medici","og_description":"Si vous envisagez de concevoir une ville m\u00e9di\u00e9vale de conte de f\u00e9es, il serait difficile d&rsquo;am\u00e9liorer le centre de Bruges (Brugge en n\u00e9erlandais), l&rsquo;une des villes les mieux pr\u00e9serv\u00e9es d&rsquo;Europe. Des rues pav\u00e9es et pittoresques et des canaux de r\u00eave relient des march\u00e9s photog\u00e9niques bord\u00e9s de tours en fl\u00e8che, d&rsquo;\u00e9glises historiques et de ruelles, l&rsquo;une [&hellip;]","og_url":"https:\/\/hoteldemedici.com\/fr\/bienvenue-a-bruges\/","og_site_name":"Hotel de Medici","article_modified_time":"2019-11-08T15:34:10+00:00","twitter_card":"summary_large_image","schema":{"@context":"https:\/\/schema.org","@graph":[{"@type":"WebPage","@id":"https:\/\/hoteldemedici.com\/fr\/bienvenue-a-bruges\/","url":"https:\/\/hoteldemedici.com\/fr\/bienvenue-a-bruges\/","name":"Bienvenue \u00e0 Bruges - Hotel de Medici","isPartOf":{"@id":"https:\/\/hoteldemedici.com\/fr\/#website"},"datePublished":"2019-07-29T14:00:56+00:00","dateModified":"2019-11-08T15:34:10+00:00","breadcrumb":{"@id":"https:\/\/hoteldemedici.com\/fr\/bienvenue-a-bruges\/#breadcrumb"},"inLanguage":"fr-FR","potentialAction":[{"@type":"ReadAction","target":["https:\/\/hoteldemedici.com\/fr\/bienvenue-a-bruges\/"]}]},{"@type":"BreadcrumbList","@id":"https:\/\/hoteldemedici.com\/fr\/bienvenue-a-bruges\/#breadcrumb","itemListElement":[{"@type":"ListItem","position":1,"name":"Home","item":"https:\/\/hoteldemedici.com\/fr\/"},{"@type":"ListItem","position":2,"name":"Bienvenue \u00e0 Bruges"}]},{"@type":"WebSite","@id":"https:\/\/hoteldemedici.com\/fr\/#website","url":"https:\/\/hoteldemedici.com\/fr\/","name":"Hotel de Medici","description":"","potentialAction":[{"@type":"SearchAction","target":{"@type":"EntryPoint","urlTemplate":"https:\/\/hoteldemedici.com\/fr\/?s={search_term_string}"},"query-input":{"@type":"PropertyValueSpecification","valueRequired":true,"valueName":"search_term_string"}}],"inLanguage":"fr-FR"}]}},"acf":[],"_links":{"self":[{"href":"https:\/\/hoteldemedici.com\/fr\/wp-json\/wp\/v2\/pages\/1564","targetHints":{"allow":["GET"]}}],"collection":[{"href":"https:\/\/hoteldemedici.com\/fr\/wp-json\/wp\/v2\/pages"}],"about":[{"href":"https:\/\/hoteldemedici.com\/fr\/wp-json\/wp\/v2\/types\/page"}],"author":[{"embeddable":true,"href":"https:\/\/hoteldemedici.com\/fr\/wp-json\/wp\/v2\/users\/46"}],"replies":[{"embeddable":true,"href":"https:\/\/hoteldemedici.com\/fr\/wp-json\/wp\/v2\/comments?post=1564"}],"version-history":[{"count":0,"href":"https:\/\/hoteldemedici.com\/fr\/wp-json\/wp\/v2\/pages\/1564\/revisions"}],"wp:attachment":[{"href":"https:\/\/hoteldemedici.com\/fr\/wp-json\/wp\/v2\/media?parent=1564"}],"curies":[{"name":"wp","href":"https:\/\/api.w.org\/{rel}","templated":true}]}}