{"id":1508,"date":"2019-07-29T12:55:25","date_gmt":"2019-07-29T12:55:25","guid":{"rendered":"http:\/\/hotel-de-medici.ms.decms.eu\/services-amenities\/pets-friendly\/"},"modified":"2023-09-25T10:42:23","modified_gmt":"2023-09-25T10:42:23","slug":"animaux-de-compagnie","status":"publish","type":"page","link":"https:\/\/hoteldemedici.com\/fr\/services\/animaux-de-compagnie\/","title":{"rendered":"Chiens pas admis"},"content":{"rendered":"<p>Nous avons le regret de vous informer que les chiens ne sont plus admis dans notre h\u00f4tel. Seuls les chiens d&rsquo;assistance sont autoris\u00e9s (les chiens doivent porter leur harnais et avoir leur pi\u00e8ce d&rsquo;identit\u00e9 avec eux). Merci d&rsquo;avance pour votre compr\u00e9hension.<\/p>\n","protected":false},"excerpt":{"rendered":"<p>Nous avons le regret de vous informer que les chiens ne sont plus admis dans notre h\u00f4tel. Seuls les chiens d&rsquo;assistance sont autoris\u00e9s (les chiens doivent porter leur harnais et avoir leur pi\u00e8ce d&rsquo;identit\u00e9 avec eux). Merci d&rsquo;avance pour votre compr\u00e9hension.<\/p>\n","protected":false},"author":46,"featured_media":3248,"parent":1490,"menu_order":8,"comment_status":"closed","ping_status":"closed","template":"","meta":{"footnotes":""},"class_list":["post-1508","page","type-page","status-publish","has-post-thumbnail","hentry"],"yoast_head":"<!-- This site is optimized with the Yoast SEO plugin v26.9 - https:\/\/yoast.com\/product\/yoast-seo-wordpress\/ -->\n<title>Chiens pas admis - Hotel de Medici<\/title>\n<meta name=\"robots\" content=\"index, follow, max-snippet:-1, max-image-preview:large, max-video-preview:-1\" \/>\n<link rel=\"canonical\" href=\"https:\/\/hoteldemedici.com\/fr\/services\/animaux-de-compagnie\/\" \/>\n<meta property=\"og:locale\" content=\"fr_FR\" \/>\n<meta property=\"og:type\" content=\"article\" \/>\n<meta property=\"og:title\" content=\"Chiens pas admis - Hotel de Medici\" \/>\n<meta property=\"og:description\" content=\"Nous avons le regret de vous informer que les chiens ne sont plus admis dans notre h\u00f4tel. Seuls les chiens d&rsquo;assistance sont autoris\u00e9s (les chiens doivent porter leur harnais et avoir leur pi\u00e8ce d&rsquo;identit\u00e9 avec eux). Merci d&rsquo;avance pour votre compr\u00e9hension.\" \/>\n<meta property=\"og:url\" content=\"https:\/\/hoteldemedici.com\/fr\/services\/animaux-de-compagnie\/\" \/>\n<meta property=\"og:site_name\" content=\"Hotel de Medici\" \/>\n<meta property=\"article:modified_time\" content=\"2023-09-25T10:42:23+00:00\" \/>\n<meta property=\"og:image\" content=\"https:\/\/hoteldemedici.com\/wp-content\/uploads\/sites\/69\/2023\/09\/no-pets-e1695638529721.jpg\" \/>\n\t<meta property=\"og:image:width\" content=\"901\" \/>\n\t<meta property=\"og:image:height\" content=\"599\" \/>\n\t<meta property=\"og:image:type\" content=\"image\/jpeg\" \/>\n<meta name=\"twitter:card\" content=\"summary_large_image\" \/>\n<script type=\"application\/ld+json\" class=\"yoast-schema-graph\">{\"@context\":\"https:\/\/schema.org\",\"@graph\":[{\"@type\":\"WebPage\",\"@id\":\"https:\/\/hoteldemedici.com\/fr\/services\/animaux-de-compagnie\/\",\"url\":\"https:\/\/hoteldemedici.com\/fr\/services\/animaux-de-compagnie\/\",\"name\":\"Chiens pas admis - Hotel de Medici\",\"isPartOf\":{\"@id\":\"https:\/\/hoteldemedici.com\/fr\/#website\"},\"primaryImageOfPage\":{\"@id\":\"https:\/\/hoteldemedici.com\/fr\/services\/animaux-de-compagnie\/#primaryimage\"},\"image\":{\"@id\":\"https:\/\/hoteldemedici.com\/fr\/services\/animaux-de-compagnie\/#primaryimage\"},\"thumbnailUrl\":\"https:\/\/hoteldemedici.com\/wp-content\/uploads\/sites\/69\/2023\/09\/no-pets-e1695638529721.jpg\",\"datePublished\":\"2019-07-29T12:55:25+00:00\",\"dateModified\":\"2023-09-25T10:42:23+00:00\",\"breadcrumb\":{\"@id\":\"https:\/\/hoteldemedici.com\/fr\/services\/animaux-de-compagnie\/#breadcrumb\"},\"inLanguage\":\"fr-FR\",\"potentialAction\":[{\"@type\":\"ReadAction\",\"target\":[\"https:\/\/hoteldemedici.com\/fr\/services\/animaux-de-compagnie\/\"]}]},{\"@type\":\"ImageObject\",\"inLanguage\":\"fr-FR\",\"@id\":\"https:\/\/hoteldemedici.com\/fr\/services\/animaux-de-compagnie\/#primaryimage\",\"url\":\"https:\/\/hoteldemedici.com\/wp-content\/uploads\/sites\/69\/2023\/09\/no-pets-e1695638529721.jpg\",\"contentUrl\":\"https:\/\/hoteldemedici.com\/wp-content\/uploads\/sites\/69\/2023\/09\/no-pets-e1695638529721.jpg\",\"width\":901,\"height\":599},{\"@type\":\"BreadcrumbList\",\"@id\":\"https:\/\/hoteldemedici.com\/fr\/services\/animaux-de-compagnie\/#breadcrumb\",\"itemListElement\":[{\"@type\":\"ListItem\",\"position\":1,\"name\":\"Home\",\"item\":\"https:\/\/hoteldemedici.com\/fr\/\"},{\"@type\":\"ListItem\",\"position\":2,\"name\":\"Services\",\"item\":\"https:\/\/hoteldemedici.com\/fr\/services\/\"},{\"@type\":\"ListItem\",\"position\":3,\"name\":\"Chiens pas admis\"}]},{\"@type\":\"WebSite\",\"@id\":\"https:\/\/hoteldemedici.com\/fr\/#website\",\"url\":\"https:\/\/hoteldemedici.com\/fr\/\",\"name\":\"Hotel de Medici\",\"description\":\"\",\"potentialAction\":[{\"@type\":\"SearchAction\",\"target\":{\"@type\":\"EntryPoint\",\"urlTemplate\":\"https:\/\/hoteldemedici.com\/fr\/?s={search_term_string}\"},\"query-input\":{\"@type\":\"PropertyValueSpecification\",\"valueRequired\":true,\"valueName\":\"search_term_string\"}}],\"inLanguage\":\"fr-FR\"}]}<\/script>\n<!-- \/ Yoast SEO plugin. -->","yoast_head_json":{"title":"Chiens pas admis - Hotel de Medici","robots":{"index":"index","follow":"follow","max-snippet":"max-snippet:-1","max-image-preview":"max-image-preview:large","max-video-preview":"max-video-preview:-1"},"canonical":"https:\/\/hoteldemedici.com\/fr\/services\/animaux-de-compagnie\/","og_locale":"fr_FR","og_type":"article","og_title":"Chiens pas admis - Hotel de Medici","og_description":"Nous avons le regret de vous informer que les chiens ne sont plus admis dans notre h\u00f4tel. Seuls les chiens d&rsquo;assistance sont autoris\u00e9s (les chiens doivent porter leur harnais et avoir leur pi\u00e8ce d&rsquo;identit\u00e9 avec eux). Merci d&rsquo;avance pour votre compr\u00e9hension.","og_url":"https:\/\/hoteldemedici.com\/fr\/services\/animaux-de-compagnie\/","og_site_name":"Hotel de Medici","article_modified_time":"2023-09-25T10:42:23+00:00","og_image":[{"width":901,"height":599,"url":"https:\/\/hoteldemedici.com\/wp-content\/uploads\/sites\/69\/2023\/09\/no-pets-e1695638529721.jpg","type":"image\/jpeg"}],"twitter_card":"summary_large_image","schema":{"@context":"https:\/\/schema.org","@graph":[{"@type":"WebPage","@id":"https:\/\/hoteldemedici.com\/fr\/services\/animaux-de-compagnie\/","url":"https:\/\/hoteldemedici.com\/fr\/services\/animaux-de-compagnie\/","name":"Chiens pas admis - Hotel de Medici","isPartOf":{"@id":"https:\/\/hoteldemedici.com\/fr\/#website"},"primaryImageOfPage":{"@id":"https:\/\/hoteldemedici.com\/fr\/services\/animaux-de-compagnie\/#primaryimage"},"image":{"@id":"https:\/\/hoteldemedici.com\/fr\/services\/animaux-de-compagnie\/#primaryimage"},"thumbnailUrl":"https:\/\/hoteldemedici.com\/wp-content\/uploads\/sites\/69\/2023\/09\/no-pets-e1695638529721.jpg","datePublished":"2019-07-29T12:55:25+00:00","dateModified":"2023-09-25T10:42:23+00:00","breadcrumb":{"@id":"https:\/\/hoteldemedici.com\/fr\/services\/animaux-de-compagnie\/#breadcrumb"},"inLanguage":"fr-FR","potentialAction":[{"@type":"ReadAction","target":["https:\/\/hoteldemedici.com\/fr\/services\/animaux-de-compagnie\/"]}]},{"@type":"ImageObject","inLanguage":"fr-FR","@id":"https:\/\/hoteldemedici.com\/fr\/services\/animaux-de-compagnie\/#primaryimage","url":"https:\/\/hoteldemedici.com\/wp-content\/uploads\/sites\/69\/2023\/09\/no-pets-e1695638529721.jpg","contentUrl":"https:\/\/hoteldemedici.com\/wp-content\/uploads\/sites\/69\/2023\/09\/no-pets-e1695638529721.jpg","width":901,"height":599},{"@type":"BreadcrumbList","@id":"https:\/\/hoteldemedici.com\/fr\/services\/animaux-de-compagnie\/#breadcrumb","itemListElement":[{"@type":"ListItem","position":1,"name":"Home","item":"https:\/\/hoteldemedici.com\/fr\/"},{"@type":"ListItem","position":2,"name":"Services","item":"https:\/\/hoteldemedici.com\/fr\/services\/"},{"@type":"ListItem","position":3,"name":"Chiens pas admis"}]},{"@type":"WebSite","@id":"https:\/\/hoteldemedici.com\/fr\/#website","url":"https:\/\/hoteldemedici.com\/fr\/","name":"Hotel de Medici","description":"","potentialAction":[{"@type":"SearchAction","target":{"@type":"EntryPoint","urlTemplate":"https:\/\/hoteldemedici.com\/fr\/?s={search_term_string}"},"query-input":{"@type":"PropertyValueSpecification","valueRequired":true,"valueName":"search_term_string"}}],"inLanguage":"fr-FR"}]}},"acf":[],"_links":{"self":[{"href":"https:\/\/hoteldemedici.com\/fr\/wp-json\/wp\/v2\/pages\/1508","targetHints":{"allow":["GET"]}}],"collection":[{"href":"https:\/\/hoteldemedici.com\/fr\/wp-json\/wp\/v2\/pages"}],"about":[{"href":"https:\/\/hoteldemedici.com\/fr\/wp-json\/wp\/v2\/types\/page"}],"author":[{"embeddable":true,"href":"https:\/\/hoteldemedici.com\/fr\/wp-json\/wp\/v2\/users\/46"}],"replies":[{"embeddable":true,"href":"https:\/\/hoteldemedici.com\/fr\/wp-json\/wp\/v2\/comments?post=1508"}],"version-history":[{"count":0,"href":"https:\/\/hoteldemedici.com\/fr\/wp-json\/wp\/v2\/pages\/1508\/revisions"}],"up":[{"embeddable":true,"href":"https:\/\/hoteldemedici.com\/fr\/wp-json\/wp\/v2\/pages\/1490"}],"wp:featuredmedia":[{"embeddable":true,"href":"https:\/\/hoteldemedici.com\/fr\/wp-json\/wp\/v2\/media\/3248"}],"wp:attachment":[{"href":"https:\/\/hoteldemedici.com\/fr\/wp-json\/wp\/v2\/media?parent=1508"}],"curies":[{"name":"wp","href":"https:\/\/api.w.org\/{rel}","templated":true}]}}