{"id":1506,"date":"2019-07-29T12:53:32","date_gmt":"2019-07-29T12:53:32","guid":{"rendered":"http:\/\/hotel-de-medici.ms.decms.eu\/services-amenities\/free-internet-connection\/"},"modified":"2019-11-08T15:40:02","modified_gmt":"2019-11-08T15:40:02","slug":"wifi-gratuit","status":"publish","type":"page","link":"https:\/\/hoteldemedici.com\/fr\/services\/wifi-gratuit\/","title":{"rendered":"WIFI gratuit"},"content":{"rendered":"<p>Toutes les chambres sont accessibles gratuitement via une connexion Internet WIFI haut d\u00e9bit aliment\u00e9e par HoistGroup. Les connexions WIFI sont s\u00e9curis\u00e9es et tr\u00e8s faciles \u00e0 connecter. Gr\u00e2ce aux puissants \u00e9quipements WIFI ultramodernes de notre h\u00f4tel, vous pouvez en profiter partout en ligne. Pour les clients qui utilisent un appareil Android, vous pouvez \u00e9galement partager vos contenus mobiles sur notre IPTV dans les chambres.<\/p>\n","protected":false},"excerpt":{"rendered":"<p>Toutes les chambres sont accessibles gratuitement via une connexion Internet WIFI haut d\u00e9bit aliment\u00e9e par HoistGroup. Les connexions WIFI sont s\u00e9curis\u00e9es et tr\u00e8s faciles \u00e0 connecter. Gr\u00e2ce aux puissants \u00e9quipements WIFI ultramodernes de notre h\u00f4tel, vous pouvez en profiter partout en ligne. Pour les clients qui utilisent un appareil Android, vous pouvez \u00e9galement partager vos [&hellip;]<\/p>\n","protected":false},"author":46,"featured_media":0,"parent":1490,"menu_order":7,"comment_status":"closed","ping_status":"closed","template":"","meta":{"footnotes":""},"class_list":["post-1506","page","type-page","status-publish","hentry"],"yoast_head":"<!-- This site is optimized with the Yoast SEO plugin v26.9 - https:\/\/yoast.com\/product\/yoast-seo-wordpress\/ -->\n<title>WIFI gratuit - Hotel de Medici<\/title>\n<meta name=\"robots\" content=\"index, follow, max-snippet:-1, max-image-preview:large, max-video-preview:-1\" \/>\n<link rel=\"canonical\" href=\"https:\/\/hoteldemedici.com\/fr\/services\/wifi-gratuit\/\" \/>\n<meta property=\"og:locale\" content=\"fr_FR\" \/>\n<meta property=\"og:type\" content=\"article\" \/>\n<meta property=\"og:title\" content=\"WIFI gratuit - Hotel de Medici\" \/>\n<meta property=\"og:description\" content=\"Toutes les chambres sont accessibles gratuitement via une connexion Internet WIFI haut d\u00e9bit aliment\u00e9e par HoistGroup. Les connexions WIFI sont s\u00e9curis\u00e9es et tr\u00e8s faciles \u00e0 connecter. Gr\u00e2ce aux puissants \u00e9quipements WIFI ultramodernes de notre h\u00f4tel, vous pouvez en profiter partout en ligne. Pour les clients qui utilisent un appareil Android, vous pouvez \u00e9galement partager vos [&hellip;]\" \/>\n<meta property=\"og:url\" content=\"https:\/\/hoteldemedici.com\/fr\/services\/wifi-gratuit\/\" \/>\n<meta property=\"og:site_name\" content=\"Hotel de Medici\" \/>\n<meta property=\"article:modified_time\" content=\"2019-11-08T15:40:02+00:00\" \/>\n<meta name=\"twitter:card\" content=\"summary_large_image\" \/>\n<script type=\"application\/ld+json\" class=\"yoast-schema-graph\">{\"@context\":\"https:\/\/schema.org\",\"@graph\":[{\"@type\":\"WebPage\",\"@id\":\"https:\/\/hoteldemedici.com\/fr\/services\/wifi-gratuit\/\",\"url\":\"https:\/\/hoteldemedici.com\/fr\/services\/wifi-gratuit\/\",\"name\":\"WIFI gratuit - Hotel de Medici\",\"isPartOf\":{\"@id\":\"https:\/\/hoteldemedici.com\/fr\/#website\"},\"datePublished\":\"2019-07-29T12:53:32+00:00\",\"dateModified\":\"2019-11-08T15:40:02+00:00\",\"breadcrumb\":{\"@id\":\"https:\/\/hoteldemedici.com\/fr\/services\/wifi-gratuit\/#breadcrumb\"},\"inLanguage\":\"fr-FR\",\"potentialAction\":[{\"@type\":\"ReadAction\",\"target\":[\"https:\/\/hoteldemedici.com\/fr\/services\/wifi-gratuit\/\"]}]},{\"@type\":\"BreadcrumbList\",\"@id\":\"https:\/\/hoteldemedici.com\/fr\/services\/wifi-gratuit\/#breadcrumb\",\"itemListElement\":[{\"@type\":\"ListItem\",\"position\":1,\"name\":\"Home\",\"item\":\"https:\/\/hoteldemedici.com\/fr\/\"},{\"@type\":\"ListItem\",\"position\":2,\"name\":\"Services\",\"item\":\"https:\/\/hoteldemedici.com\/fr\/services\/\"},{\"@type\":\"ListItem\",\"position\":3,\"name\":\"WIFI gratuit\"}]},{\"@type\":\"WebSite\",\"@id\":\"https:\/\/hoteldemedici.com\/fr\/#website\",\"url\":\"https:\/\/hoteldemedici.com\/fr\/\",\"name\":\"Hotel de Medici\",\"description\":\"\",\"potentialAction\":[{\"@type\":\"SearchAction\",\"target\":{\"@type\":\"EntryPoint\",\"urlTemplate\":\"https:\/\/hoteldemedici.com\/fr\/?s={search_term_string}\"},\"query-input\":{\"@type\":\"PropertyValueSpecification\",\"valueRequired\":true,\"valueName\":\"search_term_string\"}}],\"inLanguage\":\"fr-FR\"}]}<\/script>\n<!-- \/ Yoast SEO plugin. -->","yoast_head_json":{"title":"WIFI gratuit - Hotel de Medici","robots":{"index":"index","follow":"follow","max-snippet":"max-snippet:-1","max-image-preview":"max-image-preview:large","max-video-preview":"max-video-preview:-1"},"canonical":"https:\/\/hoteldemedici.com\/fr\/services\/wifi-gratuit\/","og_locale":"fr_FR","og_type":"article","og_title":"WIFI gratuit - Hotel de Medici","og_description":"Toutes les chambres sont accessibles gratuitement via une connexion Internet WIFI haut d\u00e9bit aliment\u00e9e par HoistGroup. Les connexions WIFI sont s\u00e9curis\u00e9es et tr\u00e8s faciles \u00e0 connecter. Gr\u00e2ce aux puissants \u00e9quipements WIFI ultramodernes de notre h\u00f4tel, vous pouvez en profiter partout en ligne. Pour les clients qui utilisent un appareil Android, vous pouvez \u00e9galement partager vos [&hellip;]","og_url":"https:\/\/hoteldemedici.com\/fr\/services\/wifi-gratuit\/","og_site_name":"Hotel de Medici","article_modified_time":"2019-11-08T15:40:02+00:00","twitter_card":"summary_large_image","schema":{"@context":"https:\/\/schema.org","@graph":[{"@type":"WebPage","@id":"https:\/\/hoteldemedici.com\/fr\/services\/wifi-gratuit\/","url":"https:\/\/hoteldemedici.com\/fr\/services\/wifi-gratuit\/","name":"WIFI gratuit - Hotel de Medici","isPartOf":{"@id":"https:\/\/hoteldemedici.com\/fr\/#website"},"datePublished":"2019-07-29T12:53:32+00:00","dateModified":"2019-11-08T15:40:02+00:00","breadcrumb":{"@id":"https:\/\/hoteldemedici.com\/fr\/services\/wifi-gratuit\/#breadcrumb"},"inLanguage":"fr-FR","potentialAction":[{"@type":"ReadAction","target":["https:\/\/hoteldemedici.com\/fr\/services\/wifi-gratuit\/"]}]},{"@type":"BreadcrumbList","@id":"https:\/\/hoteldemedici.com\/fr\/services\/wifi-gratuit\/#breadcrumb","itemListElement":[{"@type":"ListItem","position":1,"name":"Home","item":"https:\/\/hoteldemedici.com\/fr\/"},{"@type":"ListItem","position":2,"name":"Services","item":"https:\/\/hoteldemedici.com\/fr\/services\/"},{"@type":"ListItem","position":3,"name":"WIFI gratuit"}]},{"@type":"WebSite","@id":"https:\/\/hoteldemedici.com\/fr\/#website","url":"https:\/\/hoteldemedici.com\/fr\/","name":"Hotel de Medici","description":"","potentialAction":[{"@type":"SearchAction","target":{"@type":"EntryPoint","urlTemplate":"https:\/\/hoteldemedici.com\/fr\/?s={search_term_string}"},"query-input":{"@type":"PropertyValueSpecification","valueRequired":true,"valueName":"search_term_string"}}],"inLanguage":"fr-FR"}]}},"acf":[],"_links":{"self":[{"href":"https:\/\/hoteldemedici.com\/fr\/wp-json\/wp\/v2\/pages\/1506","targetHints":{"allow":["GET"]}}],"collection":[{"href":"https:\/\/hoteldemedici.com\/fr\/wp-json\/wp\/v2\/pages"}],"about":[{"href":"https:\/\/hoteldemedici.com\/fr\/wp-json\/wp\/v2\/types\/page"}],"author":[{"embeddable":true,"href":"https:\/\/hoteldemedici.com\/fr\/wp-json\/wp\/v2\/users\/46"}],"replies":[{"embeddable":true,"href":"https:\/\/hoteldemedici.com\/fr\/wp-json\/wp\/v2\/comments?post=1506"}],"version-history":[{"count":0,"href":"https:\/\/hoteldemedici.com\/fr\/wp-json\/wp\/v2\/pages\/1506\/revisions"}],"up":[{"embeddable":true,"href":"https:\/\/hoteldemedici.com\/fr\/wp-json\/wp\/v2\/pages\/1490"}],"wp:attachment":[{"href":"https:\/\/hoteldemedici.com\/fr\/wp-json\/wp\/v2\/media?parent=1506"}],"curies":[{"name":"wp","href":"https:\/\/api.w.org\/{rel}","templated":true}]}}