{"id":1505,"date":"2019-07-29T12:52:24","date_gmt":"2019-07-29T12:52:24","guid":{"rendered":"http:\/\/hotel-de-medici.ms.decms.eu\/services-amenities\/green-stay-program\/"},"modified":"2019-11-08T15:39:44","modified_gmt":"2019-11-08T15:39:44","slug":"programme-sejour-vert","status":"publish","type":"page","link":"https:\/\/hoteldemedici.com\/fr\/services\/programme-sejour-vert\/","title":{"rendered":"Programme \u00ab\u00a0S\u00e9jour vert\u00a0\u00bb"},"content":{"rendered":"<p>R\u00e9compensez-vous avec nos bons de boissons a consommer dans notre bar, en participant \u00e0 notre programme \u201cSEJOUR VERT\u201d, valable uniquement pour les s\u00e9jours multiple nuits (s\u00e9jour de deux nuits au minimum). Si vous adh\u00e9rez au programme \u201cSEJOUR VERT\u201d, vous d\u00e9cliner a toutes les services d\u2019entretien m\u00e9nager pour la journ\u00e9e. Ca comprend tous les services de nettoyage de votre chambre, le caf\u00e9 et produits de salle de bain. Vous pouvez contacter la r\u00e9ception pour des articles suppl\u00e9mentaires si n\u00e9cessaire.<\/p>\n","protected":false},"excerpt":{"rendered":"<p>R\u00e9compensez-vous avec nos bons de boissons a consommer dans notre bar, en participant \u00e0 notre programme \u201cSEJOUR VERT\u201d, valable uniquement pour les s\u00e9jours multiple nuits (s\u00e9jour de deux nuits au minimum). Si vous adh\u00e9rez au programme \u201cSEJOUR VERT\u201d, vous d\u00e9cliner a toutes les services d\u2019entretien m\u00e9nager pour la journ\u00e9e. Ca comprend tous les services de [&hellip;]<\/p>\n","protected":false},"author":46,"featured_media":0,"parent":1490,"menu_order":6,"comment_status":"closed","ping_status":"closed","template":"","meta":{"footnotes":""},"class_list":["post-1505","page","type-page","status-publish","hentry"],"yoast_head":"<!-- This site is optimized with the Yoast SEO plugin v26.9 - https:\/\/yoast.com\/product\/yoast-seo-wordpress\/ -->\n<title>Programme &quot;S\u00e9jour vert&quot; - Hotel de Medici<\/title>\n<meta name=\"robots\" content=\"index, follow, max-snippet:-1, max-image-preview:large, max-video-preview:-1\" \/>\n<link rel=\"canonical\" href=\"https:\/\/hoteldemedici.com\/fr\/services\/programme-sejour-vert\/\" \/>\n<meta property=\"og:locale\" content=\"fr_FR\" \/>\n<meta property=\"og:type\" content=\"article\" \/>\n<meta property=\"og:title\" content=\"Programme &quot;S\u00e9jour vert&quot; - Hotel de Medici\" \/>\n<meta property=\"og:description\" content=\"R\u00e9compensez-vous avec nos bons de boissons a consommer dans notre bar, en participant \u00e0 notre programme \u201cSEJOUR VERT\u201d, valable uniquement pour les s\u00e9jours multiple nuits (s\u00e9jour de deux nuits au minimum). Si vous adh\u00e9rez au programme \u201cSEJOUR VERT\u201d, vous d\u00e9cliner a toutes les services d\u2019entretien m\u00e9nager pour la journ\u00e9e. Ca comprend tous les services de [&hellip;]\" \/>\n<meta property=\"og:url\" content=\"https:\/\/hoteldemedici.com\/fr\/services\/programme-sejour-vert\/\" \/>\n<meta property=\"og:site_name\" content=\"Hotel de Medici\" \/>\n<meta property=\"article:modified_time\" content=\"2019-11-08T15:39:44+00:00\" \/>\n<meta name=\"twitter:card\" content=\"summary_large_image\" \/>\n<script type=\"application\/ld+json\" class=\"yoast-schema-graph\">{\"@context\":\"https:\/\/schema.org\",\"@graph\":[{\"@type\":\"WebPage\",\"@id\":\"https:\/\/hoteldemedici.com\/fr\/services\/programme-sejour-vert\/\",\"url\":\"https:\/\/hoteldemedici.com\/fr\/services\/programme-sejour-vert\/\",\"name\":\"Programme \\\"S\u00e9jour vert\\\" - Hotel de Medici\",\"isPartOf\":{\"@id\":\"https:\/\/hoteldemedici.com\/fr\/#website\"},\"datePublished\":\"2019-07-29T12:52:24+00:00\",\"dateModified\":\"2019-11-08T15:39:44+00:00\",\"breadcrumb\":{\"@id\":\"https:\/\/hoteldemedici.com\/fr\/services\/programme-sejour-vert\/#breadcrumb\"},\"inLanguage\":\"fr-FR\",\"potentialAction\":[{\"@type\":\"ReadAction\",\"target\":[\"https:\/\/hoteldemedici.com\/fr\/services\/programme-sejour-vert\/\"]}]},{\"@type\":\"BreadcrumbList\",\"@id\":\"https:\/\/hoteldemedici.com\/fr\/services\/programme-sejour-vert\/#breadcrumb\",\"itemListElement\":[{\"@type\":\"ListItem\",\"position\":1,\"name\":\"Home\",\"item\":\"https:\/\/hoteldemedici.com\/fr\/\"},{\"@type\":\"ListItem\",\"position\":2,\"name\":\"Services\",\"item\":\"https:\/\/hoteldemedici.com\/fr\/services\/\"},{\"@type\":\"ListItem\",\"position\":3,\"name\":\"Programme \u00ab\u00a0S\u00e9jour vert\u00a0\u00bb\"}]},{\"@type\":\"WebSite\",\"@id\":\"https:\/\/hoteldemedici.com\/fr\/#website\",\"url\":\"https:\/\/hoteldemedici.com\/fr\/\",\"name\":\"Hotel de Medici\",\"description\":\"\",\"potentialAction\":[{\"@type\":\"SearchAction\",\"target\":{\"@type\":\"EntryPoint\",\"urlTemplate\":\"https:\/\/hoteldemedici.com\/fr\/?s={search_term_string}\"},\"query-input\":{\"@type\":\"PropertyValueSpecification\",\"valueRequired\":true,\"valueName\":\"search_term_string\"}}],\"inLanguage\":\"fr-FR\"}]}<\/script>\n<!-- \/ Yoast SEO plugin. -->","yoast_head_json":{"title":"Programme \"S\u00e9jour vert\" - Hotel de Medici","robots":{"index":"index","follow":"follow","max-snippet":"max-snippet:-1","max-image-preview":"max-image-preview:large","max-video-preview":"max-video-preview:-1"},"canonical":"https:\/\/hoteldemedici.com\/fr\/services\/programme-sejour-vert\/","og_locale":"fr_FR","og_type":"article","og_title":"Programme \"S\u00e9jour vert\" - Hotel de Medici","og_description":"R\u00e9compensez-vous avec nos bons de boissons a consommer dans notre bar, en participant \u00e0 notre programme \u201cSEJOUR VERT\u201d, valable uniquement pour les s\u00e9jours multiple nuits (s\u00e9jour de deux nuits au minimum). Si vous adh\u00e9rez au programme \u201cSEJOUR VERT\u201d, vous d\u00e9cliner a toutes les services d\u2019entretien m\u00e9nager pour la journ\u00e9e. Ca comprend tous les services de [&hellip;]","og_url":"https:\/\/hoteldemedici.com\/fr\/services\/programme-sejour-vert\/","og_site_name":"Hotel de Medici","article_modified_time":"2019-11-08T15:39:44+00:00","twitter_card":"summary_large_image","schema":{"@context":"https:\/\/schema.org","@graph":[{"@type":"WebPage","@id":"https:\/\/hoteldemedici.com\/fr\/services\/programme-sejour-vert\/","url":"https:\/\/hoteldemedici.com\/fr\/services\/programme-sejour-vert\/","name":"Programme \"S\u00e9jour vert\" - Hotel de Medici","isPartOf":{"@id":"https:\/\/hoteldemedici.com\/fr\/#website"},"datePublished":"2019-07-29T12:52:24+00:00","dateModified":"2019-11-08T15:39:44+00:00","breadcrumb":{"@id":"https:\/\/hoteldemedici.com\/fr\/services\/programme-sejour-vert\/#breadcrumb"},"inLanguage":"fr-FR","potentialAction":[{"@type":"ReadAction","target":["https:\/\/hoteldemedici.com\/fr\/services\/programme-sejour-vert\/"]}]},{"@type":"BreadcrumbList","@id":"https:\/\/hoteldemedici.com\/fr\/services\/programme-sejour-vert\/#breadcrumb","itemListElement":[{"@type":"ListItem","position":1,"name":"Home","item":"https:\/\/hoteldemedici.com\/fr\/"},{"@type":"ListItem","position":2,"name":"Services","item":"https:\/\/hoteldemedici.com\/fr\/services\/"},{"@type":"ListItem","position":3,"name":"Programme \u00ab\u00a0S\u00e9jour vert\u00a0\u00bb"}]},{"@type":"WebSite","@id":"https:\/\/hoteldemedici.com\/fr\/#website","url":"https:\/\/hoteldemedici.com\/fr\/","name":"Hotel de Medici","description":"","potentialAction":[{"@type":"SearchAction","target":{"@type":"EntryPoint","urlTemplate":"https:\/\/hoteldemedici.com\/fr\/?s={search_term_string}"},"query-input":{"@type":"PropertyValueSpecification","valueRequired":true,"valueName":"search_term_string"}}],"inLanguage":"fr-FR"}]}},"acf":[],"_links":{"self":[{"href":"https:\/\/hoteldemedici.com\/fr\/wp-json\/wp\/v2\/pages\/1505","targetHints":{"allow":["GET"]}}],"collection":[{"href":"https:\/\/hoteldemedici.com\/fr\/wp-json\/wp\/v2\/pages"}],"about":[{"href":"https:\/\/hoteldemedici.com\/fr\/wp-json\/wp\/v2\/types\/page"}],"author":[{"embeddable":true,"href":"https:\/\/hoteldemedici.com\/fr\/wp-json\/wp\/v2\/users\/46"}],"replies":[{"embeddable":true,"href":"https:\/\/hoteldemedici.com\/fr\/wp-json\/wp\/v2\/comments?post=1505"}],"version-history":[{"count":0,"href":"https:\/\/hoteldemedici.com\/fr\/wp-json\/wp\/v2\/pages\/1505\/revisions"}],"up":[{"embeddable":true,"href":"https:\/\/hoteldemedici.com\/fr\/wp-json\/wp\/v2\/pages\/1490"}],"wp:attachment":[{"href":"https:\/\/hoteldemedici.com\/fr\/wp-json\/wp\/v2\/media?parent=1505"}],"curies":[{"name":"wp","href":"https:\/\/api.w.org\/{rel}","templated":true}]}}