{"id":1503,"date":"2019-07-29T12:50:17","date_gmt":"2019-07-29T12:50:17","guid":{"rendered":"http:\/\/hotel-de-medici.ms.decms.eu\/services-amenities\/underground-parking\/"},"modified":"2025-01-13T12:39:37","modified_gmt":"2025-01-13T12:39:37","slug":"parking-souterrain","status":"publish","type":"page","link":"https:\/\/hoteldemedici.com\/fr\/services\/parking-souterrain\/","title":{"rendered":"Parking souterrain"},"content":{"rendered":"<p>L&rsquo; h\u00f4tel est facilement accessible par les transports en commun ou en voiture et dispose d&rsquo;un garage souterrain priv\u00e9 d&rsquo;environ 35 voitures, avec un suppl\u00e9ment. La r\u00e9servation du parking n&rsquo;est PAS possible, sous r\u00e9serve de disponibilit\u00e9 de l&rsquo;h\u00f4tel. <\/p>\n","protected":false},"excerpt":{"rendered":"<p>L&rsquo; h\u00f4tel est facilement accessible par les transports en commun ou en voiture et dispose d&rsquo;un garage souterrain priv\u00e9 d&rsquo;environ 35 voitures, avec un suppl\u00e9ment. La r\u00e9servation du parking n&rsquo;est PAS possible, sous r\u00e9serve de disponibilit\u00e9 de l&rsquo;h\u00f4tel.<\/p>\n","protected":false},"author":46,"featured_media":3292,"parent":1490,"menu_order":5,"comment_status":"closed","ping_status":"closed","template":"","meta":{"footnotes":""},"class_list":["post-1503","page","type-page","status-publish","has-post-thumbnail","hentry"],"yoast_head":"<!-- This site is optimized with the Yoast SEO plugin v26.9 - https:\/\/yoast.com\/product\/yoast-seo-wordpress\/ -->\n<title>Parking souterrain - Hotel de Medici<\/title>\n<meta name=\"robots\" content=\"index, follow, max-snippet:-1, max-image-preview:large, max-video-preview:-1\" \/>\n<link rel=\"canonical\" href=\"https:\/\/hoteldemedici.com\/fr\/services\/parking-souterrain\/\" \/>\n<meta property=\"og:locale\" content=\"fr_FR\" \/>\n<meta property=\"og:type\" content=\"article\" \/>\n<meta property=\"og:title\" content=\"Parking souterrain - Hotel de Medici\" \/>\n<meta property=\"og:description\" content=\"L&rsquo; h\u00f4tel est facilement accessible par les transports en commun ou en voiture et dispose d&rsquo;un garage souterrain priv\u00e9 d&rsquo;environ 35 voitures, avec un suppl\u00e9ment. La r\u00e9servation du parking n&rsquo;est PAS possible, sous r\u00e9serve de disponibilit\u00e9 de l&rsquo;h\u00f4tel.\" \/>\n<meta property=\"og:url\" content=\"https:\/\/hoteldemedici.com\/fr\/services\/parking-souterrain\/\" \/>\n<meta property=\"og:site_name\" content=\"Hotel de Medici\" \/>\n<meta property=\"article:modified_time\" content=\"2025-01-13T12:39:37+00:00\" \/>\n<meta property=\"og:image\" content=\"https:\/\/hoteldemedici.com\/wp-content\/uploads\/sites\/69\/2019\/07\/Back-Look.jpg\" \/>\n\t<meta property=\"og:image:width\" content=\"1200\" \/>\n\t<meta property=\"og:image:height\" content=\"655\" \/>\n\t<meta property=\"og:image:type\" content=\"image\/jpeg\" \/>\n<meta name=\"twitter:card\" content=\"summary_large_image\" \/>\n<meta name=\"twitter:label1\" content=\"Dur\u00e9e de lecture estim\u00e9e\" \/>\n\t<meta name=\"twitter:data1\" content=\"1 minute\" \/>\n<script type=\"application\/ld+json\" class=\"yoast-schema-graph\">{\"@context\":\"https:\/\/schema.org\",\"@graph\":[{\"@type\":\"WebPage\",\"@id\":\"https:\/\/hoteldemedici.com\/fr\/services\/parking-souterrain\/\",\"url\":\"https:\/\/hoteldemedici.com\/fr\/services\/parking-souterrain\/\",\"name\":\"Parking souterrain - Hotel de Medici\",\"isPartOf\":{\"@id\":\"https:\/\/hoteldemedici.com\/fr\/#website\"},\"primaryImageOfPage\":{\"@id\":\"https:\/\/hoteldemedici.com\/fr\/services\/parking-souterrain\/#primaryimage\"},\"image\":{\"@id\":\"https:\/\/hoteldemedici.com\/fr\/services\/parking-souterrain\/#primaryimage\"},\"thumbnailUrl\":\"https:\/\/hoteldemedici.com\/wp-content\/uploads\/sites\/69\/2019\/07\/Back-Look.jpg\",\"datePublished\":\"2019-07-29T12:50:17+00:00\",\"dateModified\":\"2025-01-13T12:39:37+00:00\",\"breadcrumb\":{\"@id\":\"https:\/\/hoteldemedici.com\/fr\/services\/parking-souterrain\/#breadcrumb\"},\"inLanguage\":\"fr-FR\",\"potentialAction\":[{\"@type\":\"ReadAction\",\"target\":[\"https:\/\/hoteldemedici.com\/fr\/services\/parking-souterrain\/\"]}]},{\"@type\":\"ImageObject\",\"inLanguage\":\"fr-FR\",\"@id\":\"https:\/\/hoteldemedici.com\/fr\/services\/parking-souterrain\/#primaryimage\",\"url\":\"https:\/\/hoteldemedici.com\/wp-content\/uploads\/sites\/69\/2019\/07\/Back-Look.jpg\",\"contentUrl\":\"https:\/\/hoteldemedici.com\/wp-content\/uploads\/sites\/69\/2019\/07\/Back-Look.jpg\",\"width\":1200,\"height\":655},{\"@type\":\"BreadcrumbList\",\"@id\":\"https:\/\/hoteldemedici.com\/fr\/services\/parking-souterrain\/#breadcrumb\",\"itemListElement\":[{\"@type\":\"ListItem\",\"position\":1,\"name\":\"Home\",\"item\":\"https:\/\/hoteldemedici.com\/fr\/\"},{\"@type\":\"ListItem\",\"position\":2,\"name\":\"Services\",\"item\":\"https:\/\/hoteldemedici.com\/fr\/services\/\"},{\"@type\":\"ListItem\",\"position\":3,\"name\":\"Parking souterrain\"}]},{\"@type\":\"WebSite\",\"@id\":\"https:\/\/hoteldemedici.com\/fr\/#website\",\"url\":\"https:\/\/hoteldemedici.com\/fr\/\",\"name\":\"Hotel de Medici\",\"description\":\"\",\"potentialAction\":[{\"@type\":\"SearchAction\",\"target\":{\"@type\":\"EntryPoint\",\"urlTemplate\":\"https:\/\/hoteldemedici.com\/fr\/?s={search_term_string}\"},\"query-input\":{\"@type\":\"PropertyValueSpecification\",\"valueRequired\":true,\"valueName\":\"search_term_string\"}}],\"inLanguage\":\"fr-FR\"}]}<\/script>\n<!-- \/ Yoast SEO plugin. -->","yoast_head_json":{"title":"Parking souterrain - Hotel de Medici","robots":{"index":"index","follow":"follow","max-snippet":"max-snippet:-1","max-image-preview":"max-image-preview:large","max-video-preview":"max-video-preview:-1"},"canonical":"https:\/\/hoteldemedici.com\/fr\/services\/parking-souterrain\/","og_locale":"fr_FR","og_type":"article","og_title":"Parking souterrain - Hotel de Medici","og_description":"L&rsquo; h\u00f4tel est facilement accessible par les transports en commun ou en voiture et dispose d&rsquo;un garage souterrain priv\u00e9 d&rsquo;environ 35 voitures, avec un suppl\u00e9ment. La r\u00e9servation du parking n&rsquo;est PAS possible, sous r\u00e9serve de disponibilit\u00e9 de l&rsquo;h\u00f4tel.","og_url":"https:\/\/hoteldemedici.com\/fr\/services\/parking-souterrain\/","og_site_name":"Hotel de Medici","article_modified_time":"2025-01-13T12:39:37+00:00","og_image":[{"width":1200,"height":655,"url":"https:\/\/hoteldemedici.com\/wp-content\/uploads\/sites\/69\/2019\/07\/Back-Look.jpg","type":"image\/jpeg"}],"twitter_card":"summary_large_image","twitter_misc":{"Dur\u00e9e de lecture estim\u00e9e":"1 minute"},"schema":{"@context":"https:\/\/schema.org","@graph":[{"@type":"WebPage","@id":"https:\/\/hoteldemedici.com\/fr\/services\/parking-souterrain\/","url":"https:\/\/hoteldemedici.com\/fr\/services\/parking-souterrain\/","name":"Parking souterrain - Hotel de Medici","isPartOf":{"@id":"https:\/\/hoteldemedici.com\/fr\/#website"},"primaryImageOfPage":{"@id":"https:\/\/hoteldemedici.com\/fr\/services\/parking-souterrain\/#primaryimage"},"image":{"@id":"https:\/\/hoteldemedici.com\/fr\/services\/parking-souterrain\/#primaryimage"},"thumbnailUrl":"https:\/\/hoteldemedici.com\/wp-content\/uploads\/sites\/69\/2019\/07\/Back-Look.jpg","datePublished":"2019-07-29T12:50:17+00:00","dateModified":"2025-01-13T12:39:37+00:00","breadcrumb":{"@id":"https:\/\/hoteldemedici.com\/fr\/services\/parking-souterrain\/#breadcrumb"},"inLanguage":"fr-FR","potentialAction":[{"@type":"ReadAction","target":["https:\/\/hoteldemedici.com\/fr\/services\/parking-souterrain\/"]}]},{"@type":"ImageObject","inLanguage":"fr-FR","@id":"https:\/\/hoteldemedici.com\/fr\/services\/parking-souterrain\/#primaryimage","url":"https:\/\/hoteldemedici.com\/wp-content\/uploads\/sites\/69\/2019\/07\/Back-Look.jpg","contentUrl":"https:\/\/hoteldemedici.com\/wp-content\/uploads\/sites\/69\/2019\/07\/Back-Look.jpg","width":1200,"height":655},{"@type":"BreadcrumbList","@id":"https:\/\/hoteldemedici.com\/fr\/services\/parking-souterrain\/#breadcrumb","itemListElement":[{"@type":"ListItem","position":1,"name":"Home","item":"https:\/\/hoteldemedici.com\/fr\/"},{"@type":"ListItem","position":2,"name":"Services","item":"https:\/\/hoteldemedici.com\/fr\/services\/"},{"@type":"ListItem","position":3,"name":"Parking souterrain"}]},{"@type":"WebSite","@id":"https:\/\/hoteldemedici.com\/fr\/#website","url":"https:\/\/hoteldemedici.com\/fr\/","name":"Hotel de Medici","description":"","potentialAction":[{"@type":"SearchAction","target":{"@type":"EntryPoint","urlTemplate":"https:\/\/hoteldemedici.com\/fr\/?s={search_term_string}"},"query-input":{"@type":"PropertyValueSpecification","valueRequired":true,"valueName":"search_term_string"}}],"inLanguage":"fr-FR"}]}},"acf":[],"_links":{"self":[{"href":"https:\/\/hoteldemedici.com\/fr\/wp-json\/wp\/v2\/pages\/1503","targetHints":{"allow":["GET"]}}],"collection":[{"href":"https:\/\/hoteldemedici.com\/fr\/wp-json\/wp\/v2\/pages"}],"about":[{"href":"https:\/\/hoteldemedici.com\/fr\/wp-json\/wp\/v2\/types\/page"}],"author":[{"embeddable":true,"href":"https:\/\/hoteldemedici.com\/fr\/wp-json\/wp\/v2\/users\/46"}],"replies":[{"embeddable":true,"href":"https:\/\/hoteldemedici.com\/fr\/wp-json\/wp\/v2\/comments?post=1503"}],"version-history":[{"count":0,"href":"https:\/\/hoteldemedici.com\/fr\/wp-json\/wp\/v2\/pages\/1503\/revisions"}],"up":[{"embeddable":true,"href":"https:\/\/hoteldemedici.com\/fr\/wp-json\/wp\/v2\/pages\/1490"}],"wp:featuredmedia":[{"embeddable":true,"href":"https:\/\/hoteldemedici.com\/fr\/wp-json\/wp\/v2\/media\/3292"}],"wp:attachment":[{"href":"https:\/\/hoteldemedici.com\/fr\/wp-json\/wp\/v2\/media?parent=1503"}],"curies":[{"name":"wp","href":"https:\/\/api.w.org\/{rel}","templated":true}]}}