{"id":1497,"date":"2019-07-29T12:44:52","date_gmt":"2019-07-29T12:44:52","guid":{"rendered":"http:\/\/hotel-de-medici.ms.decms.eu\/services-amenities\/lounge-bar-damme\/"},"modified":"2019-09-12T09:56:37","modified_gmt":"2019-09-12T09:56:37","slug":"lounge-bar-damme","status":"publish","type":"page","link":"https:\/\/hoteldemedici.com\/fr\/services\/lounge-bar-damme\/","title":{"rendered":"Lounge bar \u00ab\u00a0Damme\u00a0\u00bb"},"content":{"rendered":"<p>Temps de d\u00e9tente pour prendre un verre au bar. Notre bar-salon \u00abDamme\u00bb est ouvert tous les jours de 16h30 \u00e0 23h30. Vous pouvez \u00e9galement b\u00e9n\u00e9ficier d&rsquo;une r\u00e9duction int\u00e9ressante pendant nos heures de f\u00eate, entre 16h30 et 18h30. Room-service est disponibles de 17h00 \u00e0 22h00.<\/p>\n","protected":false},"excerpt":{"rendered":"<p>Temps de d\u00e9tente pour prendre un verre au bar. Notre bar-salon \u00abDamme\u00bb est ouvert tous les jours de 16h30 \u00e0 23h30. Vous pouvez \u00e9galement b\u00e9n\u00e9ficier d&rsquo;une r\u00e9duction int\u00e9ressante pendant nos heures de f\u00eate, entre 16h30 et 18h30. Room-service est disponibles de 17h00 \u00e0 22h00.<\/p>\n","protected":false},"author":46,"featured_media":0,"parent":1490,"menu_order":2,"comment_status":"closed","ping_status":"closed","template":"","meta":{"footnotes":""},"class_list":["post-1497","page","type-page","status-publish","hentry"],"yoast_head":"<!-- This site is optimized with the Yoast SEO plugin v26.9 - https:\/\/yoast.com\/product\/yoast-seo-wordpress\/ -->\n<title>Lounge bar &quot;Damme&quot; - Hotel de Medici<\/title>\n<meta name=\"robots\" content=\"index, follow, max-snippet:-1, max-image-preview:large, max-video-preview:-1\" \/>\n<link rel=\"canonical\" href=\"https:\/\/hoteldemedici.com\/fr\/services\/lounge-bar-damme\/\" \/>\n<meta property=\"og:locale\" content=\"fr_FR\" \/>\n<meta property=\"og:type\" content=\"article\" \/>\n<meta property=\"og:title\" content=\"Lounge bar &quot;Damme&quot; - Hotel de Medici\" \/>\n<meta property=\"og:description\" content=\"Temps de d\u00e9tente pour prendre un verre au bar. Notre bar-salon \u00abDamme\u00bb est ouvert tous les jours de 16h30 \u00e0 23h30. Vous pouvez \u00e9galement b\u00e9n\u00e9ficier d&rsquo;une r\u00e9duction int\u00e9ressante pendant nos heures de f\u00eate, entre 16h30 et 18h30. Room-service est disponibles de 17h00 \u00e0 22h00.\" \/>\n<meta property=\"og:url\" content=\"https:\/\/hoteldemedici.com\/fr\/services\/lounge-bar-damme\/\" \/>\n<meta property=\"og:site_name\" content=\"Hotel de Medici\" \/>\n<meta property=\"article:modified_time\" content=\"2019-09-12T09:56:37+00:00\" \/>\n<meta name=\"twitter:card\" content=\"summary_large_image\" \/>\n<script type=\"application\/ld+json\" class=\"yoast-schema-graph\">{\"@context\":\"https:\/\/schema.org\",\"@graph\":[{\"@type\":\"WebPage\",\"@id\":\"https:\/\/hoteldemedici.com\/fr\/services\/lounge-bar-damme\/\",\"url\":\"https:\/\/hoteldemedici.com\/fr\/services\/lounge-bar-damme\/\",\"name\":\"Lounge bar \\\"Damme\\\" - Hotel de Medici\",\"isPartOf\":{\"@id\":\"https:\/\/hoteldemedici.com\/fr\/#website\"},\"datePublished\":\"2019-07-29T12:44:52+00:00\",\"dateModified\":\"2019-09-12T09:56:37+00:00\",\"breadcrumb\":{\"@id\":\"https:\/\/hoteldemedici.com\/fr\/services\/lounge-bar-damme\/#breadcrumb\"},\"inLanguage\":\"fr-FR\",\"potentialAction\":[{\"@type\":\"ReadAction\",\"target\":[\"https:\/\/hoteldemedici.com\/fr\/services\/lounge-bar-damme\/\"]}]},{\"@type\":\"BreadcrumbList\",\"@id\":\"https:\/\/hoteldemedici.com\/fr\/services\/lounge-bar-damme\/#breadcrumb\",\"itemListElement\":[{\"@type\":\"ListItem\",\"position\":1,\"name\":\"Home\",\"item\":\"https:\/\/hoteldemedici.com\/fr\/\"},{\"@type\":\"ListItem\",\"position\":2,\"name\":\"Services\",\"item\":\"https:\/\/hoteldemedici.com\/fr\/services\/\"},{\"@type\":\"ListItem\",\"position\":3,\"name\":\"Lounge bar \u00ab\u00a0Damme\u00a0\u00bb\"}]},{\"@type\":\"WebSite\",\"@id\":\"https:\/\/hoteldemedici.com\/fr\/#website\",\"url\":\"https:\/\/hoteldemedici.com\/fr\/\",\"name\":\"Hotel de Medici\",\"description\":\"\",\"potentialAction\":[{\"@type\":\"SearchAction\",\"target\":{\"@type\":\"EntryPoint\",\"urlTemplate\":\"https:\/\/hoteldemedici.com\/fr\/?s={search_term_string}\"},\"query-input\":{\"@type\":\"PropertyValueSpecification\",\"valueRequired\":true,\"valueName\":\"search_term_string\"}}],\"inLanguage\":\"fr-FR\"}]}<\/script>\n<!-- \/ Yoast SEO plugin. -->","yoast_head_json":{"title":"Lounge bar \"Damme\" - Hotel de Medici","robots":{"index":"index","follow":"follow","max-snippet":"max-snippet:-1","max-image-preview":"max-image-preview:large","max-video-preview":"max-video-preview:-1"},"canonical":"https:\/\/hoteldemedici.com\/fr\/services\/lounge-bar-damme\/","og_locale":"fr_FR","og_type":"article","og_title":"Lounge bar \"Damme\" - Hotel de Medici","og_description":"Temps de d\u00e9tente pour prendre un verre au bar. Notre bar-salon \u00abDamme\u00bb est ouvert tous les jours de 16h30 \u00e0 23h30. Vous pouvez \u00e9galement b\u00e9n\u00e9ficier d&rsquo;une r\u00e9duction int\u00e9ressante pendant nos heures de f\u00eate, entre 16h30 et 18h30. Room-service est disponibles de 17h00 \u00e0 22h00.","og_url":"https:\/\/hoteldemedici.com\/fr\/services\/lounge-bar-damme\/","og_site_name":"Hotel de Medici","article_modified_time":"2019-09-12T09:56:37+00:00","twitter_card":"summary_large_image","schema":{"@context":"https:\/\/schema.org","@graph":[{"@type":"WebPage","@id":"https:\/\/hoteldemedici.com\/fr\/services\/lounge-bar-damme\/","url":"https:\/\/hoteldemedici.com\/fr\/services\/lounge-bar-damme\/","name":"Lounge bar \"Damme\" - Hotel de Medici","isPartOf":{"@id":"https:\/\/hoteldemedici.com\/fr\/#website"},"datePublished":"2019-07-29T12:44:52+00:00","dateModified":"2019-09-12T09:56:37+00:00","breadcrumb":{"@id":"https:\/\/hoteldemedici.com\/fr\/services\/lounge-bar-damme\/#breadcrumb"},"inLanguage":"fr-FR","potentialAction":[{"@type":"ReadAction","target":["https:\/\/hoteldemedici.com\/fr\/services\/lounge-bar-damme\/"]}]},{"@type":"BreadcrumbList","@id":"https:\/\/hoteldemedici.com\/fr\/services\/lounge-bar-damme\/#breadcrumb","itemListElement":[{"@type":"ListItem","position":1,"name":"Home","item":"https:\/\/hoteldemedici.com\/fr\/"},{"@type":"ListItem","position":2,"name":"Services","item":"https:\/\/hoteldemedici.com\/fr\/services\/"},{"@type":"ListItem","position":3,"name":"Lounge bar \u00ab\u00a0Damme\u00a0\u00bb"}]},{"@type":"WebSite","@id":"https:\/\/hoteldemedici.com\/fr\/#website","url":"https:\/\/hoteldemedici.com\/fr\/","name":"Hotel de Medici","description":"","potentialAction":[{"@type":"SearchAction","target":{"@type":"EntryPoint","urlTemplate":"https:\/\/hoteldemedici.com\/fr\/?s={search_term_string}"},"query-input":{"@type":"PropertyValueSpecification","valueRequired":true,"valueName":"search_term_string"}}],"inLanguage":"fr-FR"}]}},"acf":[],"_links":{"self":[{"href":"https:\/\/hoteldemedici.com\/fr\/wp-json\/wp\/v2\/pages\/1497","targetHints":{"allow":["GET"]}}],"collection":[{"href":"https:\/\/hoteldemedici.com\/fr\/wp-json\/wp\/v2\/pages"}],"about":[{"href":"https:\/\/hoteldemedici.com\/fr\/wp-json\/wp\/v2\/types\/page"}],"author":[{"embeddable":true,"href":"https:\/\/hoteldemedici.com\/fr\/wp-json\/wp\/v2\/users\/46"}],"replies":[{"embeddable":true,"href":"https:\/\/hoteldemedici.com\/fr\/wp-json\/wp\/v2\/comments?post=1497"}],"version-history":[{"count":0,"href":"https:\/\/hoteldemedici.com\/fr\/wp-json\/wp\/v2\/pages\/1497\/revisions"}],"up":[{"embeddable":true,"href":"https:\/\/hoteldemedici.com\/fr\/wp-json\/wp\/v2\/pages\/1490"}],"wp:attachment":[{"href":"https:\/\/hoteldemedici.com\/fr\/wp-json\/wp\/v2\/media?parent=1497"}],"curies":[{"name":"wp","href":"https:\/\/api.w.org\/{rel}","templated":true}]}}