{"id":1494,"date":"2019-07-29T12:43:59","date_gmt":"2019-07-29T12:43:59","guid":{"rendered":"http:\/\/hotel-de-medici.ms.decms.eu\/services-amenities\/restaurant-aigle-belgica\/"},"modified":"2019-11-08T15:38:15","modified_gmt":"2019-11-08T15:38:15","slug":"restaurant-aigle-belgica","status":"publish","type":"page","link":"https:\/\/hoteldemedici.com\/fr\/services\/restaurant-aigle-belgica\/","title":{"rendered":"Restaurant \u00ab\u00a0Aigle Belgica\u00a0\u00bb"},"content":{"rendered":"<p>Commencez votre journ\u00e9e dans le bon sens. Chaque matin, vous pourrez d\u00e9guster un copieux petit-d\u00e9jeuner buffet am\u00e9ricain. Il y en a pour tous les go\u00fbts et vous avez le choix entre des plats chauds et froids, des pains vari\u00e9s, de la charcuterie, du fromage et de la confiture.<\/p>\n","protected":false},"excerpt":{"rendered":"<p>Commencez votre journ\u00e9e dans le bon sens. Chaque matin, vous pourrez d\u00e9guster un copieux petit-d\u00e9jeuner buffet am\u00e9ricain. Il y en a pour tous les go\u00fbts et vous avez le choix entre des plats chauds et froids, des pains vari\u00e9s, de la charcuterie, du fromage et de la confiture.<\/p>\n","protected":false},"author":46,"featured_media":0,"parent":1490,"menu_order":1,"comment_status":"closed","ping_status":"closed","template":"","meta":{"footnotes":""},"class_list":["post-1494","page","type-page","status-publish","hentry"],"yoast_head":"<!-- This site is optimized with the Yoast SEO plugin v26.9 - https:\/\/yoast.com\/product\/yoast-seo-wordpress\/ -->\n<title>Restaurant &quot;Aigle Belgica&quot; - Hotel de Medici<\/title>\n<meta name=\"robots\" content=\"index, follow, max-snippet:-1, max-image-preview:large, max-video-preview:-1\" \/>\n<link rel=\"canonical\" href=\"https:\/\/hoteldemedici.com\/fr\/services\/restaurant-aigle-belgica\/\" \/>\n<meta property=\"og:locale\" content=\"fr_FR\" \/>\n<meta property=\"og:type\" content=\"article\" \/>\n<meta property=\"og:title\" content=\"Restaurant &quot;Aigle Belgica&quot; - Hotel de Medici\" \/>\n<meta property=\"og:description\" content=\"Commencez votre journ\u00e9e dans le bon sens. Chaque matin, vous pourrez d\u00e9guster un copieux petit-d\u00e9jeuner buffet am\u00e9ricain. Il y en a pour tous les go\u00fbts et vous avez le choix entre des plats chauds et froids, des pains vari\u00e9s, de la charcuterie, du fromage et de la confiture.\" \/>\n<meta property=\"og:url\" content=\"https:\/\/hoteldemedici.com\/fr\/services\/restaurant-aigle-belgica\/\" \/>\n<meta property=\"og:site_name\" content=\"Hotel de Medici\" \/>\n<meta property=\"article:modified_time\" content=\"2019-11-08T15:38:15+00:00\" \/>\n<meta name=\"twitter:card\" content=\"summary_large_image\" \/>\n<script type=\"application\/ld+json\" class=\"yoast-schema-graph\">{\"@context\":\"https:\/\/schema.org\",\"@graph\":[{\"@type\":\"WebPage\",\"@id\":\"https:\/\/hoteldemedici.com\/fr\/services\/restaurant-aigle-belgica\/\",\"url\":\"https:\/\/hoteldemedici.com\/fr\/services\/restaurant-aigle-belgica\/\",\"name\":\"Restaurant \\\"Aigle Belgica\\\" - Hotel de Medici\",\"isPartOf\":{\"@id\":\"https:\/\/hoteldemedici.com\/fr\/#website\"},\"datePublished\":\"2019-07-29T12:43:59+00:00\",\"dateModified\":\"2019-11-08T15:38:15+00:00\",\"breadcrumb\":{\"@id\":\"https:\/\/hoteldemedici.com\/fr\/services\/restaurant-aigle-belgica\/#breadcrumb\"},\"inLanguage\":\"fr-FR\",\"potentialAction\":[{\"@type\":\"ReadAction\",\"target\":[\"https:\/\/hoteldemedici.com\/fr\/services\/restaurant-aigle-belgica\/\"]}]},{\"@type\":\"BreadcrumbList\",\"@id\":\"https:\/\/hoteldemedici.com\/fr\/services\/restaurant-aigle-belgica\/#breadcrumb\",\"itemListElement\":[{\"@type\":\"ListItem\",\"position\":1,\"name\":\"Home\",\"item\":\"https:\/\/hoteldemedici.com\/fr\/\"},{\"@type\":\"ListItem\",\"position\":2,\"name\":\"Services\",\"item\":\"https:\/\/hoteldemedici.com\/fr\/services\/\"},{\"@type\":\"ListItem\",\"position\":3,\"name\":\"Restaurant \u00ab\u00a0Aigle Belgica\u00a0\u00bb\"}]},{\"@type\":\"WebSite\",\"@id\":\"https:\/\/hoteldemedici.com\/fr\/#website\",\"url\":\"https:\/\/hoteldemedici.com\/fr\/\",\"name\":\"Hotel de Medici\",\"description\":\"\",\"potentialAction\":[{\"@type\":\"SearchAction\",\"target\":{\"@type\":\"EntryPoint\",\"urlTemplate\":\"https:\/\/hoteldemedici.com\/fr\/?s={search_term_string}\"},\"query-input\":{\"@type\":\"PropertyValueSpecification\",\"valueRequired\":true,\"valueName\":\"search_term_string\"}}],\"inLanguage\":\"fr-FR\"}]}<\/script>\n<!-- \/ Yoast SEO plugin. -->","yoast_head_json":{"title":"Restaurant \"Aigle Belgica\" - Hotel de Medici","robots":{"index":"index","follow":"follow","max-snippet":"max-snippet:-1","max-image-preview":"max-image-preview:large","max-video-preview":"max-video-preview:-1"},"canonical":"https:\/\/hoteldemedici.com\/fr\/services\/restaurant-aigle-belgica\/","og_locale":"fr_FR","og_type":"article","og_title":"Restaurant \"Aigle Belgica\" - Hotel de Medici","og_description":"Commencez votre journ\u00e9e dans le bon sens. Chaque matin, vous pourrez d\u00e9guster un copieux petit-d\u00e9jeuner buffet am\u00e9ricain. Il y en a pour tous les go\u00fbts et vous avez le choix entre des plats chauds et froids, des pains vari\u00e9s, de la charcuterie, du fromage et de la confiture.","og_url":"https:\/\/hoteldemedici.com\/fr\/services\/restaurant-aigle-belgica\/","og_site_name":"Hotel de Medici","article_modified_time":"2019-11-08T15:38:15+00:00","twitter_card":"summary_large_image","schema":{"@context":"https:\/\/schema.org","@graph":[{"@type":"WebPage","@id":"https:\/\/hoteldemedici.com\/fr\/services\/restaurant-aigle-belgica\/","url":"https:\/\/hoteldemedici.com\/fr\/services\/restaurant-aigle-belgica\/","name":"Restaurant \"Aigle Belgica\" - Hotel de Medici","isPartOf":{"@id":"https:\/\/hoteldemedici.com\/fr\/#website"},"datePublished":"2019-07-29T12:43:59+00:00","dateModified":"2019-11-08T15:38:15+00:00","breadcrumb":{"@id":"https:\/\/hoteldemedici.com\/fr\/services\/restaurant-aigle-belgica\/#breadcrumb"},"inLanguage":"fr-FR","potentialAction":[{"@type":"ReadAction","target":["https:\/\/hoteldemedici.com\/fr\/services\/restaurant-aigle-belgica\/"]}]},{"@type":"BreadcrumbList","@id":"https:\/\/hoteldemedici.com\/fr\/services\/restaurant-aigle-belgica\/#breadcrumb","itemListElement":[{"@type":"ListItem","position":1,"name":"Home","item":"https:\/\/hoteldemedici.com\/fr\/"},{"@type":"ListItem","position":2,"name":"Services","item":"https:\/\/hoteldemedici.com\/fr\/services\/"},{"@type":"ListItem","position":3,"name":"Restaurant \u00ab\u00a0Aigle Belgica\u00a0\u00bb"}]},{"@type":"WebSite","@id":"https:\/\/hoteldemedici.com\/fr\/#website","url":"https:\/\/hoteldemedici.com\/fr\/","name":"Hotel de Medici","description":"","potentialAction":[{"@type":"SearchAction","target":{"@type":"EntryPoint","urlTemplate":"https:\/\/hoteldemedici.com\/fr\/?s={search_term_string}"},"query-input":{"@type":"PropertyValueSpecification","valueRequired":true,"valueName":"search_term_string"}}],"inLanguage":"fr-FR"}]}},"acf":[],"_links":{"self":[{"href":"https:\/\/hoteldemedici.com\/fr\/wp-json\/wp\/v2\/pages\/1494","targetHints":{"allow":["GET"]}}],"collection":[{"href":"https:\/\/hoteldemedici.com\/fr\/wp-json\/wp\/v2\/pages"}],"about":[{"href":"https:\/\/hoteldemedici.com\/fr\/wp-json\/wp\/v2\/types\/page"}],"author":[{"embeddable":true,"href":"https:\/\/hoteldemedici.com\/fr\/wp-json\/wp\/v2\/users\/46"}],"replies":[{"embeddable":true,"href":"https:\/\/hoteldemedici.com\/fr\/wp-json\/wp\/v2\/comments?post=1494"}],"version-history":[{"count":0,"href":"https:\/\/hoteldemedici.com\/fr\/wp-json\/wp\/v2\/pages\/1494\/revisions"}],"up":[{"embeddable":true,"href":"https:\/\/hoteldemedici.com\/fr\/wp-json\/wp\/v2\/pages\/1490"}],"wp:attachment":[{"href":"https:\/\/hoteldemedici.com\/fr\/wp-json\/wp\/v2\/media?parent=1494"}],"curies":[{"name":"wp","href":"https:\/\/api.w.org\/{rel}","templated":true}]}}