{"id":1490,"date":"2019-07-29T12:37:34","date_gmt":"2019-07-29T12:37:34","guid":{"rendered":"http:\/\/hotel-de-medici.ms.decms.eu\/services-amenities\/"},"modified":"2019-11-08T15:37:54","modified_gmt":"2019-11-08T15:37:54","slug":"services","status":"publish","type":"page","link":"https:\/\/hoteldemedici.com\/fr\/services\/","title":{"rendered":"Services"},"content":{"rendered":"<p>Bruges est appel\u00e9e la \u00ab\u00a0Venise du Nord\u00a0\u00bb car elle poss\u00e8de de nombreux canaux qui la traversent. L&rsquo; h\u00f4tel de\u2019 Medici est un \u00e9tablissement 4 \u00e9toiles situ\u00e9 dans cette ville romantique, sur l&rsquo;un des canaux les plus romantiques de Bruges, \u00e0 seulement quelques minutes \u00e0 pied de la place du march\u00e9 principale. Nous nous r\u00e9jouissons de vous accueillir. Profitez de notre meilleur service dans cet h\u00f4tel 4 \u00e9toiles. Les services comprennent une connexion Wi-Fi gratuite, un programme Green Stay pour plus de 2 nuits, un centre de remise en forme, un joli jardin japonais et, avec suppl\u00e9ment  le parking priv\u00e9 souterrain et centre spa etc.<\/p>\n","protected":false},"excerpt":{"rendered":"<p>Bruges est appel\u00e9e la \u00ab\u00a0Venise du Nord\u00a0\u00bb car elle poss\u00e8de de nombreux canaux qui la traversent. L&rsquo; h\u00f4tel de\u2019 Medici est un \u00e9tablissement 4 \u00e9toiles situ\u00e9 dans cette ville romantique, sur l&rsquo;un des canaux les plus romantiques de Bruges, \u00e0 seulement quelques minutes \u00e0 pied de la place du march\u00e9 principale. Nous nous r\u00e9jouissons de [&hellip;]<\/p>\n","protected":false},"author":46,"featured_media":3091,"parent":0,"menu_order":0,"comment_status":"closed","ping_status":"closed","template":"","meta":{"footnotes":""},"class_list":["post-1490","page","type-page","status-publish","has-post-thumbnail","hentry"],"yoast_head":"<!-- This site is optimized with the Yoast SEO plugin v26.9 - https:\/\/yoast.com\/product\/yoast-seo-wordpress\/ -->\n<title>Services - Hotel de Medici<\/title>\n<meta name=\"robots\" content=\"index, follow, max-snippet:-1, max-image-preview:large, max-video-preview:-1\" \/>\n<link rel=\"canonical\" href=\"https:\/\/hoteldemedici.com\/fr\/services\/\" \/>\n<meta property=\"og:locale\" content=\"fr_FR\" \/>\n<meta property=\"og:type\" content=\"article\" \/>\n<meta property=\"og:title\" content=\"Services - Hotel de Medici\" \/>\n<meta property=\"og:description\" content=\"Bruges est appel\u00e9e la \u00ab\u00a0Venise du Nord\u00a0\u00bb car elle poss\u00e8de de nombreux canaux qui la traversent. L&rsquo; h\u00f4tel de\u2019 Medici est un \u00e9tablissement 4 \u00e9toiles situ\u00e9 dans cette ville romantique, sur l&rsquo;un des canaux les plus romantiques de Bruges, \u00e0 seulement quelques minutes \u00e0 pied de la place du march\u00e9 principale. Nous nous r\u00e9jouissons de [&hellip;]\" \/>\n<meta property=\"og:url\" content=\"https:\/\/hoteldemedici.com\/fr\/services\/\" \/>\n<meta property=\"og:site_name\" content=\"Hotel de Medici\" \/>\n<meta property=\"article:modified_time\" content=\"2019-11-08T15:37:54+00:00\" \/>\n<meta property=\"og:image\" content=\"https:\/\/hoteldemedici.com\/wp-content\/uploads\/sites\/69\/2019\/09\/Jacuzzi-3.jpg\" \/>\n\t<meta property=\"og:image:width\" content=\"2200\" \/>\n\t<meta property=\"og:image:height\" content=\"1200\" \/>\n\t<meta property=\"og:image:type\" content=\"image\/jpeg\" \/>\n<meta name=\"twitter:card\" content=\"summary_large_image\" \/>\n<meta name=\"twitter:label1\" content=\"Dur\u00e9e de lecture estim\u00e9e\" \/>\n\t<meta name=\"twitter:data1\" content=\"1 minute\" \/>\n<script type=\"application\/ld+json\" class=\"yoast-schema-graph\">{\"@context\":\"https:\/\/schema.org\",\"@graph\":[{\"@type\":\"WebPage\",\"@id\":\"https:\/\/hoteldemedici.com\/fr\/services\/\",\"url\":\"https:\/\/hoteldemedici.com\/fr\/services\/\",\"name\":\"Services - Hotel de Medici\",\"isPartOf\":{\"@id\":\"https:\/\/hoteldemedici.com\/fr\/#website\"},\"primaryImageOfPage\":{\"@id\":\"https:\/\/hoteldemedici.com\/fr\/services\/#primaryimage\"},\"image\":{\"@id\":\"https:\/\/hoteldemedici.com\/fr\/services\/#primaryimage\"},\"thumbnailUrl\":\"https:\/\/hoteldemedici.com\/wp-content\/uploads\/sites\/69\/2019\/09\/Jacuzzi-3.jpg\",\"datePublished\":\"2019-07-29T12:37:34+00:00\",\"dateModified\":\"2019-11-08T15:37:54+00:00\",\"breadcrumb\":{\"@id\":\"https:\/\/hoteldemedici.com\/fr\/services\/#breadcrumb\"},\"inLanguage\":\"fr-FR\",\"potentialAction\":[{\"@type\":\"ReadAction\",\"target\":[\"https:\/\/hoteldemedici.com\/fr\/services\/\"]}]},{\"@type\":\"ImageObject\",\"inLanguage\":\"fr-FR\",\"@id\":\"https:\/\/hoteldemedici.com\/fr\/services\/#primaryimage\",\"url\":\"https:\/\/hoteldemedici.com\/wp-content\/uploads\/sites\/69\/2019\/09\/Jacuzzi-3.jpg\",\"contentUrl\":\"https:\/\/hoteldemedici.com\/wp-content\/uploads\/sites\/69\/2019\/09\/Jacuzzi-3.jpg\",\"width\":2200,\"height\":1200,\"caption\":\"en::hotel nl::hotel fr::hotel de::hotel\"},{\"@type\":\"BreadcrumbList\",\"@id\":\"https:\/\/hoteldemedici.com\/fr\/services\/#breadcrumb\",\"itemListElement\":[{\"@type\":\"ListItem\",\"position\":1,\"name\":\"Home\",\"item\":\"https:\/\/hoteldemedici.com\/fr\/\"},{\"@type\":\"ListItem\",\"position\":2,\"name\":\"Services\"}]},{\"@type\":\"WebSite\",\"@id\":\"https:\/\/hoteldemedici.com\/fr\/#website\",\"url\":\"https:\/\/hoteldemedici.com\/fr\/\",\"name\":\"Hotel de Medici\",\"description\":\"\",\"potentialAction\":[{\"@type\":\"SearchAction\",\"target\":{\"@type\":\"EntryPoint\",\"urlTemplate\":\"https:\/\/hoteldemedici.com\/fr\/?s={search_term_string}\"},\"query-input\":{\"@type\":\"PropertyValueSpecification\",\"valueRequired\":true,\"valueName\":\"search_term_string\"}}],\"inLanguage\":\"fr-FR\"}]}<\/script>\n<!-- \/ Yoast SEO plugin. -->","yoast_head_json":{"title":"Services - Hotel de Medici","robots":{"index":"index","follow":"follow","max-snippet":"max-snippet:-1","max-image-preview":"max-image-preview:large","max-video-preview":"max-video-preview:-1"},"canonical":"https:\/\/hoteldemedici.com\/fr\/services\/","og_locale":"fr_FR","og_type":"article","og_title":"Services - Hotel de Medici","og_description":"Bruges est appel\u00e9e la \u00ab\u00a0Venise du Nord\u00a0\u00bb car elle poss\u00e8de de nombreux canaux qui la traversent. L&rsquo; h\u00f4tel de\u2019 Medici est un \u00e9tablissement 4 \u00e9toiles situ\u00e9 dans cette ville romantique, sur l&rsquo;un des canaux les plus romantiques de Bruges, \u00e0 seulement quelques minutes \u00e0 pied de la place du march\u00e9 principale. Nous nous r\u00e9jouissons de [&hellip;]","og_url":"https:\/\/hoteldemedici.com\/fr\/services\/","og_site_name":"Hotel de Medici","article_modified_time":"2019-11-08T15:37:54+00:00","og_image":[{"width":2200,"height":1200,"url":"https:\/\/hoteldemedici.com\/wp-content\/uploads\/sites\/69\/2019\/09\/Jacuzzi-3.jpg","type":"image\/jpeg"}],"twitter_card":"summary_large_image","twitter_misc":{"Dur\u00e9e de lecture estim\u00e9e":"1 minute"},"schema":{"@context":"https:\/\/schema.org","@graph":[{"@type":"WebPage","@id":"https:\/\/hoteldemedici.com\/fr\/services\/","url":"https:\/\/hoteldemedici.com\/fr\/services\/","name":"Services - Hotel de Medici","isPartOf":{"@id":"https:\/\/hoteldemedici.com\/fr\/#website"},"primaryImageOfPage":{"@id":"https:\/\/hoteldemedici.com\/fr\/services\/#primaryimage"},"image":{"@id":"https:\/\/hoteldemedici.com\/fr\/services\/#primaryimage"},"thumbnailUrl":"https:\/\/hoteldemedici.com\/wp-content\/uploads\/sites\/69\/2019\/09\/Jacuzzi-3.jpg","datePublished":"2019-07-29T12:37:34+00:00","dateModified":"2019-11-08T15:37:54+00:00","breadcrumb":{"@id":"https:\/\/hoteldemedici.com\/fr\/services\/#breadcrumb"},"inLanguage":"fr-FR","potentialAction":[{"@type":"ReadAction","target":["https:\/\/hoteldemedici.com\/fr\/services\/"]}]},{"@type":"ImageObject","inLanguage":"fr-FR","@id":"https:\/\/hoteldemedici.com\/fr\/services\/#primaryimage","url":"https:\/\/hoteldemedici.com\/wp-content\/uploads\/sites\/69\/2019\/09\/Jacuzzi-3.jpg","contentUrl":"https:\/\/hoteldemedici.com\/wp-content\/uploads\/sites\/69\/2019\/09\/Jacuzzi-3.jpg","width":2200,"height":1200,"caption":"en::hotel nl::hotel fr::hotel de::hotel"},{"@type":"BreadcrumbList","@id":"https:\/\/hoteldemedici.com\/fr\/services\/#breadcrumb","itemListElement":[{"@type":"ListItem","position":1,"name":"Home","item":"https:\/\/hoteldemedici.com\/fr\/"},{"@type":"ListItem","position":2,"name":"Services"}]},{"@type":"WebSite","@id":"https:\/\/hoteldemedici.com\/fr\/#website","url":"https:\/\/hoteldemedici.com\/fr\/","name":"Hotel de Medici","description":"","potentialAction":[{"@type":"SearchAction","target":{"@type":"EntryPoint","urlTemplate":"https:\/\/hoteldemedici.com\/fr\/?s={search_term_string}"},"query-input":{"@type":"PropertyValueSpecification","valueRequired":true,"valueName":"search_term_string"}}],"inLanguage":"fr-FR"}]}},"acf":[],"_links":{"self":[{"href":"https:\/\/hoteldemedici.com\/fr\/wp-json\/wp\/v2\/pages\/1490","targetHints":{"allow":["GET"]}}],"collection":[{"href":"https:\/\/hoteldemedici.com\/fr\/wp-json\/wp\/v2\/pages"}],"about":[{"href":"https:\/\/hoteldemedici.com\/fr\/wp-json\/wp\/v2\/types\/page"}],"author":[{"embeddable":true,"href":"https:\/\/hoteldemedici.com\/fr\/wp-json\/wp\/v2\/users\/46"}],"replies":[{"embeddable":true,"href":"https:\/\/hoteldemedici.com\/fr\/wp-json\/wp\/v2\/comments?post=1490"}],"version-history":[{"count":0,"href":"https:\/\/hoteldemedici.com\/fr\/wp-json\/wp\/v2\/pages\/1490\/revisions"}],"wp:featuredmedia":[{"embeddable":true,"href":"https:\/\/hoteldemedici.com\/fr\/wp-json\/wp\/v2\/media\/3091"}],"wp:attachment":[{"href":"https:\/\/hoteldemedici.com\/fr\/wp-json\/wp\/v2\/media?parent=1490"}],"curies":[{"name":"wp","href":"https:\/\/api.w.org\/{rel}","templated":true}]}}