{"id":1485,"date":"2019-07-29T12:28:57","date_gmt":"2019-07-29T12:28:57","guid":{"rendered":"http:\/\/hotel-de-medici.ms.decms.eu\/rooms-junior-suites\/junior-suites\/"},"modified":"2023-10-04T06:39:39","modified_gmt":"2023-10-04T06:39:39","slug":"junior-suites","status":"publish","type":"page","link":"https:\/\/hoteldemedici.com\/fr\/chambres-junior-suites\/junior-suites\/","title":{"rendered":"Junior Suites"},"content":{"rendered":"<p>Les 6 suites junior de l\u2019Hotel de&rsquo; Medici sont toutes plus grandes que les autres chambres. Les chambres offrent toutes une vue sur le canal en face de l&rsquo;h\u00f4tel, sur le jardin japonais ou sur la rue. Nos suites junior sont toutes sp\u00e9cialement con\u00e7ues pour cr\u00e9er le cadre id\u00e9al pour un s\u00e9jour confortable. Les suites junior sont toutes climatis\u00e9es et certaines chambres disposent de parquet. Les chambres disposent \u00e9galement de peignoirs et de chaussons pour votre confort. Les chambres sont \u00e9quip\u00e9es de salle de bains avec s\u00e8che-cheveux, \u00e9cran IP 43 pouces \u00e0 \u00e9cran LED, radio, t\u00e9l\u00e9phone IDD, connexions Internet WIFI GRATUIT, coffre-fort priv\u00e9, presse \u00e0 pantalons, minibar et cafeti\u00e8re \/ th\u00e9i\u00e8re. Les fen\u00eatres insonoris\u00e9es garantissent une bonne nuit de sommeil apr\u00e8s une longue journ\u00e9e pass\u00e9e \u00e0 explorer l\u2019atmosph\u00e8re vibrante de Bruges.<\/p>\n","protected":false},"excerpt":{"rendered":"<p>Les 6 suites junior de l\u2019Hotel de&rsquo; Medici sont toutes plus grandes que les autres chambres. Les chambres offrent toutes une vue sur le canal en face de l&rsquo;h\u00f4tel, sur le jardin japonais ou sur la rue. Nos suites junior sont toutes sp\u00e9cialement con\u00e7ues pour cr\u00e9er le cadre id\u00e9al pour un s\u00e9jour confortable. Les suites [&hellip;]<\/p>\n","protected":false},"author":46,"featured_media":3268,"parent":1461,"menu_order":0,"comment_status":"closed","ping_status":"closed","template":"template-single-room.php","meta":{"footnotes":""},"class_list":["post-1485","page","type-page","status-publish","has-post-thumbnail","hentry"],"yoast_head":"<!-- This site is optimized with the Yoast SEO plugin v26.9 - https:\/\/yoast.com\/product\/yoast-seo-wordpress\/ -->\n<title>Junior Suites - Hotel de Medici<\/title>\n<meta name=\"robots\" content=\"index, follow, max-snippet:-1, max-image-preview:large, max-video-preview:-1\" \/>\n<link rel=\"canonical\" href=\"https:\/\/hoteldemedici.com\/fr\/chambres-junior-suites\/junior-suites\/\" \/>\n<meta property=\"og:locale\" content=\"fr_FR\" \/>\n<meta property=\"og:type\" content=\"article\" \/>\n<meta property=\"og:title\" content=\"Junior Suites - Hotel de Medici\" \/>\n<meta property=\"og:description\" content=\"Les 6 suites junior de l\u2019Hotel de&rsquo; Medici sont toutes plus grandes que les autres chambres. Les chambres offrent toutes une vue sur le canal en face de l&rsquo;h\u00f4tel, sur le jardin japonais ou sur la rue. Nos suites junior sont toutes sp\u00e9cialement con\u00e7ues pour cr\u00e9er le cadre id\u00e9al pour un s\u00e9jour confortable. Les suites [&hellip;]\" \/>\n<meta property=\"og:url\" content=\"https:\/\/hoteldemedici.com\/fr\/chambres-junior-suites\/junior-suites\/\" \/>\n<meta property=\"og:site_name\" content=\"Hotel de Medici\" \/>\n<meta property=\"article:modified_time\" content=\"2023-10-04T06:39:39+00:00\" \/>\n<meta property=\"og:image\" content=\"https:\/\/hoteldemedici.com\/wp-content\/uploads\/sites\/69\/2019\/07\/2nd-wing-suite-232.jpg\" \/>\n\t<meta property=\"og:image:width\" content=\"1200\" \/>\n\t<meta property=\"og:image:height\" content=\"655\" \/>\n\t<meta property=\"og:image:type\" content=\"image\/jpeg\" \/>\n<meta name=\"twitter:card\" content=\"summary_large_image\" \/>\n<meta name=\"twitter:label1\" content=\"Dur\u00e9e de lecture estim\u00e9e\" \/>\n\t<meta name=\"twitter:data1\" content=\"1 minute\" \/>\n<script type=\"application\/ld+json\" class=\"yoast-schema-graph\">{\"@context\":\"https:\/\/schema.org\",\"@graph\":[{\"@type\":\"WebPage\",\"@id\":\"https:\/\/hoteldemedici.com\/fr\/chambres-junior-suites\/junior-suites\/\",\"url\":\"https:\/\/hoteldemedici.com\/fr\/chambres-junior-suites\/junior-suites\/\",\"name\":\"Junior Suites - Hotel de Medici\",\"isPartOf\":{\"@id\":\"https:\/\/hoteldemedici.com\/fr\/#website\"},\"primaryImageOfPage\":{\"@id\":\"https:\/\/hoteldemedici.com\/fr\/chambres-junior-suites\/junior-suites\/#primaryimage\"},\"image\":{\"@id\":\"https:\/\/hoteldemedici.com\/fr\/chambres-junior-suites\/junior-suites\/#primaryimage\"},\"thumbnailUrl\":\"https:\/\/hoteldemedici.com\/wp-content\/uploads\/sites\/69\/2019\/07\/2nd-wing-suite-232.jpg\",\"datePublished\":\"2019-07-29T12:28:57+00:00\",\"dateModified\":\"2023-10-04T06:39:39+00:00\",\"breadcrumb\":{\"@id\":\"https:\/\/hoteldemedici.com\/fr\/chambres-junior-suites\/junior-suites\/#breadcrumb\"},\"inLanguage\":\"fr-FR\",\"potentialAction\":[{\"@type\":\"ReadAction\",\"target\":[\"https:\/\/hoteldemedici.com\/fr\/chambres-junior-suites\/junior-suites\/\"]}]},{\"@type\":\"ImageObject\",\"inLanguage\":\"fr-FR\",\"@id\":\"https:\/\/hoteldemedici.com\/fr\/chambres-junior-suites\/junior-suites\/#primaryimage\",\"url\":\"https:\/\/hoteldemedici.com\/wp-content\/uploads\/sites\/69\/2019\/07\/2nd-wing-suite-232.jpg\",\"contentUrl\":\"https:\/\/hoteldemedici.com\/wp-content\/uploads\/sites\/69\/2019\/07\/2nd-wing-suite-232.jpg\",\"width\":1200,\"height\":655},{\"@type\":\"BreadcrumbList\",\"@id\":\"https:\/\/hoteldemedici.com\/fr\/chambres-junior-suites\/junior-suites\/#breadcrumb\",\"itemListElement\":[{\"@type\":\"ListItem\",\"position\":1,\"name\":\"Home\",\"item\":\"https:\/\/hoteldemedici.com\/fr\/\"},{\"@type\":\"ListItem\",\"position\":2,\"name\":\"Chambres &#038; Junior Suites\",\"item\":\"https:\/\/hoteldemedici.com\/fr\/chambres-junior-suites\/\"},{\"@type\":\"ListItem\",\"position\":3,\"name\":\"Junior Suites\"}]},{\"@type\":\"WebSite\",\"@id\":\"https:\/\/hoteldemedici.com\/fr\/#website\",\"url\":\"https:\/\/hoteldemedici.com\/fr\/\",\"name\":\"Hotel de Medici\",\"description\":\"\",\"potentialAction\":[{\"@type\":\"SearchAction\",\"target\":{\"@type\":\"EntryPoint\",\"urlTemplate\":\"https:\/\/hoteldemedici.com\/fr\/?s={search_term_string}\"},\"query-input\":{\"@type\":\"PropertyValueSpecification\",\"valueRequired\":true,\"valueName\":\"search_term_string\"}}],\"inLanguage\":\"fr-FR\"}]}<\/script>\n<!-- \/ Yoast SEO plugin. -->","yoast_head_json":{"title":"Junior Suites - Hotel de Medici","robots":{"index":"index","follow":"follow","max-snippet":"max-snippet:-1","max-image-preview":"max-image-preview:large","max-video-preview":"max-video-preview:-1"},"canonical":"https:\/\/hoteldemedici.com\/fr\/chambres-junior-suites\/junior-suites\/","og_locale":"fr_FR","og_type":"article","og_title":"Junior Suites - Hotel de Medici","og_description":"Les 6 suites junior de l\u2019Hotel de&rsquo; Medici sont toutes plus grandes que les autres chambres. Les chambres offrent toutes une vue sur le canal en face de l&rsquo;h\u00f4tel, sur le jardin japonais ou sur la rue. Nos suites junior sont toutes sp\u00e9cialement con\u00e7ues pour cr\u00e9er le cadre id\u00e9al pour un s\u00e9jour confortable. Les suites [&hellip;]","og_url":"https:\/\/hoteldemedici.com\/fr\/chambres-junior-suites\/junior-suites\/","og_site_name":"Hotel de Medici","article_modified_time":"2023-10-04T06:39:39+00:00","og_image":[{"width":1200,"height":655,"url":"https:\/\/hoteldemedici.com\/wp-content\/uploads\/sites\/69\/2019\/07\/2nd-wing-suite-232.jpg","type":"image\/jpeg"}],"twitter_card":"summary_large_image","twitter_misc":{"Dur\u00e9e de lecture estim\u00e9e":"1 minute"},"schema":{"@context":"https:\/\/schema.org","@graph":[{"@type":"WebPage","@id":"https:\/\/hoteldemedici.com\/fr\/chambres-junior-suites\/junior-suites\/","url":"https:\/\/hoteldemedici.com\/fr\/chambres-junior-suites\/junior-suites\/","name":"Junior Suites - Hotel de Medici","isPartOf":{"@id":"https:\/\/hoteldemedici.com\/fr\/#website"},"primaryImageOfPage":{"@id":"https:\/\/hoteldemedici.com\/fr\/chambres-junior-suites\/junior-suites\/#primaryimage"},"image":{"@id":"https:\/\/hoteldemedici.com\/fr\/chambres-junior-suites\/junior-suites\/#primaryimage"},"thumbnailUrl":"https:\/\/hoteldemedici.com\/wp-content\/uploads\/sites\/69\/2019\/07\/2nd-wing-suite-232.jpg","datePublished":"2019-07-29T12:28:57+00:00","dateModified":"2023-10-04T06:39:39+00:00","breadcrumb":{"@id":"https:\/\/hoteldemedici.com\/fr\/chambres-junior-suites\/junior-suites\/#breadcrumb"},"inLanguage":"fr-FR","potentialAction":[{"@type":"ReadAction","target":["https:\/\/hoteldemedici.com\/fr\/chambres-junior-suites\/junior-suites\/"]}]},{"@type":"ImageObject","inLanguage":"fr-FR","@id":"https:\/\/hoteldemedici.com\/fr\/chambres-junior-suites\/junior-suites\/#primaryimage","url":"https:\/\/hoteldemedici.com\/wp-content\/uploads\/sites\/69\/2019\/07\/2nd-wing-suite-232.jpg","contentUrl":"https:\/\/hoteldemedici.com\/wp-content\/uploads\/sites\/69\/2019\/07\/2nd-wing-suite-232.jpg","width":1200,"height":655},{"@type":"BreadcrumbList","@id":"https:\/\/hoteldemedici.com\/fr\/chambres-junior-suites\/junior-suites\/#breadcrumb","itemListElement":[{"@type":"ListItem","position":1,"name":"Home","item":"https:\/\/hoteldemedici.com\/fr\/"},{"@type":"ListItem","position":2,"name":"Chambres &#038; Junior Suites","item":"https:\/\/hoteldemedici.com\/fr\/chambres-junior-suites\/"},{"@type":"ListItem","position":3,"name":"Junior Suites"}]},{"@type":"WebSite","@id":"https:\/\/hoteldemedici.com\/fr\/#website","url":"https:\/\/hoteldemedici.com\/fr\/","name":"Hotel de Medici","description":"","potentialAction":[{"@type":"SearchAction","target":{"@type":"EntryPoint","urlTemplate":"https:\/\/hoteldemedici.com\/fr\/?s={search_term_string}"},"query-input":{"@type":"PropertyValueSpecification","valueRequired":true,"valueName":"search_term_string"}}],"inLanguage":"fr-FR"}]}},"acf":[],"_links":{"self":[{"href":"https:\/\/hoteldemedici.com\/fr\/wp-json\/wp\/v2\/pages\/1485","targetHints":{"allow":["GET"]}}],"collection":[{"href":"https:\/\/hoteldemedici.com\/fr\/wp-json\/wp\/v2\/pages"}],"about":[{"href":"https:\/\/hoteldemedici.com\/fr\/wp-json\/wp\/v2\/types\/page"}],"author":[{"embeddable":true,"href":"https:\/\/hoteldemedici.com\/fr\/wp-json\/wp\/v2\/users\/46"}],"replies":[{"embeddable":true,"href":"https:\/\/hoteldemedici.com\/fr\/wp-json\/wp\/v2\/comments?post=1485"}],"version-history":[{"count":0,"href":"https:\/\/hoteldemedici.com\/fr\/wp-json\/wp\/v2\/pages\/1485\/revisions"}],"up":[{"embeddable":true,"href":"https:\/\/hoteldemedici.com\/fr\/wp-json\/wp\/v2\/pages\/1461"}],"wp:featuredmedia":[{"embeddable":true,"href":"https:\/\/hoteldemedici.com\/fr\/wp-json\/wp\/v2\/media\/3268"}],"wp:attachment":[{"href":"https:\/\/hoteldemedici.com\/fr\/wp-json\/wp\/v2\/media?parent=1485"}],"curies":[{"name":"wp","href":"https:\/\/api.w.org\/{rel}","templated":true}]}}