{"id":1480,"date":"2019-07-29T12:22:28","date_gmt":"2019-07-29T12:22:28","guid":{"rendered":"http:\/\/hotel-de-medici.ms.decms.eu\/rooms-junior-suites\/standard-triple-rooms\/"},"modified":"2023-10-04T06:40:41","modified_gmt":"2023-10-04T06:40:41","slug":"chambres-triple-standard","status":"publish","type":"page","link":"https:\/\/hoteldemedici.com\/fr\/chambres-junior-suites\/chambres-triple-standard\/","title":{"rendered":"Chambres Triple Standard"},"content":{"rendered":"<p>L&rsquo; Hotel de&rsquo; Medici propose 4 chambres triples standard. Il y a des chambres avec un lit double et un lit simple ou 3 lits simples pour 3 personnes. Les chambres triples standard sont toutes climatis\u00e9es et \u00e9quip\u00e9e avec du parquet. Toutes chambres sont \u00e9quip\u00e9es avec une salle de bain avec s\u00e8che-cheveux, \u00e9cran IP 43 pouces \u00e0 \u00e9cran LED, radio, t\u00e9l\u00e9phone international, connexions Internet WIFI GRATUIT, coffre-fort priv\u00e9, minibar et cafeti\u00e8re \/ th\u00e9i\u00e8re. Ces chambres triples sont plus spacieuses et donnent sur le canal en face de l&rsquo;h\u00f4tel. Les fen\u00eatres insonoris\u00e9es garantissent une bonne nuit de sommeil apr\u00e8s une longue journ\u00e9e pass\u00e9e \u00e0 explorer l\u2019atmosph\u00e8re vibrante de Bruges.<\/p>\n","protected":false},"excerpt":{"rendered":"<p>L&rsquo; Hotel de&rsquo; Medici propose 4 chambres triples standard. Il y a des chambres avec un lit double et un lit simple ou 3 lits simples pour 3 personnes. Les chambres triples standard sont toutes climatis\u00e9es et \u00e9quip\u00e9e avec du parquet. Toutes chambres sont \u00e9quip\u00e9es avec une salle de bain avec s\u00e8che-cheveux, \u00e9cran IP 43 [&hellip;]<\/p>\n","protected":false},"author":46,"featured_media":3281,"parent":1461,"menu_order":0,"comment_status":"closed","ping_status":"closed","template":"template-single-room.php","meta":{"footnotes":""},"class_list":["post-1480","page","type-page","status-publish","has-post-thumbnail","hentry"],"yoast_head":"<!-- This site is optimized with the Yoast SEO plugin v26.9 - https:\/\/yoast.com\/product\/yoast-seo-wordpress\/ -->\n<title>Chambres Triple Standard - Hotel de Medici<\/title>\n<meta name=\"robots\" content=\"index, follow, max-snippet:-1, max-image-preview:large, max-video-preview:-1\" \/>\n<link rel=\"canonical\" href=\"https:\/\/hoteldemedici.com\/fr\/chambres-junior-suites\/chambres-triple-standard\/\" \/>\n<meta property=\"og:locale\" content=\"fr_FR\" \/>\n<meta property=\"og:type\" content=\"article\" \/>\n<meta property=\"og:title\" content=\"Chambres Triple Standard - Hotel de Medici\" \/>\n<meta property=\"og:description\" content=\"L&rsquo; Hotel de&rsquo; Medici propose 4 chambres triples standard. Il y a des chambres avec un lit double et un lit simple ou 3 lits simples pour 3 personnes. Les chambres triples standard sont toutes climatis\u00e9es et \u00e9quip\u00e9e avec du parquet. Toutes chambres sont \u00e9quip\u00e9es avec une salle de bain avec s\u00e8che-cheveux, \u00e9cran IP 43 [&hellip;]\" \/>\n<meta property=\"og:url\" content=\"https:\/\/hoteldemedici.com\/fr\/chambres-junior-suites\/chambres-triple-standard\/\" \/>\n<meta property=\"og:site_name\" content=\"Hotel de Medici\" \/>\n<meta property=\"article:modified_time\" content=\"2023-10-04T06:40:41+00:00\" \/>\n<meta property=\"og:image\" content=\"https:\/\/hoteldemedici.com\/wp-content\/uploads\/sites\/69\/2019\/07\/1st-wing-Standard-Triple-214-v1.jpg\" \/>\n\t<meta property=\"og:image:width\" content=\"1200\" \/>\n\t<meta property=\"og:image:height\" content=\"655\" \/>\n\t<meta property=\"og:image:type\" content=\"image\/jpeg\" \/>\n<meta name=\"twitter:card\" content=\"summary_large_image\" \/>\n<meta name=\"twitter:label1\" content=\"Dur\u00e9e de lecture estim\u00e9e\" \/>\n\t<meta name=\"twitter:data1\" content=\"1 minute\" \/>\n<script type=\"application\/ld+json\" class=\"yoast-schema-graph\">{\"@context\":\"https:\/\/schema.org\",\"@graph\":[{\"@type\":\"WebPage\",\"@id\":\"https:\/\/hoteldemedici.com\/fr\/chambres-junior-suites\/chambres-triple-standard\/\",\"url\":\"https:\/\/hoteldemedici.com\/fr\/chambres-junior-suites\/chambres-triple-standard\/\",\"name\":\"Chambres Triple Standard - Hotel de Medici\",\"isPartOf\":{\"@id\":\"https:\/\/hoteldemedici.com\/fr\/#website\"},\"primaryImageOfPage\":{\"@id\":\"https:\/\/hoteldemedici.com\/fr\/chambres-junior-suites\/chambres-triple-standard\/#primaryimage\"},\"image\":{\"@id\":\"https:\/\/hoteldemedici.com\/fr\/chambres-junior-suites\/chambres-triple-standard\/#primaryimage\"},\"thumbnailUrl\":\"https:\/\/hoteldemedici.com\/wp-content\/uploads\/sites\/69\/2019\/07\/1st-wing-Standard-Triple-214-v1.jpg\",\"datePublished\":\"2019-07-29T12:22:28+00:00\",\"dateModified\":\"2023-10-04T06:40:41+00:00\",\"breadcrumb\":{\"@id\":\"https:\/\/hoteldemedici.com\/fr\/chambres-junior-suites\/chambres-triple-standard\/#breadcrumb\"},\"inLanguage\":\"fr-FR\",\"potentialAction\":[{\"@type\":\"ReadAction\",\"target\":[\"https:\/\/hoteldemedici.com\/fr\/chambres-junior-suites\/chambres-triple-standard\/\"]}]},{\"@type\":\"ImageObject\",\"inLanguage\":\"fr-FR\",\"@id\":\"https:\/\/hoteldemedici.com\/fr\/chambres-junior-suites\/chambres-triple-standard\/#primaryimage\",\"url\":\"https:\/\/hoteldemedici.com\/wp-content\/uploads\/sites\/69\/2019\/07\/1st-wing-Standard-Triple-214-v1.jpg\",\"contentUrl\":\"https:\/\/hoteldemedici.com\/wp-content\/uploads\/sites\/69\/2019\/07\/1st-wing-Standard-Triple-214-v1.jpg\",\"width\":1200,\"height\":655},{\"@type\":\"BreadcrumbList\",\"@id\":\"https:\/\/hoteldemedici.com\/fr\/chambres-junior-suites\/chambres-triple-standard\/#breadcrumb\",\"itemListElement\":[{\"@type\":\"ListItem\",\"position\":1,\"name\":\"Home\",\"item\":\"https:\/\/hoteldemedici.com\/fr\/\"},{\"@type\":\"ListItem\",\"position\":2,\"name\":\"Chambres &#038; Junior Suites\",\"item\":\"https:\/\/hoteldemedici.com\/fr\/chambres-junior-suites\/\"},{\"@type\":\"ListItem\",\"position\":3,\"name\":\"Chambres Triple Standard\"}]},{\"@type\":\"WebSite\",\"@id\":\"https:\/\/hoteldemedici.com\/fr\/#website\",\"url\":\"https:\/\/hoteldemedici.com\/fr\/\",\"name\":\"Hotel de Medici\",\"description\":\"\",\"potentialAction\":[{\"@type\":\"SearchAction\",\"target\":{\"@type\":\"EntryPoint\",\"urlTemplate\":\"https:\/\/hoteldemedici.com\/fr\/?s={search_term_string}\"},\"query-input\":{\"@type\":\"PropertyValueSpecification\",\"valueRequired\":true,\"valueName\":\"search_term_string\"}}],\"inLanguage\":\"fr-FR\"}]}<\/script>\n<!-- \/ Yoast SEO plugin. -->","yoast_head_json":{"title":"Chambres Triple Standard - Hotel de Medici","robots":{"index":"index","follow":"follow","max-snippet":"max-snippet:-1","max-image-preview":"max-image-preview:large","max-video-preview":"max-video-preview:-1"},"canonical":"https:\/\/hoteldemedici.com\/fr\/chambres-junior-suites\/chambres-triple-standard\/","og_locale":"fr_FR","og_type":"article","og_title":"Chambres Triple Standard - Hotel de Medici","og_description":"L&rsquo; Hotel de&rsquo; Medici propose 4 chambres triples standard. Il y a des chambres avec un lit double et un lit simple ou 3 lits simples pour 3 personnes. Les chambres triples standard sont toutes climatis\u00e9es et \u00e9quip\u00e9e avec du parquet. Toutes chambres sont \u00e9quip\u00e9es avec une salle de bain avec s\u00e8che-cheveux, \u00e9cran IP 43 [&hellip;]","og_url":"https:\/\/hoteldemedici.com\/fr\/chambres-junior-suites\/chambres-triple-standard\/","og_site_name":"Hotel de Medici","article_modified_time":"2023-10-04T06:40:41+00:00","og_image":[{"width":1200,"height":655,"url":"https:\/\/hoteldemedici.com\/wp-content\/uploads\/sites\/69\/2019\/07\/1st-wing-Standard-Triple-214-v1.jpg","type":"image\/jpeg"}],"twitter_card":"summary_large_image","twitter_misc":{"Dur\u00e9e de lecture estim\u00e9e":"1 minute"},"schema":{"@context":"https:\/\/schema.org","@graph":[{"@type":"WebPage","@id":"https:\/\/hoteldemedici.com\/fr\/chambres-junior-suites\/chambres-triple-standard\/","url":"https:\/\/hoteldemedici.com\/fr\/chambres-junior-suites\/chambres-triple-standard\/","name":"Chambres Triple Standard - Hotel de Medici","isPartOf":{"@id":"https:\/\/hoteldemedici.com\/fr\/#website"},"primaryImageOfPage":{"@id":"https:\/\/hoteldemedici.com\/fr\/chambres-junior-suites\/chambres-triple-standard\/#primaryimage"},"image":{"@id":"https:\/\/hoteldemedici.com\/fr\/chambres-junior-suites\/chambres-triple-standard\/#primaryimage"},"thumbnailUrl":"https:\/\/hoteldemedici.com\/wp-content\/uploads\/sites\/69\/2019\/07\/1st-wing-Standard-Triple-214-v1.jpg","datePublished":"2019-07-29T12:22:28+00:00","dateModified":"2023-10-04T06:40:41+00:00","breadcrumb":{"@id":"https:\/\/hoteldemedici.com\/fr\/chambres-junior-suites\/chambres-triple-standard\/#breadcrumb"},"inLanguage":"fr-FR","potentialAction":[{"@type":"ReadAction","target":["https:\/\/hoteldemedici.com\/fr\/chambres-junior-suites\/chambres-triple-standard\/"]}]},{"@type":"ImageObject","inLanguage":"fr-FR","@id":"https:\/\/hoteldemedici.com\/fr\/chambres-junior-suites\/chambres-triple-standard\/#primaryimage","url":"https:\/\/hoteldemedici.com\/wp-content\/uploads\/sites\/69\/2019\/07\/1st-wing-Standard-Triple-214-v1.jpg","contentUrl":"https:\/\/hoteldemedici.com\/wp-content\/uploads\/sites\/69\/2019\/07\/1st-wing-Standard-Triple-214-v1.jpg","width":1200,"height":655},{"@type":"BreadcrumbList","@id":"https:\/\/hoteldemedici.com\/fr\/chambres-junior-suites\/chambres-triple-standard\/#breadcrumb","itemListElement":[{"@type":"ListItem","position":1,"name":"Home","item":"https:\/\/hoteldemedici.com\/fr\/"},{"@type":"ListItem","position":2,"name":"Chambres &#038; Junior Suites","item":"https:\/\/hoteldemedici.com\/fr\/chambres-junior-suites\/"},{"@type":"ListItem","position":3,"name":"Chambres Triple Standard"}]},{"@type":"WebSite","@id":"https:\/\/hoteldemedici.com\/fr\/#website","url":"https:\/\/hoteldemedici.com\/fr\/","name":"Hotel de Medici","description":"","potentialAction":[{"@type":"SearchAction","target":{"@type":"EntryPoint","urlTemplate":"https:\/\/hoteldemedici.com\/fr\/?s={search_term_string}"},"query-input":{"@type":"PropertyValueSpecification","valueRequired":true,"valueName":"search_term_string"}}],"inLanguage":"fr-FR"}]}},"acf":[],"_links":{"self":[{"href":"https:\/\/hoteldemedici.com\/fr\/wp-json\/wp\/v2\/pages\/1480","targetHints":{"allow":["GET"]}}],"collection":[{"href":"https:\/\/hoteldemedici.com\/fr\/wp-json\/wp\/v2\/pages"}],"about":[{"href":"https:\/\/hoteldemedici.com\/fr\/wp-json\/wp\/v2\/types\/page"}],"author":[{"embeddable":true,"href":"https:\/\/hoteldemedici.com\/fr\/wp-json\/wp\/v2\/users\/46"}],"replies":[{"embeddable":true,"href":"https:\/\/hoteldemedici.com\/fr\/wp-json\/wp\/v2\/comments?post=1480"}],"version-history":[{"count":0,"href":"https:\/\/hoteldemedici.com\/fr\/wp-json\/wp\/v2\/pages\/1480\/revisions"}],"up":[{"embeddable":true,"href":"https:\/\/hoteldemedici.com\/fr\/wp-json\/wp\/v2\/pages\/1461"}],"wp:featuredmedia":[{"embeddable":true,"href":"https:\/\/hoteldemedici.com\/fr\/wp-json\/wp\/v2\/media\/3281"}],"wp:attachment":[{"href":"https:\/\/hoteldemedici.com\/fr\/wp-json\/wp\/v2\/media?parent=1480"}],"curies":[{"name":"wp","href":"https:\/\/api.w.org\/{rel}","templated":true}]}}