{"id":1475,"date":"2019-07-29T12:12:53","date_gmt":"2019-07-29T12:12:53","guid":{"rendered":"http:\/\/hotel-de-medici.ms.decms.eu\/rooms-junior-suites\/comfort-rooms\/"},"modified":"2023-10-04T06:36:51","modified_gmt":"2023-10-04T06:36:51","slug":"chambres-confort","status":"publish","type":"page","link":"https:\/\/hoteldemedici.com\/fr\/chambres-junior-suites\/chambres-confort\/","title":{"rendered":"Chambres confort"},"content":{"rendered":"<p>Nos chambres confort ont \u00e9t\u00e9 r\u00e9cemment r\u00e9nov\u00e9es et d\u00e9cor\u00e9es avec go\u00fbt. Elles sont toutes climatis\u00e9es et plus modernes que nos chambres standard. La combinaison de l&rsquo;espace et des installations modernes vous assure un s\u00e9jour parfait, que vous soyez en vacances ou en voyage d&rsquo;affaires. Les chambres donnent toutes sur le jardin japonais ou ont la vue sur la rue. Les chambres sont \u00e9quip\u00e9es d&rsquo;une salle de bain avec s\u00e8che-cheveux, d&rsquo;un \u00e9cran LED 43 pouces avec IPTV, d&rsquo;une radio, d&rsquo;un t\u00e9l\u00e9phone IDD, d&rsquo;une connexion Wi-Fi gratuite, d&rsquo;un coffre-fort priv\u00e9, d&rsquo;une presse \u00e0 pantalons, d&rsquo;un minibar et d&rsquo;un plateau \/ bouilloire. Les fen\u00eatres insonoris\u00e9es garantissent une bonne nuit de sommeil apr\u00e8s une longue journ\u00e9e dans l&rsquo;atmosph\u00e8re anim\u00e9e de Bruges. \u00c0 l&rsquo;Hotel de&rsquo; Medici, nous proposons \u00e9galement des chambres pour personnes \u00e0 mobilit\u00e9 r\u00e9duite. Nous disposons de deux chambres de confort adapt\u00e9es, \u00e9quip\u00e9es de deux lits simples et d&rsquo;une salle de bain adapt\u00e9e. Comme les autres chambres confort, les chambres adapt\u00e9es ont l\u2019int\u00e9rieur  moderne avec tout ce dont vous avez besoin pour un s\u00e9jour parfait.<\/p>\n","protected":false},"excerpt":{"rendered":"<p>Nos chambres confort ont \u00e9t\u00e9 r\u00e9cemment r\u00e9nov\u00e9es et d\u00e9cor\u00e9es avec go\u00fbt. Elles sont toutes climatis\u00e9es et plus modernes que nos chambres standard. La combinaison de l&rsquo;espace et des installations modernes vous assure un s\u00e9jour parfait, que vous soyez en vacances ou en voyage d&rsquo;affaires. Les chambres donnent toutes sur le jardin japonais ou ont la [&hellip;]<\/p>\n","protected":false},"author":46,"featured_media":3256,"parent":1461,"menu_order":0,"comment_status":"closed","ping_status":"closed","template":"template-single-room.php","meta":{"footnotes":""},"class_list":["post-1475","page","type-page","status-publish","has-post-thumbnail","hentry"],"yoast_head":"<!-- This site is optimized with the Yoast SEO plugin v26.9 - https:\/\/yoast.com\/product\/yoast-seo-wordpress\/ -->\n<title>Chambres confort - Hotel de Medici<\/title>\n<meta name=\"robots\" content=\"index, follow, max-snippet:-1, max-image-preview:large, max-video-preview:-1\" \/>\n<link rel=\"canonical\" href=\"https:\/\/hoteldemedici.com\/fr\/chambres-junior-suites\/chambres-confort\/\" \/>\n<meta property=\"og:locale\" content=\"fr_FR\" \/>\n<meta property=\"og:type\" content=\"article\" \/>\n<meta property=\"og:title\" content=\"Chambres confort - Hotel de Medici\" \/>\n<meta property=\"og:description\" content=\"Nos chambres confort ont \u00e9t\u00e9 r\u00e9cemment r\u00e9nov\u00e9es et d\u00e9cor\u00e9es avec go\u00fbt. Elles sont toutes climatis\u00e9es et plus modernes que nos chambres standard. La combinaison de l&rsquo;espace et des installations modernes vous assure un s\u00e9jour parfait, que vous soyez en vacances ou en voyage d&rsquo;affaires. Les chambres donnent toutes sur le jardin japonais ou ont la [&hellip;]\" \/>\n<meta property=\"og:url\" content=\"https:\/\/hoteldemedici.com\/fr\/chambres-junior-suites\/chambres-confort\/\" \/>\n<meta property=\"og:site_name\" content=\"Hotel de Medici\" \/>\n<meta property=\"article:modified_time\" content=\"2023-10-04T06:36:51+00:00\" \/>\n<meta property=\"og:image\" content=\"https:\/\/hoteldemedici.com\/wp-content\/uploads\/sites\/69\/2019\/09\/2nd-wing-comfort-Room-3.jpg\" \/>\n\t<meta property=\"og:image:width\" content=\"2200\" \/>\n\t<meta property=\"og:image:height\" content=\"1200\" \/>\n\t<meta property=\"og:image:type\" content=\"image\/jpeg\" \/>\n<meta name=\"twitter:card\" content=\"summary_large_image\" \/>\n<meta name=\"twitter:label1\" content=\"Dur\u00e9e de lecture estim\u00e9e\" \/>\n\t<meta name=\"twitter:data1\" content=\"1 minute\" \/>\n<script type=\"application\/ld+json\" class=\"yoast-schema-graph\">{\"@context\":\"https:\/\/schema.org\",\"@graph\":[{\"@type\":\"WebPage\",\"@id\":\"https:\/\/hoteldemedici.com\/fr\/chambres-junior-suites\/chambres-confort\/\",\"url\":\"https:\/\/hoteldemedici.com\/fr\/chambres-junior-suites\/chambres-confort\/\",\"name\":\"Chambres confort - Hotel de Medici\",\"isPartOf\":{\"@id\":\"https:\/\/hoteldemedici.com\/fr\/#website\"},\"primaryImageOfPage\":{\"@id\":\"https:\/\/hoteldemedici.com\/fr\/chambres-junior-suites\/chambres-confort\/#primaryimage\"},\"image\":{\"@id\":\"https:\/\/hoteldemedici.com\/fr\/chambres-junior-suites\/chambres-confort\/#primaryimage\"},\"thumbnailUrl\":\"https:\/\/hoteldemedici.com\/wp-content\/uploads\/sites\/69\/2019\/09\/2nd-wing-comfort-Room-3.jpg\",\"datePublished\":\"2019-07-29T12:12:53+00:00\",\"dateModified\":\"2023-10-04T06:36:51+00:00\",\"breadcrumb\":{\"@id\":\"https:\/\/hoteldemedici.com\/fr\/chambres-junior-suites\/chambres-confort\/#breadcrumb\"},\"inLanguage\":\"fr-FR\",\"potentialAction\":[{\"@type\":\"ReadAction\",\"target\":[\"https:\/\/hoteldemedici.com\/fr\/chambres-junior-suites\/chambres-confort\/\"]}]},{\"@type\":\"ImageObject\",\"inLanguage\":\"fr-FR\",\"@id\":\"https:\/\/hoteldemedici.com\/fr\/chambres-junior-suites\/chambres-confort\/#primaryimage\",\"url\":\"https:\/\/hoteldemedici.com\/wp-content\/uploads\/sites\/69\/2019\/09\/2nd-wing-comfort-Room-3.jpg\",\"contentUrl\":\"https:\/\/hoteldemedici.com\/wp-content\/uploads\/sites\/69\/2019\/09\/2nd-wing-comfort-Room-3.jpg\",\"width\":2200,\"height\":1200,\"caption\":\"en::rooms nl::kamers fr::chambres de::zimmer\"},{\"@type\":\"BreadcrumbList\",\"@id\":\"https:\/\/hoteldemedici.com\/fr\/chambres-junior-suites\/chambres-confort\/#breadcrumb\",\"itemListElement\":[{\"@type\":\"ListItem\",\"position\":1,\"name\":\"Home\",\"item\":\"https:\/\/hoteldemedici.com\/fr\/\"},{\"@type\":\"ListItem\",\"position\":2,\"name\":\"Chambres &#038; Junior Suites\",\"item\":\"https:\/\/hoteldemedici.com\/fr\/chambres-junior-suites\/\"},{\"@type\":\"ListItem\",\"position\":3,\"name\":\"Chambres confort\"}]},{\"@type\":\"WebSite\",\"@id\":\"https:\/\/hoteldemedici.com\/fr\/#website\",\"url\":\"https:\/\/hoteldemedici.com\/fr\/\",\"name\":\"Hotel de Medici\",\"description\":\"\",\"potentialAction\":[{\"@type\":\"SearchAction\",\"target\":{\"@type\":\"EntryPoint\",\"urlTemplate\":\"https:\/\/hoteldemedici.com\/fr\/?s={search_term_string}\"},\"query-input\":{\"@type\":\"PropertyValueSpecification\",\"valueRequired\":true,\"valueName\":\"search_term_string\"}}],\"inLanguage\":\"fr-FR\"}]}<\/script>\n<!-- \/ Yoast SEO plugin. -->","yoast_head_json":{"title":"Chambres confort - Hotel de Medici","robots":{"index":"index","follow":"follow","max-snippet":"max-snippet:-1","max-image-preview":"max-image-preview:large","max-video-preview":"max-video-preview:-1"},"canonical":"https:\/\/hoteldemedici.com\/fr\/chambres-junior-suites\/chambres-confort\/","og_locale":"fr_FR","og_type":"article","og_title":"Chambres confort - Hotel de Medici","og_description":"Nos chambres confort ont \u00e9t\u00e9 r\u00e9cemment r\u00e9nov\u00e9es et d\u00e9cor\u00e9es avec go\u00fbt. Elles sont toutes climatis\u00e9es et plus modernes que nos chambres standard. La combinaison de l&rsquo;espace et des installations modernes vous assure un s\u00e9jour parfait, que vous soyez en vacances ou en voyage d&rsquo;affaires. Les chambres donnent toutes sur le jardin japonais ou ont la [&hellip;]","og_url":"https:\/\/hoteldemedici.com\/fr\/chambres-junior-suites\/chambres-confort\/","og_site_name":"Hotel de Medici","article_modified_time":"2023-10-04T06:36:51+00:00","og_image":[{"width":2200,"height":1200,"url":"https:\/\/hoteldemedici.com\/wp-content\/uploads\/sites\/69\/2019\/09\/2nd-wing-comfort-Room-3.jpg","type":"image\/jpeg"}],"twitter_card":"summary_large_image","twitter_misc":{"Dur\u00e9e de lecture estim\u00e9e":"1 minute"},"schema":{"@context":"https:\/\/schema.org","@graph":[{"@type":"WebPage","@id":"https:\/\/hoteldemedici.com\/fr\/chambres-junior-suites\/chambres-confort\/","url":"https:\/\/hoteldemedici.com\/fr\/chambres-junior-suites\/chambres-confort\/","name":"Chambres confort - Hotel de Medici","isPartOf":{"@id":"https:\/\/hoteldemedici.com\/fr\/#website"},"primaryImageOfPage":{"@id":"https:\/\/hoteldemedici.com\/fr\/chambres-junior-suites\/chambres-confort\/#primaryimage"},"image":{"@id":"https:\/\/hoteldemedici.com\/fr\/chambres-junior-suites\/chambres-confort\/#primaryimage"},"thumbnailUrl":"https:\/\/hoteldemedici.com\/wp-content\/uploads\/sites\/69\/2019\/09\/2nd-wing-comfort-Room-3.jpg","datePublished":"2019-07-29T12:12:53+00:00","dateModified":"2023-10-04T06:36:51+00:00","breadcrumb":{"@id":"https:\/\/hoteldemedici.com\/fr\/chambres-junior-suites\/chambres-confort\/#breadcrumb"},"inLanguage":"fr-FR","potentialAction":[{"@type":"ReadAction","target":["https:\/\/hoteldemedici.com\/fr\/chambres-junior-suites\/chambres-confort\/"]}]},{"@type":"ImageObject","inLanguage":"fr-FR","@id":"https:\/\/hoteldemedici.com\/fr\/chambres-junior-suites\/chambres-confort\/#primaryimage","url":"https:\/\/hoteldemedici.com\/wp-content\/uploads\/sites\/69\/2019\/09\/2nd-wing-comfort-Room-3.jpg","contentUrl":"https:\/\/hoteldemedici.com\/wp-content\/uploads\/sites\/69\/2019\/09\/2nd-wing-comfort-Room-3.jpg","width":2200,"height":1200,"caption":"en::rooms nl::kamers fr::chambres de::zimmer"},{"@type":"BreadcrumbList","@id":"https:\/\/hoteldemedici.com\/fr\/chambres-junior-suites\/chambres-confort\/#breadcrumb","itemListElement":[{"@type":"ListItem","position":1,"name":"Home","item":"https:\/\/hoteldemedici.com\/fr\/"},{"@type":"ListItem","position":2,"name":"Chambres &#038; Junior Suites","item":"https:\/\/hoteldemedici.com\/fr\/chambres-junior-suites\/"},{"@type":"ListItem","position":3,"name":"Chambres confort"}]},{"@type":"WebSite","@id":"https:\/\/hoteldemedici.com\/fr\/#website","url":"https:\/\/hoteldemedici.com\/fr\/","name":"Hotel de Medici","description":"","potentialAction":[{"@type":"SearchAction","target":{"@type":"EntryPoint","urlTemplate":"https:\/\/hoteldemedici.com\/fr\/?s={search_term_string}"},"query-input":{"@type":"PropertyValueSpecification","valueRequired":true,"valueName":"search_term_string"}}],"inLanguage":"fr-FR"}]}},"acf":[],"_links":{"self":[{"href":"https:\/\/hoteldemedici.com\/fr\/wp-json\/wp\/v2\/pages\/1475","targetHints":{"allow":["GET"]}}],"collection":[{"href":"https:\/\/hoteldemedici.com\/fr\/wp-json\/wp\/v2\/pages"}],"about":[{"href":"https:\/\/hoteldemedici.com\/fr\/wp-json\/wp\/v2\/types\/page"}],"author":[{"embeddable":true,"href":"https:\/\/hoteldemedici.com\/fr\/wp-json\/wp\/v2\/users\/46"}],"replies":[{"embeddable":true,"href":"https:\/\/hoteldemedici.com\/fr\/wp-json\/wp\/v2\/comments?post=1475"}],"version-history":[{"count":0,"href":"https:\/\/hoteldemedici.com\/fr\/wp-json\/wp\/v2\/pages\/1475\/revisions"}],"up":[{"embeddable":true,"href":"https:\/\/hoteldemedici.com\/fr\/wp-json\/wp\/v2\/pages\/1461"}],"wp:featuredmedia":[{"embeddable":true,"href":"https:\/\/hoteldemedici.com\/fr\/wp-json\/wp\/v2\/media\/3256"}],"wp:attachment":[{"href":"https:\/\/hoteldemedici.com\/fr\/wp-json\/wp\/v2\/media?parent=1475"}],"curies":[{"name":"wp","href":"https:\/\/api.w.org\/{rel}","templated":true}]}}