{"id":1468,"date":"2019-07-26T15:22:45","date_gmt":"2019-07-26T15:22:45","guid":{"rendered":"http:\/\/hotel-de-medici.ms.decms.eu\/rooms-junior-suites\/standard-rooms\/"},"modified":"2019-11-08T15:41:34","modified_gmt":"2019-11-08T15:41:34","slug":"chambres-standards","status":"publish","type":"page","link":"https:\/\/hoteldemedici.com\/fr\/chambres-junior-suites\/chambres-standards\/","title":{"rendered":"Chambres standards"},"content":{"rendered":"<p>Les chambres standard sont toutes climatis\u00e9es et \u00e9quip\u00e9es avec du parquet. Ces chambres sont class\u00e9es comme hypoallerg\u00e9niques. Les chambres standard sont \u00e9quip\u00e9es de lits doubles ou de lits jumeaux, selon vos besoins. Les chambres donnent sur le canal en face de l&rsquo;h\u00f4tel ou sur le magnifique jardin japonais ou sur la rue \u00e0 c\u00f4t\u00e9 de l&rsquo;h\u00f4tel. Certaines chambres standard poss\u00e8dent \u00e9galement d\u2019un balcon donnant sur le jardin japonais. Les fen\u00eatres insonoris\u00e9es garantissent une bonne nuit de sommeil apr\u00e8s une longue journ\u00e9e pass\u00e9e \u00e0 explorer l\u2019atmosph\u00e8re vibrante de Bruges. Les chambres sont \u00e9quip\u00e9es de salle de bains avec s\u00e8che-cheveux, \u00e9cran IP 43 pouces \u00e0 \u00e9cran LED, radio, t\u00e9l\u00e9phone international, connexions Internet WIFI GRATUIT, coffre-fort priv\u00e9, minibar et cafeti\u00e8re \/ th\u00e9i\u00e8re. \u00c0 l&rsquo;Hotel de\u2019 Medici, nous proposons \u00e9galement des chambres adapt\u00e9es aux besoins des personnes \u00e0 mobilit\u00e9 r\u00e9duite. Nous disposons d&rsquo;une chambre standard adapt\u00e9e, \u00e9quip\u00e9e de deux lits simples et une salle de bain adapt\u00e9e.<\/p>\n","protected":false},"excerpt":{"rendered":"<p>Les chambres standard sont toutes climatis\u00e9es et \u00e9quip\u00e9es avec du parquet. Ces chambres sont class\u00e9es comme hypoallerg\u00e9niques. Les chambres standard sont \u00e9quip\u00e9es de lits doubles ou de lits jumeaux, selon vos besoins. Les chambres donnent sur le canal en face de l&rsquo;h\u00f4tel ou sur le magnifique jardin japonais ou sur la rue \u00e0 c\u00f4t\u00e9 de [&hellip;]<\/p>\n","protected":false},"author":46,"featured_media":0,"parent":1461,"menu_order":0,"comment_status":"closed","ping_status":"closed","template":"template-single-room.php","meta":{"footnotes":""},"class_list":["post-1468","page","type-page","status-publish","hentry"],"yoast_head":"<!-- This site is optimized with the Yoast SEO plugin v26.9 - https:\/\/yoast.com\/product\/yoast-seo-wordpress\/ -->\n<title>Chambres standards - Hotel de Medici<\/title>\n<meta name=\"robots\" content=\"index, follow, max-snippet:-1, max-image-preview:large, max-video-preview:-1\" \/>\n<link rel=\"canonical\" href=\"https:\/\/hoteldemedici.com\/fr\/chambres-junior-suites\/chambres-standards\/\" \/>\n<meta property=\"og:locale\" content=\"fr_FR\" \/>\n<meta property=\"og:type\" content=\"article\" \/>\n<meta property=\"og:title\" content=\"Chambres standards - Hotel de Medici\" \/>\n<meta property=\"og:description\" content=\"Les chambres standard sont toutes climatis\u00e9es et \u00e9quip\u00e9es avec du parquet. Ces chambres sont class\u00e9es comme hypoallerg\u00e9niques. Les chambres standard sont \u00e9quip\u00e9es de lits doubles ou de lits jumeaux, selon vos besoins. Les chambres donnent sur le canal en face de l&rsquo;h\u00f4tel ou sur le magnifique jardin japonais ou sur la rue \u00e0 c\u00f4t\u00e9 de [&hellip;]\" \/>\n<meta property=\"og:url\" content=\"https:\/\/hoteldemedici.com\/fr\/chambres-junior-suites\/chambres-standards\/\" \/>\n<meta property=\"og:site_name\" content=\"Hotel de Medici\" \/>\n<meta property=\"article:modified_time\" content=\"2019-11-08T15:41:34+00:00\" \/>\n<meta name=\"twitter:card\" content=\"summary_large_image\" \/>\n<meta name=\"twitter:label1\" content=\"Dur\u00e9e de lecture estim\u00e9e\" \/>\n\t<meta name=\"twitter:data1\" content=\"1 minute\" \/>\n<script type=\"application\/ld+json\" class=\"yoast-schema-graph\">{\"@context\":\"https:\/\/schema.org\",\"@graph\":[{\"@type\":\"WebPage\",\"@id\":\"https:\/\/hoteldemedici.com\/fr\/chambres-junior-suites\/chambres-standards\/\",\"url\":\"https:\/\/hoteldemedici.com\/fr\/chambres-junior-suites\/chambres-standards\/\",\"name\":\"Chambres standards - Hotel de Medici\",\"isPartOf\":{\"@id\":\"https:\/\/hoteldemedici.com\/fr\/#website\"},\"datePublished\":\"2019-07-26T15:22:45+00:00\",\"dateModified\":\"2019-11-08T15:41:34+00:00\",\"breadcrumb\":{\"@id\":\"https:\/\/hoteldemedici.com\/fr\/chambres-junior-suites\/chambres-standards\/#breadcrumb\"},\"inLanguage\":\"fr-FR\",\"potentialAction\":[{\"@type\":\"ReadAction\",\"target\":[\"https:\/\/hoteldemedici.com\/fr\/chambres-junior-suites\/chambres-standards\/\"]}]},{\"@type\":\"BreadcrumbList\",\"@id\":\"https:\/\/hoteldemedici.com\/fr\/chambres-junior-suites\/chambres-standards\/#breadcrumb\",\"itemListElement\":[{\"@type\":\"ListItem\",\"position\":1,\"name\":\"Home\",\"item\":\"https:\/\/hoteldemedici.com\/fr\/\"},{\"@type\":\"ListItem\",\"position\":2,\"name\":\"Chambres &#038; Junior Suites\",\"item\":\"https:\/\/hoteldemedici.com\/fr\/chambres-junior-suites\/\"},{\"@type\":\"ListItem\",\"position\":3,\"name\":\"Chambres standards\"}]},{\"@type\":\"WebSite\",\"@id\":\"https:\/\/hoteldemedici.com\/fr\/#website\",\"url\":\"https:\/\/hoteldemedici.com\/fr\/\",\"name\":\"Hotel de Medici\",\"description\":\"\",\"potentialAction\":[{\"@type\":\"SearchAction\",\"target\":{\"@type\":\"EntryPoint\",\"urlTemplate\":\"https:\/\/hoteldemedici.com\/fr\/?s={search_term_string}\"},\"query-input\":{\"@type\":\"PropertyValueSpecification\",\"valueRequired\":true,\"valueName\":\"search_term_string\"}}],\"inLanguage\":\"fr-FR\"}]}<\/script>\n<!-- \/ Yoast SEO plugin. -->","yoast_head_json":{"title":"Chambres standards - Hotel de Medici","robots":{"index":"index","follow":"follow","max-snippet":"max-snippet:-1","max-image-preview":"max-image-preview:large","max-video-preview":"max-video-preview:-1"},"canonical":"https:\/\/hoteldemedici.com\/fr\/chambres-junior-suites\/chambres-standards\/","og_locale":"fr_FR","og_type":"article","og_title":"Chambres standards - Hotel de Medici","og_description":"Les chambres standard sont toutes climatis\u00e9es et \u00e9quip\u00e9es avec du parquet. Ces chambres sont class\u00e9es comme hypoallerg\u00e9niques. Les chambres standard sont \u00e9quip\u00e9es de lits doubles ou de lits jumeaux, selon vos besoins. Les chambres donnent sur le canal en face de l&rsquo;h\u00f4tel ou sur le magnifique jardin japonais ou sur la rue \u00e0 c\u00f4t\u00e9 de [&hellip;]","og_url":"https:\/\/hoteldemedici.com\/fr\/chambres-junior-suites\/chambres-standards\/","og_site_name":"Hotel de Medici","article_modified_time":"2019-11-08T15:41:34+00:00","twitter_card":"summary_large_image","twitter_misc":{"Dur\u00e9e de lecture estim\u00e9e":"1 minute"},"schema":{"@context":"https:\/\/schema.org","@graph":[{"@type":"WebPage","@id":"https:\/\/hoteldemedici.com\/fr\/chambres-junior-suites\/chambres-standards\/","url":"https:\/\/hoteldemedici.com\/fr\/chambres-junior-suites\/chambres-standards\/","name":"Chambres standards - Hotel de Medici","isPartOf":{"@id":"https:\/\/hoteldemedici.com\/fr\/#website"},"datePublished":"2019-07-26T15:22:45+00:00","dateModified":"2019-11-08T15:41:34+00:00","breadcrumb":{"@id":"https:\/\/hoteldemedici.com\/fr\/chambres-junior-suites\/chambres-standards\/#breadcrumb"},"inLanguage":"fr-FR","potentialAction":[{"@type":"ReadAction","target":["https:\/\/hoteldemedici.com\/fr\/chambres-junior-suites\/chambres-standards\/"]}]},{"@type":"BreadcrumbList","@id":"https:\/\/hoteldemedici.com\/fr\/chambres-junior-suites\/chambres-standards\/#breadcrumb","itemListElement":[{"@type":"ListItem","position":1,"name":"Home","item":"https:\/\/hoteldemedici.com\/fr\/"},{"@type":"ListItem","position":2,"name":"Chambres &#038; Junior Suites","item":"https:\/\/hoteldemedici.com\/fr\/chambres-junior-suites\/"},{"@type":"ListItem","position":3,"name":"Chambres standards"}]},{"@type":"WebSite","@id":"https:\/\/hoteldemedici.com\/fr\/#website","url":"https:\/\/hoteldemedici.com\/fr\/","name":"Hotel de Medici","description":"","potentialAction":[{"@type":"SearchAction","target":{"@type":"EntryPoint","urlTemplate":"https:\/\/hoteldemedici.com\/fr\/?s={search_term_string}"},"query-input":{"@type":"PropertyValueSpecification","valueRequired":true,"valueName":"search_term_string"}}],"inLanguage":"fr-FR"}]}},"acf":[],"_links":{"self":[{"href":"https:\/\/hoteldemedici.com\/fr\/wp-json\/wp\/v2\/pages\/1468","targetHints":{"allow":["GET"]}}],"collection":[{"href":"https:\/\/hoteldemedici.com\/fr\/wp-json\/wp\/v2\/pages"}],"about":[{"href":"https:\/\/hoteldemedici.com\/fr\/wp-json\/wp\/v2\/types\/page"}],"author":[{"embeddable":true,"href":"https:\/\/hoteldemedici.com\/fr\/wp-json\/wp\/v2\/users\/46"}],"replies":[{"embeddable":true,"href":"https:\/\/hoteldemedici.com\/fr\/wp-json\/wp\/v2\/comments?post=1468"}],"version-history":[{"count":0,"href":"https:\/\/hoteldemedici.com\/fr\/wp-json\/wp\/v2\/pages\/1468\/revisions"}],"up":[{"embeddable":true,"href":"https:\/\/hoteldemedici.com\/fr\/wp-json\/wp\/v2\/pages\/1461"}],"wp:attachment":[{"href":"https:\/\/hoteldemedici.com\/fr\/wp-json\/wp\/v2\/media?parent=1468"}],"curies":[{"name":"wp","href":"https:\/\/api.w.org\/{rel}","templated":true}]}}