{"id":1461,"date":"2019-07-26T14:52:59","date_gmt":"2019-07-26T14:52:59","guid":{"rendered":"http:\/\/hotel-de-medici.ms.decms.eu\/rooms-junior-suites\/"},"modified":"2019-11-08T15:40:46","modified_gmt":"2019-11-08T15:40:46","slug":"chambres-junior-suites","status":"publish","type":"page","link":"https:\/\/hoteldemedici.com\/fr\/chambres-junior-suites\/","title":{"rendered":"Chambres &#038; Junior Suites"},"content":{"rendered":"<p>Toutes nos 101 chambres dont 6 junior suites sont ultimes en confort. Ils sont toutes pourvues d\u2019une salle de bain avec s\u00e8che-cheveux, facilit\u00e9s caf\u00e9\/th\u00e9, minibar, radio, HD t\u00e9l\u00e9vision \u00e9cran plat, t\u00e9l\u00e9phone, connexion WIFI, coffre-fort et climatisation.<br \/>\n&nbsp;<br \/>\nL\u2019h\u00f4tel dispose aussi des chambres avec une porte interm\u00e9diaire, ainsi que 3 chambres adapt\u00e9es aux personnes avec une mobilit\u00e9 r\u00e9duite. Dans certain de nos chambres, nous avons la possibilit\u00e9 d\u2019ajouter un lit d\u2019appoint ou un lit b\u00e9b\u00e9. Ceci est possible, selon demande avant votre arriv\u00e9e. Un suppl\u00e9ment est possible.<br \/>\n&nbsp;<br \/>\nNotre h\u00f4tel est une propri\u00e9t\u00e9 non-fumeur.<\/p>\n","protected":false},"excerpt":{"rendered":"<p>Toutes nos 101 chambres dont 6 junior suites sont ultimes en confort. Ils sont toutes pourvues d\u2019une salle de bain avec s\u00e8che-cheveux, facilit\u00e9s caf\u00e9\/th\u00e9, minibar, radio, HD t\u00e9l\u00e9vision \u00e9cran plat, t\u00e9l\u00e9phone, connexion WIFI, coffre-fort et climatisation. &nbsp; L\u2019h\u00f4tel dispose aussi des chambres avec une porte interm\u00e9diaire, ainsi que 3 chambres adapt\u00e9es aux personnes avec une [&hellip;]<\/p>\n","protected":false},"author":46,"featured_media":0,"parent":0,"menu_order":200,"comment_status":"closed","ping_status":"closed","template":"template-rooms.php","meta":{"footnotes":""},"class_list":["post-1461","page","type-page","status-publish","hentry"],"yoast_head":"<!-- This site is optimized with the Yoast SEO plugin v26.9 - https:\/\/yoast.com\/product\/yoast-seo-wordpress\/ -->\n<title>Chambres &amp; Junior Suites - Hotel de Medici<\/title>\n<meta name=\"robots\" content=\"index, follow, max-snippet:-1, max-image-preview:large, max-video-preview:-1\" \/>\n<link rel=\"canonical\" href=\"https:\/\/hoteldemedici.com\/fr\/chambres-junior-suites\/\" \/>\n<meta property=\"og:locale\" content=\"fr_FR\" \/>\n<meta property=\"og:type\" content=\"article\" \/>\n<meta property=\"og:title\" content=\"Chambres &amp; Junior Suites - Hotel de Medici\" \/>\n<meta property=\"og:description\" content=\"Toutes nos 101 chambres dont 6 junior suites sont ultimes en confort. Ils sont toutes pourvues d\u2019une salle de bain avec s\u00e8che-cheveux, facilit\u00e9s caf\u00e9\/th\u00e9, minibar, radio, HD t\u00e9l\u00e9vision \u00e9cran plat, t\u00e9l\u00e9phone, connexion WIFI, coffre-fort et climatisation. &nbsp; L\u2019h\u00f4tel dispose aussi des chambres avec une porte interm\u00e9diaire, ainsi que 3 chambres adapt\u00e9es aux personnes avec une [&hellip;]\" \/>\n<meta property=\"og:url\" content=\"https:\/\/hoteldemedici.com\/fr\/chambres-junior-suites\/\" \/>\n<meta property=\"og:site_name\" content=\"Hotel de Medici\" \/>\n<meta property=\"article:modified_time\" content=\"2019-11-08T15:40:46+00:00\" \/>\n<meta name=\"twitter:card\" content=\"summary_large_image\" \/>\n<meta name=\"twitter:label1\" content=\"Dur\u00e9e de lecture estim\u00e9e\" \/>\n\t<meta name=\"twitter:data1\" content=\"1 minute\" \/>\n<script type=\"application\/ld+json\" class=\"yoast-schema-graph\">{\"@context\":\"https:\/\/schema.org\",\"@graph\":[{\"@type\":\"WebPage\",\"@id\":\"https:\/\/hoteldemedici.com\/fr\/chambres-junior-suites\/\",\"url\":\"https:\/\/hoteldemedici.com\/fr\/chambres-junior-suites\/\",\"name\":\"Chambres & Junior Suites - Hotel de Medici\",\"isPartOf\":{\"@id\":\"https:\/\/hoteldemedici.com\/fr\/#website\"},\"datePublished\":\"2019-07-26T14:52:59+00:00\",\"dateModified\":\"2019-11-08T15:40:46+00:00\",\"breadcrumb\":{\"@id\":\"https:\/\/hoteldemedici.com\/fr\/chambres-junior-suites\/#breadcrumb\"},\"inLanguage\":\"fr-FR\",\"potentialAction\":[{\"@type\":\"ReadAction\",\"target\":[\"https:\/\/hoteldemedici.com\/fr\/chambres-junior-suites\/\"]}]},{\"@type\":\"BreadcrumbList\",\"@id\":\"https:\/\/hoteldemedici.com\/fr\/chambres-junior-suites\/#breadcrumb\",\"itemListElement\":[{\"@type\":\"ListItem\",\"position\":1,\"name\":\"Home\",\"item\":\"https:\/\/hoteldemedici.com\/fr\/\"},{\"@type\":\"ListItem\",\"position\":2,\"name\":\"Chambres &#038; Junior Suites\"}]},{\"@type\":\"WebSite\",\"@id\":\"https:\/\/hoteldemedici.com\/fr\/#website\",\"url\":\"https:\/\/hoteldemedici.com\/fr\/\",\"name\":\"Hotel de Medici\",\"description\":\"\",\"potentialAction\":[{\"@type\":\"SearchAction\",\"target\":{\"@type\":\"EntryPoint\",\"urlTemplate\":\"https:\/\/hoteldemedici.com\/fr\/?s={search_term_string}\"},\"query-input\":{\"@type\":\"PropertyValueSpecification\",\"valueRequired\":true,\"valueName\":\"search_term_string\"}}],\"inLanguage\":\"fr-FR\"}]}<\/script>\n<!-- \/ Yoast SEO plugin. -->","yoast_head_json":{"title":"Chambres & Junior Suites - Hotel de Medici","robots":{"index":"index","follow":"follow","max-snippet":"max-snippet:-1","max-image-preview":"max-image-preview:large","max-video-preview":"max-video-preview:-1"},"canonical":"https:\/\/hoteldemedici.com\/fr\/chambres-junior-suites\/","og_locale":"fr_FR","og_type":"article","og_title":"Chambres & Junior Suites - Hotel de Medici","og_description":"Toutes nos 101 chambres dont 6 junior suites sont ultimes en confort. Ils sont toutes pourvues d\u2019une salle de bain avec s\u00e8che-cheveux, facilit\u00e9s caf\u00e9\/th\u00e9, minibar, radio, HD t\u00e9l\u00e9vision \u00e9cran plat, t\u00e9l\u00e9phone, connexion WIFI, coffre-fort et climatisation. &nbsp; L\u2019h\u00f4tel dispose aussi des chambres avec une porte interm\u00e9diaire, ainsi que 3 chambres adapt\u00e9es aux personnes avec une [&hellip;]","og_url":"https:\/\/hoteldemedici.com\/fr\/chambres-junior-suites\/","og_site_name":"Hotel de Medici","article_modified_time":"2019-11-08T15:40:46+00:00","twitter_card":"summary_large_image","twitter_misc":{"Dur\u00e9e de lecture estim\u00e9e":"1 minute"},"schema":{"@context":"https:\/\/schema.org","@graph":[{"@type":"WebPage","@id":"https:\/\/hoteldemedici.com\/fr\/chambres-junior-suites\/","url":"https:\/\/hoteldemedici.com\/fr\/chambres-junior-suites\/","name":"Chambres & Junior Suites - Hotel de Medici","isPartOf":{"@id":"https:\/\/hoteldemedici.com\/fr\/#website"},"datePublished":"2019-07-26T14:52:59+00:00","dateModified":"2019-11-08T15:40:46+00:00","breadcrumb":{"@id":"https:\/\/hoteldemedici.com\/fr\/chambres-junior-suites\/#breadcrumb"},"inLanguage":"fr-FR","potentialAction":[{"@type":"ReadAction","target":["https:\/\/hoteldemedici.com\/fr\/chambres-junior-suites\/"]}]},{"@type":"BreadcrumbList","@id":"https:\/\/hoteldemedici.com\/fr\/chambres-junior-suites\/#breadcrumb","itemListElement":[{"@type":"ListItem","position":1,"name":"Home","item":"https:\/\/hoteldemedici.com\/fr\/"},{"@type":"ListItem","position":2,"name":"Chambres &#038; Junior Suites"}]},{"@type":"WebSite","@id":"https:\/\/hoteldemedici.com\/fr\/#website","url":"https:\/\/hoteldemedici.com\/fr\/","name":"Hotel de Medici","description":"","potentialAction":[{"@type":"SearchAction","target":{"@type":"EntryPoint","urlTemplate":"https:\/\/hoteldemedici.com\/fr\/?s={search_term_string}"},"query-input":{"@type":"PropertyValueSpecification","valueRequired":true,"valueName":"search_term_string"}}],"inLanguage":"fr-FR"}]}},"acf":[],"_links":{"self":[{"href":"https:\/\/hoteldemedici.com\/fr\/wp-json\/wp\/v2\/pages\/1461","targetHints":{"allow":["GET"]}}],"collection":[{"href":"https:\/\/hoteldemedici.com\/fr\/wp-json\/wp\/v2\/pages"}],"about":[{"href":"https:\/\/hoteldemedici.com\/fr\/wp-json\/wp\/v2\/types\/page"}],"author":[{"embeddable":true,"href":"https:\/\/hoteldemedici.com\/fr\/wp-json\/wp\/v2\/users\/46"}],"replies":[{"embeddable":true,"href":"https:\/\/hoteldemedici.com\/fr\/wp-json\/wp\/v2\/comments?post=1461"}],"version-history":[{"count":0,"href":"https:\/\/hoteldemedici.com\/fr\/wp-json\/wp\/v2\/pages\/1461\/revisions"}],"wp:attachment":[{"href":"https:\/\/hoteldemedici.com\/fr\/wp-json\/wp\/v2\/media?parent=1461"}],"curies":[{"name":"wp","href":"https:\/\/api.w.org\/{rel}","templated":true}]}}