{"id":1423,"date":"2019-07-26T14:42:06","date_gmt":"2019-07-26T14:42:06","guid":{"rendered":"http:\/\/hotel-de-medici.ms.decms.eu\/location\/"},"modified":"2023-06-27T09:53:59","modified_gmt":"2023-06-27T09:53:59","slug":"hotel-au-centre-ville","status":"publish","type":"page","link":"https:\/\/hoteldemedici.com\/fr\/hotel-au-centre-ville\/","title":{"rendered":"H\u00f4tel au centre ville"},"content":{"rendered":"<p>Hotel de\u2019Medici est situ\u00e9 au long des canaux les plus beaux de Bruges et \u00e0 quelques minutes \u00e0 pied de la Grande Place.<br \/>\n&nbsp;<br \/>\nToutes nos 101 chambres dont 6 junior suites sont ultimes en confort. Notre h\u00f4tel dispose aussi de 3 chambres compl\u00e8tement adapt\u00e9es pour des personnes \u00e0 mobilit\u00e9 r\u00e9duite. Chambres sur demande.<br \/>\n&nbsp;<br \/>\nSi vous souhaitez votre chambre d\u2019\u00eatre sur-class\u00e9e pour l\u2019un de nos belles chambres confort ou une suite, cela est possible en fonction des disponibilit\u00e9s et soumis \u00e0 un suppl\u00e9ment. Nos chambres confort offrent tous les \u00e9quipements modernes et sont toutes meubl\u00e9es avec des meubles de haute qualit\u00e9. Ne pas h\u00e9siter \u00e0 communiquer avec nos r\u00e9ceptionnistes pour vous aider dans ce domaine.<br \/>\n&nbsp;<br \/>\nNotre lounge bar \u2018Damme\u2019, face au jardin japonais est la place id\u00e9ale pour rencontrer vos relations d\u2019affaires ou pour r\u00e9unir avec vos amis ou famille pour une boisson ou un snack. Ouvert tout les jours entre 16:30 et 23:00.<\/p>\n","protected":false},"excerpt":{"rendered":"<p>Hotel de\u2019Medici est situ\u00e9 au long des canaux les plus beaux de Bruges et \u00e0 quelques minutes \u00e0 pied de la Grande Place. &nbsp; Toutes nos 101 chambres dont 6 junior suites sont ultimes en confort. Notre h\u00f4tel dispose aussi de 3 chambres compl\u00e8tement adapt\u00e9es pour des personnes \u00e0 mobilit\u00e9 r\u00e9duite. Chambres sur demande. &nbsp; [&hellip;]<\/p>\n","protected":false},"author":46,"featured_media":3228,"parent":0,"menu_order":0,"comment_status":"closed","ping_status":"closed","template":"template-hotel.php","meta":{"footnotes":""},"class_list":["post-1423","page","type-page","status-publish","has-post-thumbnail","hentry"],"yoast_head":"<!-- This site is optimized with the Yoast SEO plugin v26.9 - https:\/\/yoast.com\/product\/yoast-seo-wordpress\/ -->\n<title>H\u00f4tel au centre ville - Hotel de Medici<\/title>\n<meta name=\"robots\" content=\"index, follow, max-snippet:-1, max-image-preview:large, max-video-preview:-1\" \/>\n<link rel=\"canonical\" href=\"https:\/\/hoteldemedici.com\/fr\/hotel-au-centre-ville\/\" \/>\n<meta property=\"og:locale\" content=\"fr_FR\" \/>\n<meta property=\"og:type\" content=\"article\" \/>\n<meta property=\"og:title\" content=\"H\u00f4tel au centre ville - Hotel de Medici\" \/>\n<meta property=\"og:description\" content=\"Hotel de\u2019Medici est situ\u00e9 au long des canaux les plus beaux de Bruges et \u00e0 quelques minutes \u00e0 pied de la Grande Place. &nbsp; Toutes nos 101 chambres dont 6 junior suites sont ultimes en confort. Notre h\u00f4tel dispose aussi de 3 chambres compl\u00e8tement adapt\u00e9es pour des personnes \u00e0 mobilit\u00e9 r\u00e9duite. Chambres sur demande. &nbsp; [&hellip;]\" \/>\n<meta property=\"og:url\" content=\"https:\/\/hoteldemedici.com\/fr\/hotel-au-centre-ville\/\" \/>\n<meta property=\"og:site_name\" content=\"Hotel de Medici\" \/>\n<meta property=\"article:modified_time\" content=\"2023-06-27T09:53:59+00:00\" \/>\n<meta property=\"og:image\" content=\"https:\/\/hoteldemedici.com\/wp-content\/uploads\/sites\/69\/2019\/07\/Bruggecity-2.jpg\" \/>\n\t<meta property=\"og:image:width\" content=\"1200\" \/>\n\t<meta property=\"og:image:height\" content=\"655\" \/>\n\t<meta property=\"og:image:type\" content=\"image\/jpeg\" \/>\n<meta name=\"twitter:card\" content=\"summary_large_image\" \/>\n<meta name=\"twitter:label1\" content=\"Dur\u00e9e de lecture estim\u00e9e\" \/>\n\t<meta name=\"twitter:data1\" content=\"1 minute\" \/>\n<script type=\"application\/ld+json\" class=\"yoast-schema-graph\">{\"@context\":\"https:\/\/schema.org\",\"@graph\":[{\"@type\":\"WebPage\",\"@id\":\"https:\/\/hoteldemedici.com\/fr\/hotel-au-centre-ville\/\",\"url\":\"https:\/\/hoteldemedici.com\/fr\/hotel-au-centre-ville\/\",\"name\":\"H\u00f4tel au centre ville - Hotel de Medici\",\"isPartOf\":{\"@id\":\"https:\/\/hoteldemedici.com\/fr\/#website\"},\"primaryImageOfPage\":{\"@id\":\"https:\/\/hoteldemedici.com\/fr\/hotel-au-centre-ville\/#primaryimage\"},\"image\":{\"@id\":\"https:\/\/hoteldemedici.com\/fr\/hotel-au-centre-ville\/#primaryimage\"},\"thumbnailUrl\":\"https:\/\/hoteldemedici.com\/wp-content\/uploads\/sites\/69\/2019\/07\/Bruggecity-2.jpg\",\"datePublished\":\"2019-07-26T14:42:06+00:00\",\"dateModified\":\"2023-06-27T09:53:59+00:00\",\"breadcrumb\":{\"@id\":\"https:\/\/hoteldemedici.com\/fr\/hotel-au-centre-ville\/#breadcrumb\"},\"inLanguage\":\"fr-FR\",\"potentialAction\":[{\"@type\":\"ReadAction\",\"target\":[\"https:\/\/hoteldemedici.com\/fr\/hotel-au-centre-ville\/\"]}]},{\"@type\":\"ImageObject\",\"inLanguage\":\"fr-FR\",\"@id\":\"https:\/\/hoteldemedici.com\/fr\/hotel-au-centre-ville\/#primaryimage\",\"url\":\"https:\/\/hoteldemedici.com\/wp-content\/uploads\/sites\/69\/2019\/07\/Bruggecity-2.jpg\",\"contentUrl\":\"https:\/\/hoteldemedici.com\/wp-content\/uploads\/sites\/69\/2019\/07\/Bruggecity-2.jpg\",\"width\":1200,\"height\":655},{\"@type\":\"BreadcrumbList\",\"@id\":\"https:\/\/hoteldemedici.com\/fr\/hotel-au-centre-ville\/#breadcrumb\",\"itemListElement\":[{\"@type\":\"ListItem\",\"position\":1,\"name\":\"Home\",\"item\":\"https:\/\/hoteldemedici.com\/fr\/\"},{\"@type\":\"ListItem\",\"position\":2,\"name\":\"H\u00f4tel au centre ville\"}]},{\"@type\":\"WebSite\",\"@id\":\"https:\/\/hoteldemedici.com\/fr\/#website\",\"url\":\"https:\/\/hoteldemedici.com\/fr\/\",\"name\":\"Hotel de Medici\",\"description\":\"\",\"potentialAction\":[{\"@type\":\"SearchAction\",\"target\":{\"@type\":\"EntryPoint\",\"urlTemplate\":\"https:\/\/hoteldemedici.com\/fr\/?s={search_term_string}\"},\"query-input\":{\"@type\":\"PropertyValueSpecification\",\"valueRequired\":true,\"valueName\":\"search_term_string\"}}],\"inLanguage\":\"fr-FR\"}]}<\/script>\n<!-- \/ Yoast SEO plugin. -->","yoast_head_json":{"title":"H\u00f4tel au centre ville - Hotel de Medici","robots":{"index":"index","follow":"follow","max-snippet":"max-snippet:-1","max-image-preview":"max-image-preview:large","max-video-preview":"max-video-preview:-1"},"canonical":"https:\/\/hoteldemedici.com\/fr\/hotel-au-centre-ville\/","og_locale":"fr_FR","og_type":"article","og_title":"H\u00f4tel au centre ville - Hotel de Medici","og_description":"Hotel de\u2019Medici est situ\u00e9 au long des canaux les plus beaux de Bruges et \u00e0 quelques minutes \u00e0 pied de la Grande Place. &nbsp; Toutes nos 101 chambres dont 6 junior suites sont ultimes en confort. Notre h\u00f4tel dispose aussi de 3 chambres compl\u00e8tement adapt\u00e9es pour des personnes \u00e0 mobilit\u00e9 r\u00e9duite. Chambres sur demande. &nbsp; [&hellip;]","og_url":"https:\/\/hoteldemedici.com\/fr\/hotel-au-centre-ville\/","og_site_name":"Hotel de Medici","article_modified_time":"2023-06-27T09:53:59+00:00","og_image":[{"width":1200,"height":655,"url":"https:\/\/hoteldemedici.com\/wp-content\/uploads\/sites\/69\/2019\/07\/Bruggecity-2.jpg","type":"image\/jpeg"}],"twitter_card":"summary_large_image","twitter_misc":{"Dur\u00e9e de lecture estim\u00e9e":"1 minute"},"schema":{"@context":"https:\/\/schema.org","@graph":[{"@type":"WebPage","@id":"https:\/\/hoteldemedici.com\/fr\/hotel-au-centre-ville\/","url":"https:\/\/hoteldemedici.com\/fr\/hotel-au-centre-ville\/","name":"H\u00f4tel au centre ville - Hotel de Medici","isPartOf":{"@id":"https:\/\/hoteldemedici.com\/fr\/#website"},"primaryImageOfPage":{"@id":"https:\/\/hoteldemedici.com\/fr\/hotel-au-centre-ville\/#primaryimage"},"image":{"@id":"https:\/\/hoteldemedici.com\/fr\/hotel-au-centre-ville\/#primaryimage"},"thumbnailUrl":"https:\/\/hoteldemedici.com\/wp-content\/uploads\/sites\/69\/2019\/07\/Bruggecity-2.jpg","datePublished":"2019-07-26T14:42:06+00:00","dateModified":"2023-06-27T09:53:59+00:00","breadcrumb":{"@id":"https:\/\/hoteldemedici.com\/fr\/hotel-au-centre-ville\/#breadcrumb"},"inLanguage":"fr-FR","potentialAction":[{"@type":"ReadAction","target":["https:\/\/hoteldemedici.com\/fr\/hotel-au-centre-ville\/"]}]},{"@type":"ImageObject","inLanguage":"fr-FR","@id":"https:\/\/hoteldemedici.com\/fr\/hotel-au-centre-ville\/#primaryimage","url":"https:\/\/hoteldemedici.com\/wp-content\/uploads\/sites\/69\/2019\/07\/Bruggecity-2.jpg","contentUrl":"https:\/\/hoteldemedici.com\/wp-content\/uploads\/sites\/69\/2019\/07\/Bruggecity-2.jpg","width":1200,"height":655},{"@type":"BreadcrumbList","@id":"https:\/\/hoteldemedici.com\/fr\/hotel-au-centre-ville\/#breadcrumb","itemListElement":[{"@type":"ListItem","position":1,"name":"Home","item":"https:\/\/hoteldemedici.com\/fr\/"},{"@type":"ListItem","position":2,"name":"H\u00f4tel au centre ville"}]},{"@type":"WebSite","@id":"https:\/\/hoteldemedici.com\/fr\/#website","url":"https:\/\/hoteldemedici.com\/fr\/","name":"Hotel de Medici","description":"","potentialAction":[{"@type":"SearchAction","target":{"@type":"EntryPoint","urlTemplate":"https:\/\/hoteldemedici.com\/fr\/?s={search_term_string}"},"query-input":{"@type":"PropertyValueSpecification","valueRequired":true,"valueName":"search_term_string"}}],"inLanguage":"fr-FR"}]}},"acf":[],"_links":{"self":[{"href":"https:\/\/hoteldemedici.com\/fr\/wp-json\/wp\/v2\/pages\/1423","targetHints":{"allow":["GET"]}}],"collection":[{"href":"https:\/\/hoteldemedici.com\/fr\/wp-json\/wp\/v2\/pages"}],"about":[{"href":"https:\/\/hoteldemedici.com\/fr\/wp-json\/wp\/v2\/types\/page"}],"author":[{"embeddable":true,"href":"https:\/\/hoteldemedici.com\/fr\/wp-json\/wp\/v2\/users\/46"}],"replies":[{"embeddable":true,"href":"https:\/\/hoteldemedici.com\/fr\/wp-json\/wp\/v2\/comments?post=1423"}],"version-history":[{"count":0,"href":"https:\/\/hoteldemedici.com\/fr\/wp-json\/wp\/v2\/pages\/1423\/revisions"}],"wp:featuredmedia":[{"embeddable":true,"href":"https:\/\/hoteldemedici.com\/fr\/wp-json\/wp\/v2\/media\/3228"}],"wp:attachment":[{"href":"https:\/\/hoteldemedici.com\/fr\/wp-json\/wp\/v2\/media?parent=1423"}],"curies":[{"name":"wp","href":"https:\/\/api.w.org\/{rel}","templated":true}]}}