{"id":1221,"date":"2019-07-26T12:43:19","date_gmt":"2019-07-26T12:43:19","guid":{"rendered":"http:\/\/hotel-de-medici.ms.decms.eu\/city-centre-hotel\/"},"modified":"2025-01-07T14:52:40","modified_gmt":"2025-01-07T14:52:40","slug":"city-centre-hotel","status":"publish","type":"page","link":"https:\/\/hoteldemedici.com\/fr\/","title":{"rendered":"Bienvenue \u00e0 l&rsquo;hotel de&rsquo; Medici ****"},"content":{"rendered":"<p>H\u00f4tel de&rsquo; Medici est un h\u00f4tel 4 \u00e9toiles classique situ\u00e9 au long d\u2019un des canaux les plus romantiques de Bruges, \u00e0 seulement quelques minutes \u00e0 pied de la place du march\u00e9 dans le centre.<\/p>\n<p>H\u00f4tel de&rsquo; Medici propose 101 chambres climatis\u00e9es comprenant un coin salon et une t\u00e9l\u00e9vision par satellite \u00e0 \u00e9cran plat LED 43 pouces. Chaque chambre dispose \u00e9galement d&rsquo;un minibar et cafeti\u00e8re \/ th\u00e9i\u00e8re. Un copieux petit-d\u00e9jeuner buffet compos\u00e9 de plats chauds comme des \u0153ufs brouill\u00e9s et du bacon est servi tous les jours. Notre h\u00f4tel dispose de 8 salles de r\u00e9union multifonctionnelles et de 35 places de parking priv\u00e9es souterraines (avec un suppl\u00e9ment).<\/p>\n<p>Cet h\u00f4tel propose une connexion Wi-Fi gratuite dans l&rsquo;ensemble de ses locaux, un jardin avec une cour de style japonais, un espace de remise en forme et des installations de d\u00e9tente.<\/p>\n<p>Centre Historique de Bruges est un choix excellent pour les voyageurs int\u00e9ress\u00e9s par l&rsquo;atmosph\u00e8re, la vieille ville, l&rsquo;exploration et l&rsquo;ambiance. L&rsquo;Hotel de&rsquo; Medici surplombe l&rsquo;un des canaux les plus beaux et les plus paisibles de Bruges, \u00e0 seulement 10 minutes \u00e0 pied de la c\u00e9l\u00e8bre place du march\u00e9. Les principales rues commer\u00e7antes, des mus\u00e9es tels que l&rsquo;Historium, la brasserie De Halve Maan et le B\u00e9guinage, class\u00e9 au patrimoine mondial de l&rsquo;UNESCO, se trouvent tous \u00e0 20 minutes \u00e0 pied.<\/p>\n<p>Dans le centre de bien-\u00eatre, vous pourrez vous d\u00e9tendre dans le jacuzzi, sauna infrarouge ou le bain turc et vous d\u00e9tendre apr\u00e8s une journ\u00e9e pass\u00e9e \u00e0 explorer Bruges. Toutes ces installations sont disponibles avec un suppl\u00e9ment.<\/p>\n<p>Le bar de l&rsquo;h\u00f4tel donne sur le jardin et sert des boissons, notamment une s\u00e9lection de whiskies. Le bar-salon Damme est \u00abl&rsquo;endroit o\u00f9 il faut \u00eatre\u00bb pour un cocktail ou un petit snack le soir.<\/p>\n","protected":false},"excerpt":{"rendered":"<p>H\u00f4tel de&rsquo; Medici est un h\u00f4tel 4 \u00e9toiles classique situ\u00e9 au long d\u2019un des canaux les plus romantiques de Bruges, \u00e0 seulement quelques minutes \u00e0 pied de la place du march\u00e9 dans le centre. H\u00f4tel de&rsquo; Medici propose 101 chambres climatis\u00e9es comprenant un coin salon et une t\u00e9l\u00e9vision par satellite \u00e0 \u00e9cran plat LED 43 [&hellip;]<\/p>\n","protected":false},"author":46,"featured_media":0,"parent":0,"menu_order":0,"comment_status":"closed","ping_status":"closed","template":"","meta":{"footnotes":""},"class_list":["post-1221","page","type-page","status-publish","hentry"],"yoast_head":"<!-- This site is optimized with the Yoast SEO plugin v26.9 - https:\/\/yoast.com\/product\/yoast-seo-wordpress\/ -->\n<title>Bienvenue \u00e0 l&#039;hotel de&#039; Medici **** - Hotel de Medici<\/title>\n<meta name=\"robots\" content=\"index, follow, max-snippet:-1, max-image-preview:large, max-video-preview:-1\" \/>\n<link rel=\"canonical\" href=\"https:\/\/hoteldemedici.com\/fr\/\" \/>\n<meta property=\"og:locale\" content=\"fr_FR\" \/>\n<meta property=\"og:type\" content=\"article\" \/>\n<meta property=\"og:title\" content=\"Bienvenue \u00e0 l&#039;hotel de&#039; Medici **** - Hotel de Medici\" \/>\n<meta property=\"og:description\" content=\"H\u00f4tel de&rsquo; Medici est un h\u00f4tel 4 \u00e9toiles classique situ\u00e9 au long d\u2019un des canaux les plus romantiques de Bruges, \u00e0 seulement quelques minutes \u00e0 pied de la place du march\u00e9 dans le centre. H\u00f4tel de&rsquo; Medici propose 101 chambres climatis\u00e9es comprenant un coin salon et une t\u00e9l\u00e9vision par satellite \u00e0 \u00e9cran plat LED 43 [&hellip;]\" \/>\n<meta property=\"og:url\" content=\"https:\/\/hoteldemedici.com\/fr\/\" \/>\n<meta property=\"og:site_name\" content=\"Hotel de Medici\" \/>\n<meta property=\"article:modified_time\" content=\"2025-01-07T14:52:40+00:00\" \/>\n<meta name=\"twitter:card\" content=\"summary_large_image\" \/>\n<meta name=\"twitter:label1\" content=\"Dur\u00e9e de lecture estim\u00e9e\" \/>\n\t<meta name=\"twitter:data1\" content=\"2 minutes\" \/>\n<script type=\"application\/ld+json\" class=\"yoast-schema-graph\">{\"@context\":\"https:\/\/schema.org\",\"@graph\":[{\"@type\":\"WebPage\",\"@id\":\"https:\/\/hoteldemedici.com\/fr\/\",\"url\":\"https:\/\/hoteldemedici.com\/fr\/\",\"name\":\"Bienvenue \u00e0 l'hotel de' Medici **** - Hotel de Medici\",\"isPartOf\":{\"@id\":\"https:\/\/hoteldemedici.com\/fr\/#website\"},\"datePublished\":\"2019-07-26T12:43:19+00:00\",\"dateModified\":\"2025-01-07T14:52:40+00:00\",\"breadcrumb\":{\"@id\":\"https:\/\/hoteldemedici.com\/fr\/#breadcrumb\"},\"inLanguage\":\"fr-FR\",\"potentialAction\":[{\"@type\":\"ReadAction\",\"target\":[\"https:\/\/hoteldemedici.com\/fr\/\"]}]},{\"@type\":\"BreadcrumbList\",\"@id\":\"https:\/\/hoteldemedici.com\/fr\/#breadcrumb\",\"itemListElement\":[{\"@type\":\"ListItem\",\"position\":1,\"name\":\"Home\",\"item\":\"https:\/\/hoteldemedici.com\/fr\/\"},{\"@type\":\"ListItem\",\"position\":2,\"name\":\"Bienvenue \u00e0 l&#8217;hotel de&#8217; Medici ****\"}]},{\"@type\":\"WebSite\",\"@id\":\"https:\/\/hoteldemedici.com\/fr\/#website\",\"url\":\"https:\/\/hoteldemedici.com\/fr\/\",\"name\":\"Hotel de Medici\",\"description\":\"\",\"potentialAction\":[{\"@type\":\"SearchAction\",\"target\":{\"@type\":\"EntryPoint\",\"urlTemplate\":\"https:\/\/hoteldemedici.com\/fr\/?s={search_term_string}\"},\"query-input\":{\"@type\":\"PropertyValueSpecification\",\"valueRequired\":true,\"valueName\":\"search_term_string\"}}],\"inLanguage\":\"fr-FR\"}]}<\/script>\n<!-- \/ Yoast SEO plugin. -->","yoast_head_json":{"title":"Bienvenue \u00e0 l'hotel de' Medici **** - Hotel de Medici","robots":{"index":"index","follow":"follow","max-snippet":"max-snippet:-1","max-image-preview":"max-image-preview:large","max-video-preview":"max-video-preview:-1"},"canonical":"https:\/\/hoteldemedici.com\/fr\/","og_locale":"fr_FR","og_type":"article","og_title":"Bienvenue \u00e0 l'hotel de' Medici **** - Hotel de Medici","og_description":"H\u00f4tel de&rsquo; Medici est un h\u00f4tel 4 \u00e9toiles classique situ\u00e9 au long d\u2019un des canaux les plus romantiques de Bruges, \u00e0 seulement quelques minutes \u00e0 pied de la place du march\u00e9 dans le centre. H\u00f4tel de&rsquo; Medici propose 101 chambres climatis\u00e9es comprenant un coin salon et une t\u00e9l\u00e9vision par satellite \u00e0 \u00e9cran plat LED 43 [&hellip;]","og_url":"https:\/\/hoteldemedici.com\/fr\/","og_site_name":"Hotel de Medici","article_modified_time":"2025-01-07T14:52:40+00:00","twitter_card":"summary_large_image","twitter_misc":{"Dur\u00e9e de lecture estim\u00e9e":"2 minutes"},"schema":{"@context":"https:\/\/schema.org","@graph":[{"@type":"WebPage","@id":"https:\/\/hoteldemedici.com\/fr\/","url":"https:\/\/hoteldemedici.com\/fr\/","name":"Bienvenue \u00e0 l'hotel de' Medici **** - Hotel de Medici","isPartOf":{"@id":"https:\/\/hoteldemedici.com\/fr\/#website"},"datePublished":"2019-07-26T12:43:19+00:00","dateModified":"2025-01-07T14:52:40+00:00","breadcrumb":{"@id":"https:\/\/hoteldemedici.com\/fr\/#breadcrumb"},"inLanguage":"fr-FR","potentialAction":[{"@type":"ReadAction","target":["https:\/\/hoteldemedici.com\/fr\/"]}]},{"@type":"BreadcrumbList","@id":"https:\/\/hoteldemedici.com\/fr\/#breadcrumb","itemListElement":[{"@type":"ListItem","position":1,"name":"Home","item":"https:\/\/hoteldemedici.com\/fr\/"},{"@type":"ListItem","position":2,"name":"Bienvenue \u00e0 l&#8217;hotel de&#8217; Medici ****"}]},{"@type":"WebSite","@id":"https:\/\/hoteldemedici.com\/fr\/#website","url":"https:\/\/hoteldemedici.com\/fr\/","name":"Hotel de Medici","description":"","potentialAction":[{"@type":"SearchAction","target":{"@type":"EntryPoint","urlTemplate":"https:\/\/hoteldemedici.com\/fr\/?s={search_term_string}"},"query-input":{"@type":"PropertyValueSpecification","valueRequired":true,"valueName":"search_term_string"}}],"inLanguage":"fr-FR"}]}},"acf":[],"_links":{"self":[{"href":"https:\/\/hoteldemedici.com\/fr\/wp-json\/wp\/v2\/pages\/1221","targetHints":{"allow":["GET"]}}],"collection":[{"href":"https:\/\/hoteldemedici.com\/fr\/wp-json\/wp\/v2\/pages"}],"about":[{"href":"https:\/\/hoteldemedici.com\/fr\/wp-json\/wp\/v2\/types\/page"}],"author":[{"embeddable":true,"href":"https:\/\/hoteldemedici.com\/fr\/wp-json\/wp\/v2\/users\/46"}],"replies":[{"embeddable":true,"href":"https:\/\/hoteldemedici.com\/fr\/wp-json\/wp\/v2\/comments?post=1221"}],"version-history":[{"count":0,"href":"https:\/\/hoteldemedici.com\/fr\/wp-json\/wp\/v2\/pages\/1221\/revisions"}],"wp:attachment":[{"href":"https:\/\/hoteldemedici.com\/fr\/wp-json\/wp\/v2\/media?parent=1221"}],"curies":[{"name":"wp","href":"https:\/\/api.w.org\/{rel}","templated":true}]}}