{"id":3182,"date":"2020-06-11T07:56:38","date_gmt":"2020-06-11T07:56:38","guid":{"rendered":"https:\/\/hoteldemedici.com\/covid19\/"},"modified":"2022-09-06T09:57:44","modified_gmt":"2022-09-06T09:57:44","slug":"greenstay","status":"publish","type":"page","link":"https:\/\/hoteldemedici.com\/de\/greenstay\/","title":{"rendered":"Green Stay Program"},"content":{"rendered":"<p>Verdienen Sie sich mit \u00a0Getr\u00e4nke-gutscheine f\u00fcr unsere Bar, indem Sie an unserem \u201cGREEN STAY\u201d Programm teilnehmen, dass nur f\u00fcr \u00dcbernachtungen g\u00fcltig ist (zwei N\u00e4chte Mindestaufenthaltsdauer erforderlich). Wenn Sie sich f\u00fcr das \u201cGREEN STAY\u201d Programm anmelden, werden alle Reinigungsaktivit\u00e4ten f\u00fcr diesen Tag eingestellt. Dies schlie\u00dft die Reinigung Ihres Zimmers ein. Pflegeprodukte im Badezimmer sowie kaffee und teeprodukte werden nicht automatisch nachgef\u00fcllt, aber Sie k\u00f6nnen sich bei Bedarf gern an die Rezeption wenden.<br \/>\n\u00a0* f\u00fcr l\u00e4ngere Aufenthalte: Jede vierte Nacht Ihres Aufenthalts wird Ihr Zimmer gereinigt &#8211; keine Quittung von Gutschein.<\/p>\n","protected":false},"excerpt":{"rendered":"<p>Verdienen Sie sich mit \u00a0Getr\u00e4nke-gutscheine f\u00fcr unsere Bar, indem Sie an unserem \u201cGREEN STAY\u201d Programm teilnehmen, dass nur f\u00fcr \u00dcbernachtungen g\u00fcltig ist (zwei N\u00e4chte Mindestaufenthaltsdauer erforderlich). Wenn Sie sich f\u00fcr das \u201cGREEN STAY\u201d Programm anmelden, werden alle Reinigungsaktivit\u00e4ten f\u00fcr diesen Tag eingestellt. Dies schlie\u00dft die Reinigung Ihres Zimmers ein. Pflegeprodukte im Badezimmer sowie kaffee und [&hellip;]<\/p>\n","protected":false},"author":134,"featured_media":0,"parent":0,"menu_order":0,"comment_status":"closed","ping_status":"closed","template":"","meta":{"footnotes":""},"class_list":["post-3182","page","type-page","status-publish","hentry"],"yoast_head":"<!-- This site is optimized with the Yoast SEO plugin v26.9 - https:\/\/yoast.com\/product\/yoast-seo-wordpress\/ -->\n<title>Green Stay Program - Hotel de Medici<\/title>\n<meta name=\"robots\" content=\"index, follow, max-snippet:-1, max-image-preview:large, max-video-preview:-1\" \/>\n<link rel=\"canonical\" href=\"https:\/\/hoteldemedici.com\/de\/greenstay\/\" \/>\n<meta property=\"og:locale\" content=\"de_DE\" \/>\n<meta property=\"og:type\" content=\"article\" \/>\n<meta property=\"og:title\" content=\"Green Stay Program - Hotel de Medici\" \/>\n<meta property=\"og:description\" content=\"Verdienen Sie sich mit \u00a0Getr\u00e4nke-gutscheine f\u00fcr unsere Bar, indem Sie an unserem \u201cGREEN STAY\u201d Programm teilnehmen, dass nur f\u00fcr \u00dcbernachtungen g\u00fcltig ist (zwei N\u00e4chte Mindestaufenthaltsdauer erforderlich). Wenn Sie sich f\u00fcr das \u201cGREEN STAY\u201d Programm anmelden, werden alle Reinigungsaktivit\u00e4ten f\u00fcr diesen Tag eingestellt. Dies schlie\u00dft die Reinigung Ihres Zimmers ein. Pflegeprodukte im Badezimmer sowie kaffee und [&hellip;]\" \/>\n<meta property=\"og:url\" content=\"https:\/\/hoteldemedici.com\/de\/greenstay\/\" \/>\n<meta property=\"og:site_name\" content=\"Hotel de Medici\" \/>\n<meta property=\"article:modified_time\" content=\"2022-09-06T09:57:44+00:00\" \/>\n<meta name=\"twitter:card\" content=\"summary_large_image\" \/>\n<meta name=\"twitter:label1\" content=\"Gesch\u00e4tzte Lesezeit\" \/>\n\t<meta name=\"twitter:data1\" content=\"1 Minute\" \/>\n<script type=\"application\/ld+json\" class=\"yoast-schema-graph\">{\"@context\":\"https:\/\/schema.org\",\"@graph\":[{\"@type\":\"WebPage\",\"@id\":\"https:\/\/hoteldemedici.com\/de\/greenstay\/\",\"url\":\"https:\/\/hoteldemedici.com\/de\/greenstay\/\",\"name\":\"Green Stay Program - Hotel de Medici\",\"isPartOf\":{\"@id\":\"https:\/\/hoteldemedici.com\/de\/#website\"},\"datePublished\":\"2020-06-11T07:56:38+00:00\",\"dateModified\":\"2022-09-06T09:57:44+00:00\",\"breadcrumb\":{\"@id\":\"https:\/\/hoteldemedici.com\/de\/greenstay\/#breadcrumb\"},\"inLanguage\":\"de-DE\",\"potentialAction\":[{\"@type\":\"ReadAction\",\"target\":[\"https:\/\/hoteldemedici.com\/de\/greenstay\/\"]}]},{\"@type\":\"BreadcrumbList\",\"@id\":\"https:\/\/hoteldemedici.com\/de\/greenstay\/#breadcrumb\",\"itemListElement\":[{\"@type\":\"ListItem\",\"position\":1,\"name\":\"Home\",\"item\":\"https:\/\/hoteldemedici.com\/de\/\"},{\"@type\":\"ListItem\",\"position\":2,\"name\":\"Green Stay Program\"}]},{\"@type\":\"WebSite\",\"@id\":\"https:\/\/hoteldemedici.com\/de\/#website\",\"url\":\"https:\/\/hoteldemedici.com\/de\/\",\"name\":\"Hotel de Medici\",\"description\":\"\",\"potentialAction\":[{\"@type\":\"SearchAction\",\"target\":{\"@type\":\"EntryPoint\",\"urlTemplate\":\"https:\/\/hoteldemedici.com\/de\/?s={search_term_string}\"},\"query-input\":{\"@type\":\"PropertyValueSpecification\",\"valueRequired\":true,\"valueName\":\"search_term_string\"}}],\"inLanguage\":\"de-DE\"}]}<\/script>\n<!-- \/ Yoast SEO plugin. -->","yoast_head_json":{"title":"Green Stay Program - Hotel de Medici","robots":{"index":"index","follow":"follow","max-snippet":"max-snippet:-1","max-image-preview":"max-image-preview:large","max-video-preview":"max-video-preview:-1"},"canonical":"https:\/\/hoteldemedici.com\/de\/greenstay\/","og_locale":"de_DE","og_type":"article","og_title":"Green Stay Program - Hotel de Medici","og_description":"Verdienen Sie sich mit \u00a0Getr\u00e4nke-gutscheine f\u00fcr unsere Bar, indem Sie an unserem \u201cGREEN STAY\u201d Programm teilnehmen, dass nur f\u00fcr \u00dcbernachtungen g\u00fcltig ist (zwei N\u00e4chte Mindestaufenthaltsdauer erforderlich). Wenn Sie sich f\u00fcr das \u201cGREEN STAY\u201d Programm anmelden, werden alle Reinigungsaktivit\u00e4ten f\u00fcr diesen Tag eingestellt. Dies schlie\u00dft die Reinigung Ihres Zimmers ein. Pflegeprodukte im Badezimmer sowie kaffee und [&hellip;]","og_url":"https:\/\/hoteldemedici.com\/de\/greenstay\/","og_site_name":"Hotel de Medici","article_modified_time":"2022-09-06T09:57:44+00:00","twitter_card":"summary_large_image","twitter_misc":{"Gesch\u00e4tzte Lesezeit":"1 Minute"},"schema":{"@context":"https:\/\/schema.org","@graph":[{"@type":"WebPage","@id":"https:\/\/hoteldemedici.com\/de\/greenstay\/","url":"https:\/\/hoteldemedici.com\/de\/greenstay\/","name":"Green Stay Program - Hotel de Medici","isPartOf":{"@id":"https:\/\/hoteldemedici.com\/de\/#website"},"datePublished":"2020-06-11T07:56:38+00:00","dateModified":"2022-09-06T09:57:44+00:00","breadcrumb":{"@id":"https:\/\/hoteldemedici.com\/de\/greenstay\/#breadcrumb"},"inLanguage":"de-DE","potentialAction":[{"@type":"ReadAction","target":["https:\/\/hoteldemedici.com\/de\/greenstay\/"]}]},{"@type":"BreadcrumbList","@id":"https:\/\/hoteldemedici.com\/de\/greenstay\/#breadcrumb","itemListElement":[{"@type":"ListItem","position":1,"name":"Home","item":"https:\/\/hoteldemedici.com\/de\/"},{"@type":"ListItem","position":2,"name":"Green Stay Program"}]},{"@type":"WebSite","@id":"https:\/\/hoteldemedici.com\/de\/#website","url":"https:\/\/hoteldemedici.com\/de\/","name":"Hotel de Medici","description":"","potentialAction":[{"@type":"SearchAction","target":{"@type":"EntryPoint","urlTemplate":"https:\/\/hoteldemedici.com\/de\/?s={search_term_string}"},"query-input":{"@type":"PropertyValueSpecification","valueRequired":true,"valueName":"search_term_string"}}],"inLanguage":"de-DE"}]}},"acf":[],"_links":{"self":[{"href":"https:\/\/hoteldemedici.com\/de\/wp-json\/wp\/v2\/pages\/3182","targetHints":{"allow":["GET"]}}],"collection":[{"href":"https:\/\/hoteldemedici.com\/de\/wp-json\/wp\/v2\/pages"}],"about":[{"href":"https:\/\/hoteldemedici.com\/de\/wp-json\/wp\/v2\/types\/page"}],"author":[{"embeddable":true,"href":"https:\/\/hoteldemedici.com\/de\/wp-json\/wp\/v2\/users\/134"}],"replies":[{"embeddable":true,"href":"https:\/\/hoteldemedici.com\/de\/wp-json\/wp\/v2\/comments?post=3182"}],"version-history":[{"count":0,"href":"https:\/\/hoteldemedici.com\/de\/wp-json\/wp\/v2\/pages\/3182\/revisions"}],"wp:attachment":[{"href":"https:\/\/hoteldemedici.com\/de\/wp-json\/wp\/v2\/media?parent=3182"}],"curies":[{"name":"wp","href":"https:\/\/api.w.org\/{rel}","templated":true}]}}