{"id":2005,"date":"2019-07-29T14:00:56","date_gmt":"2019-07-29T14:00:56","guid":{"rendered":"http:\/\/hotel-de-medici.ms.decms.eu\/welcome-to-bruges\/"},"modified":"2019-11-08T15:55:23","modified_gmt":"2019-11-08T15:55:23","slug":"willkommen-in-bruegge","status":"publish","type":"page","link":"https:\/\/hoteldemedici.com\/de\/willkommen-in-bruegge\/","title":{"rendered":"Willkommen in Br\u00fcgge"},"content":{"rendered":"<p>Wenn Sie eine m\u00e4rchenhafte mittelalterliche Stadt entwerfen m\u00f6chten, ist es schwer, das Zentrum von Br\u00fcgge, eine der besterhaltenen St\u00e4dte Europas, zu verbessern. Malerische Kopfsteinpflasterstra\u00dfen und vertr\u00e4umte Kan\u00e4le verbinden fotogene Marktpl\u00e4tze, ges\u00e4umt von aufragenden T\u00fcrmen, historischen Kirchen und Gassen um Gassen mit alten, wei\u00df get\u00fcnchten Armenh\u00e4usern.<\/p>\n","protected":false},"excerpt":{"rendered":"<p>Wenn Sie eine m\u00e4rchenhafte mittelalterliche Stadt entwerfen m\u00f6chten, ist es schwer, das Zentrum von Br\u00fcgge, eine der besterhaltenen St\u00e4dte Europas, zu verbessern. Malerische Kopfsteinpflasterstra\u00dfen und vertr\u00e4umte Kan\u00e4le verbinden fotogene Marktpl\u00e4tze, ges\u00e4umt von aufragenden T\u00fcrmen, historischen Kirchen und Gassen um Gassen mit alten, wei\u00df get\u00fcnchten Armenh\u00e4usern.<\/p>\n","protected":false},"author":46,"featured_media":0,"parent":0,"menu_order":0,"comment_status":"closed","ping_status":"closed","template":"template-places.php","meta":{"footnotes":""},"class_list":["post-2005","page","type-page","status-publish","hentry"],"yoast_head":"<!-- This site is optimized with the Yoast SEO plugin v26.9 - https:\/\/yoast.com\/product\/yoast-seo-wordpress\/ -->\n<title>Willkommen in Br\u00fcgge - Hotel de Medici<\/title>\n<meta name=\"robots\" content=\"index, follow, max-snippet:-1, max-image-preview:large, max-video-preview:-1\" \/>\n<link rel=\"canonical\" href=\"https:\/\/hoteldemedici.com\/de\/willkommen-in-bruegge\/\" \/>\n<meta property=\"og:locale\" content=\"de_DE\" \/>\n<meta property=\"og:type\" content=\"article\" \/>\n<meta property=\"og:title\" content=\"Willkommen in Br\u00fcgge - Hotel de Medici\" \/>\n<meta property=\"og:description\" content=\"Wenn Sie eine m\u00e4rchenhafte mittelalterliche Stadt entwerfen m\u00f6chten, ist es schwer, das Zentrum von Br\u00fcgge, eine der besterhaltenen St\u00e4dte Europas, zu verbessern. Malerische Kopfsteinpflasterstra\u00dfen und vertr\u00e4umte Kan\u00e4le verbinden fotogene Marktpl\u00e4tze, ges\u00e4umt von aufragenden T\u00fcrmen, historischen Kirchen und Gassen um Gassen mit alten, wei\u00df get\u00fcnchten Armenh\u00e4usern.\" \/>\n<meta property=\"og:url\" content=\"https:\/\/hoteldemedici.com\/de\/willkommen-in-bruegge\/\" \/>\n<meta property=\"og:site_name\" content=\"Hotel de Medici\" \/>\n<meta property=\"article:modified_time\" content=\"2019-11-08T15:55:23+00:00\" \/>\n<meta name=\"twitter:card\" content=\"summary_large_image\" \/>\n<script type=\"application\/ld+json\" class=\"yoast-schema-graph\">{\"@context\":\"https:\/\/schema.org\",\"@graph\":[{\"@type\":\"WebPage\",\"@id\":\"https:\/\/hoteldemedici.com\/de\/willkommen-in-bruegge\/\",\"url\":\"https:\/\/hoteldemedici.com\/de\/willkommen-in-bruegge\/\",\"name\":\"Willkommen in Br\u00fcgge - Hotel de Medici\",\"isPartOf\":{\"@id\":\"https:\/\/hoteldemedici.com\/de\/#website\"},\"datePublished\":\"2019-07-29T14:00:56+00:00\",\"dateModified\":\"2019-11-08T15:55:23+00:00\",\"breadcrumb\":{\"@id\":\"https:\/\/hoteldemedici.com\/de\/willkommen-in-bruegge\/#breadcrumb\"},\"inLanguage\":\"de-DE\",\"potentialAction\":[{\"@type\":\"ReadAction\",\"target\":[\"https:\/\/hoteldemedici.com\/de\/willkommen-in-bruegge\/\"]}]},{\"@type\":\"BreadcrumbList\",\"@id\":\"https:\/\/hoteldemedici.com\/de\/willkommen-in-bruegge\/#breadcrumb\",\"itemListElement\":[{\"@type\":\"ListItem\",\"position\":1,\"name\":\"Home\",\"item\":\"https:\/\/hoteldemedici.com\/de\/\"},{\"@type\":\"ListItem\",\"position\":2,\"name\":\"Willkommen in Br\u00fcgge\"}]},{\"@type\":\"WebSite\",\"@id\":\"https:\/\/hoteldemedici.com\/de\/#website\",\"url\":\"https:\/\/hoteldemedici.com\/de\/\",\"name\":\"Hotel de Medici\",\"description\":\"\",\"potentialAction\":[{\"@type\":\"SearchAction\",\"target\":{\"@type\":\"EntryPoint\",\"urlTemplate\":\"https:\/\/hoteldemedici.com\/de\/?s={search_term_string}\"},\"query-input\":{\"@type\":\"PropertyValueSpecification\",\"valueRequired\":true,\"valueName\":\"search_term_string\"}}],\"inLanguage\":\"de-DE\"}]}<\/script>\n<!-- \/ Yoast SEO plugin. -->","yoast_head_json":{"title":"Willkommen in Br\u00fcgge - Hotel de Medici","robots":{"index":"index","follow":"follow","max-snippet":"max-snippet:-1","max-image-preview":"max-image-preview:large","max-video-preview":"max-video-preview:-1"},"canonical":"https:\/\/hoteldemedici.com\/de\/willkommen-in-bruegge\/","og_locale":"de_DE","og_type":"article","og_title":"Willkommen in Br\u00fcgge - Hotel de Medici","og_description":"Wenn Sie eine m\u00e4rchenhafte mittelalterliche Stadt entwerfen m\u00f6chten, ist es schwer, das Zentrum von Br\u00fcgge, eine der besterhaltenen St\u00e4dte Europas, zu verbessern. Malerische Kopfsteinpflasterstra\u00dfen und vertr\u00e4umte Kan\u00e4le verbinden fotogene Marktpl\u00e4tze, ges\u00e4umt von aufragenden T\u00fcrmen, historischen Kirchen und Gassen um Gassen mit alten, wei\u00df get\u00fcnchten Armenh\u00e4usern.","og_url":"https:\/\/hoteldemedici.com\/de\/willkommen-in-bruegge\/","og_site_name":"Hotel de Medici","article_modified_time":"2019-11-08T15:55:23+00:00","twitter_card":"summary_large_image","schema":{"@context":"https:\/\/schema.org","@graph":[{"@type":"WebPage","@id":"https:\/\/hoteldemedici.com\/de\/willkommen-in-bruegge\/","url":"https:\/\/hoteldemedici.com\/de\/willkommen-in-bruegge\/","name":"Willkommen in Br\u00fcgge - Hotel de Medici","isPartOf":{"@id":"https:\/\/hoteldemedici.com\/de\/#website"},"datePublished":"2019-07-29T14:00:56+00:00","dateModified":"2019-11-08T15:55:23+00:00","breadcrumb":{"@id":"https:\/\/hoteldemedici.com\/de\/willkommen-in-bruegge\/#breadcrumb"},"inLanguage":"de-DE","potentialAction":[{"@type":"ReadAction","target":["https:\/\/hoteldemedici.com\/de\/willkommen-in-bruegge\/"]}]},{"@type":"BreadcrumbList","@id":"https:\/\/hoteldemedici.com\/de\/willkommen-in-bruegge\/#breadcrumb","itemListElement":[{"@type":"ListItem","position":1,"name":"Home","item":"https:\/\/hoteldemedici.com\/de\/"},{"@type":"ListItem","position":2,"name":"Willkommen in Br\u00fcgge"}]},{"@type":"WebSite","@id":"https:\/\/hoteldemedici.com\/de\/#website","url":"https:\/\/hoteldemedici.com\/de\/","name":"Hotel de Medici","description":"","potentialAction":[{"@type":"SearchAction","target":{"@type":"EntryPoint","urlTemplate":"https:\/\/hoteldemedici.com\/de\/?s={search_term_string}"},"query-input":{"@type":"PropertyValueSpecification","valueRequired":true,"valueName":"search_term_string"}}],"inLanguage":"de-DE"}]}},"acf":[],"_links":{"self":[{"href":"https:\/\/hoteldemedici.com\/de\/wp-json\/wp\/v2\/pages\/2005","targetHints":{"allow":["GET"]}}],"collection":[{"href":"https:\/\/hoteldemedici.com\/de\/wp-json\/wp\/v2\/pages"}],"about":[{"href":"https:\/\/hoteldemedici.com\/de\/wp-json\/wp\/v2\/types\/page"}],"author":[{"embeddable":true,"href":"https:\/\/hoteldemedici.com\/de\/wp-json\/wp\/v2\/users\/46"}],"replies":[{"embeddable":true,"href":"https:\/\/hoteldemedici.com\/de\/wp-json\/wp\/v2\/comments?post=2005"}],"version-history":[{"count":0,"href":"https:\/\/hoteldemedici.com\/de\/wp-json\/wp\/v2\/pages\/2005\/revisions"}],"wp:attachment":[{"href":"https:\/\/hoteldemedici.com\/de\/wp-json\/wp\/v2\/media?parent=2005"}],"curies":[{"name":"wp","href":"https:\/\/api.w.org\/{rel}","templated":true}]}}