{"id":1996,"date":"2019-07-29T12:55:25","date_gmt":"2019-07-29T12:55:25","guid":{"rendered":"http:\/\/hotel-de-medici.ms.decms.eu\/services-amenities\/pets-friendly\/"},"modified":"2023-09-25T10:43:08","modified_gmt":"2023-09-25T10:43:08","slug":"haustier-freundlich","status":"publish","type":"page","link":"https:\/\/hoteldemedici.com\/de\/dienstleistungen-ausstattung\/haustier-freundlich\/","title":{"rendered":"Hunden nicht erlaubt."},"content":{"rendered":"<p>Wir bedauern, Ihnen mitteilen zu m\u00fcssen, dass Hunde in unserem Hotel nicht mehr gestattet sind. Es sind nur Assistenzhunde erlaubt (die Hunde m\u00fcssen ihr Geschirr tragen und ihren Ausweis dabei haben). Danke im Voraus f\u00fcr ihr Verst\u00e4ndnis.<\/p>\n","protected":false},"excerpt":{"rendered":"<p>Wir bedauern, Ihnen mitteilen zu m\u00fcssen, dass Hunde in unserem Hotel nicht mehr gestattet sind. Es sind nur Assistenzhunde erlaubt (die Hunde m\u00fcssen ihr Geschirr tragen und ihren Ausweis dabei haben). Danke im Voraus f\u00fcr ihr Verst\u00e4ndnis.<\/p>\n","protected":false},"author":46,"featured_media":3251,"parent":1987,"menu_order":8,"comment_status":"closed","ping_status":"closed","template":"","meta":{"footnotes":""},"class_list":["post-1996","page","type-page","status-publish","has-post-thumbnail","hentry"],"yoast_head":"<!-- This site is optimized with the Yoast SEO plugin v26.9 - https:\/\/yoast.com\/product\/yoast-seo-wordpress\/ -->\n<title>Hunden nicht erlaubt. - Hotel de Medici<\/title>\n<meta name=\"robots\" content=\"index, follow, max-snippet:-1, max-image-preview:large, max-video-preview:-1\" \/>\n<link rel=\"canonical\" href=\"https:\/\/hoteldemedici.com\/de\/dienstleistungen-ausstattung\/haustier-freundlich\/\" \/>\n<meta property=\"og:locale\" content=\"de_DE\" \/>\n<meta property=\"og:type\" content=\"article\" \/>\n<meta property=\"og:title\" content=\"Hunden nicht erlaubt. - Hotel de Medici\" \/>\n<meta property=\"og:description\" content=\"Wir bedauern, Ihnen mitteilen zu m\u00fcssen, dass Hunde in unserem Hotel nicht mehr gestattet sind. Es sind nur Assistenzhunde erlaubt (die Hunde m\u00fcssen ihr Geschirr tragen und ihren Ausweis dabei haben). Danke im Voraus f\u00fcr ihr Verst\u00e4ndnis.\" \/>\n<meta property=\"og:url\" content=\"https:\/\/hoteldemedici.com\/de\/dienstleistungen-ausstattung\/haustier-freundlich\/\" \/>\n<meta property=\"og:site_name\" content=\"Hotel de Medici\" \/>\n<meta property=\"article:modified_time\" content=\"2023-09-25T10:43:08+00:00\" \/>\n<meta property=\"og:image\" content=\"https:\/\/hoteldemedici.com\/wp-content\/uploads\/sites\/69\/2023\/09\/no-pets-e1695638579443.jpg\" \/>\n\t<meta property=\"og:image:width\" content=\"901\" \/>\n\t<meta property=\"og:image:height\" content=\"581\" \/>\n\t<meta property=\"og:image:type\" content=\"image\/jpeg\" \/>\n<meta name=\"twitter:card\" content=\"summary_large_image\" \/>\n<script type=\"application\/ld+json\" class=\"yoast-schema-graph\">{\"@context\":\"https:\/\/schema.org\",\"@graph\":[{\"@type\":\"WebPage\",\"@id\":\"https:\/\/hoteldemedici.com\/de\/dienstleistungen-ausstattung\/haustier-freundlich\/\",\"url\":\"https:\/\/hoteldemedici.com\/de\/dienstleistungen-ausstattung\/haustier-freundlich\/\",\"name\":\"Hunden nicht erlaubt. - Hotel de Medici\",\"isPartOf\":{\"@id\":\"https:\/\/hoteldemedici.com\/de\/#website\"},\"primaryImageOfPage\":{\"@id\":\"https:\/\/hoteldemedici.com\/de\/dienstleistungen-ausstattung\/haustier-freundlich\/#primaryimage\"},\"image\":{\"@id\":\"https:\/\/hoteldemedici.com\/de\/dienstleistungen-ausstattung\/haustier-freundlich\/#primaryimage\"},\"thumbnailUrl\":\"https:\/\/hoteldemedici.com\/wp-content\/uploads\/sites\/69\/2023\/09\/no-pets-e1695638579443.jpg\",\"datePublished\":\"2019-07-29T12:55:25+00:00\",\"dateModified\":\"2023-09-25T10:43:08+00:00\",\"breadcrumb\":{\"@id\":\"https:\/\/hoteldemedici.com\/de\/dienstleistungen-ausstattung\/haustier-freundlich\/#breadcrumb\"},\"inLanguage\":\"de-DE\",\"potentialAction\":[{\"@type\":\"ReadAction\",\"target\":[\"https:\/\/hoteldemedici.com\/de\/dienstleistungen-ausstattung\/haustier-freundlich\/\"]}]},{\"@type\":\"ImageObject\",\"inLanguage\":\"de-DE\",\"@id\":\"https:\/\/hoteldemedici.com\/de\/dienstleistungen-ausstattung\/haustier-freundlich\/#primaryimage\",\"url\":\"https:\/\/hoteldemedici.com\/wp-content\/uploads\/sites\/69\/2023\/09\/no-pets-e1695638579443.jpg\",\"contentUrl\":\"https:\/\/hoteldemedici.com\/wp-content\/uploads\/sites\/69\/2023\/09\/no-pets-e1695638579443.jpg\",\"width\":901,\"height\":581},{\"@type\":\"BreadcrumbList\",\"@id\":\"https:\/\/hoteldemedici.com\/de\/dienstleistungen-ausstattung\/haustier-freundlich\/#breadcrumb\",\"itemListElement\":[{\"@type\":\"ListItem\",\"position\":1,\"name\":\"Home\",\"item\":\"https:\/\/hoteldemedici.com\/de\/\"},{\"@type\":\"ListItem\",\"position\":2,\"name\":\"Dienstleistungen &#038; Ausstattung\",\"item\":\"https:\/\/hoteldemedici.com\/de\/dienstleistungen-ausstattung\/\"},{\"@type\":\"ListItem\",\"position\":3,\"name\":\"Hunden nicht erlaubt.\"}]},{\"@type\":\"WebSite\",\"@id\":\"https:\/\/hoteldemedici.com\/de\/#website\",\"url\":\"https:\/\/hoteldemedici.com\/de\/\",\"name\":\"Hotel de Medici\",\"description\":\"\",\"potentialAction\":[{\"@type\":\"SearchAction\",\"target\":{\"@type\":\"EntryPoint\",\"urlTemplate\":\"https:\/\/hoteldemedici.com\/de\/?s={search_term_string}\"},\"query-input\":{\"@type\":\"PropertyValueSpecification\",\"valueRequired\":true,\"valueName\":\"search_term_string\"}}],\"inLanguage\":\"de-DE\"}]}<\/script>\n<!-- \/ Yoast SEO plugin. -->","yoast_head_json":{"title":"Hunden nicht erlaubt. - Hotel de Medici","robots":{"index":"index","follow":"follow","max-snippet":"max-snippet:-1","max-image-preview":"max-image-preview:large","max-video-preview":"max-video-preview:-1"},"canonical":"https:\/\/hoteldemedici.com\/de\/dienstleistungen-ausstattung\/haustier-freundlich\/","og_locale":"de_DE","og_type":"article","og_title":"Hunden nicht erlaubt. - Hotel de Medici","og_description":"Wir bedauern, Ihnen mitteilen zu m\u00fcssen, dass Hunde in unserem Hotel nicht mehr gestattet sind. Es sind nur Assistenzhunde erlaubt (die Hunde m\u00fcssen ihr Geschirr tragen und ihren Ausweis dabei haben). Danke im Voraus f\u00fcr ihr Verst\u00e4ndnis.","og_url":"https:\/\/hoteldemedici.com\/de\/dienstleistungen-ausstattung\/haustier-freundlich\/","og_site_name":"Hotel de Medici","article_modified_time":"2023-09-25T10:43:08+00:00","og_image":[{"width":901,"height":581,"url":"https:\/\/hoteldemedici.com\/wp-content\/uploads\/sites\/69\/2023\/09\/no-pets-e1695638579443.jpg","type":"image\/jpeg"}],"twitter_card":"summary_large_image","schema":{"@context":"https:\/\/schema.org","@graph":[{"@type":"WebPage","@id":"https:\/\/hoteldemedici.com\/de\/dienstleistungen-ausstattung\/haustier-freundlich\/","url":"https:\/\/hoteldemedici.com\/de\/dienstleistungen-ausstattung\/haustier-freundlich\/","name":"Hunden nicht erlaubt. - Hotel de Medici","isPartOf":{"@id":"https:\/\/hoteldemedici.com\/de\/#website"},"primaryImageOfPage":{"@id":"https:\/\/hoteldemedici.com\/de\/dienstleistungen-ausstattung\/haustier-freundlich\/#primaryimage"},"image":{"@id":"https:\/\/hoteldemedici.com\/de\/dienstleistungen-ausstattung\/haustier-freundlich\/#primaryimage"},"thumbnailUrl":"https:\/\/hoteldemedici.com\/wp-content\/uploads\/sites\/69\/2023\/09\/no-pets-e1695638579443.jpg","datePublished":"2019-07-29T12:55:25+00:00","dateModified":"2023-09-25T10:43:08+00:00","breadcrumb":{"@id":"https:\/\/hoteldemedici.com\/de\/dienstleistungen-ausstattung\/haustier-freundlich\/#breadcrumb"},"inLanguage":"de-DE","potentialAction":[{"@type":"ReadAction","target":["https:\/\/hoteldemedici.com\/de\/dienstleistungen-ausstattung\/haustier-freundlich\/"]}]},{"@type":"ImageObject","inLanguage":"de-DE","@id":"https:\/\/hoteldemedici.com\/de\/dienstleistungen-ausstattung\/haustier-freundlich\/#primaryimage","url":"https:\/\/hoteldemedici.com\/wp-content\/uploads\/sites\/69\/2023\/09\/no-pets-e1695638579443.jpg","contentUrl":"https:\/\/hoteldemedici.com\/wp-content\/uploads\/sites\/69\/2023\/09\/no-pets-e1695638579443.jpg","width":901,"height":581},{"@type":"BreadcrumbList","@id":"https:\/\/hoteldemedici.com\/de\/dienstleistungen-ausstattung\/haustier-freundlich\/#breadcrumb","itemListElement":[{"@type":"ListItem","position":1,"name":"Home","item":"https:\/\/hoteldemedici.com\/de\/"},{"@type":"ListItem","position":2,"name":"Dienstleistungen &#038; Ausstattung","item":"https:\/\/hoteldemedici.com\/de\/dienstleistungen-ausstattung\/"},{"@type":"ListItem","position":3,"name":"Hunden nicht erlaubt."}]},{"@type":"WebSite","@id":"https:\/\/hoteldemedici.com\/de\/#website","url":"https:\/\/hoteldemedici.com\/de\/","name":"Hotel de Medici","description":"","potentialAction":[{"@type":"SearchAction","target":{"@type":"EntryPoint","urlTemplate":"https:\/\/hoteldemedici.com\/de\/?s={search_term_string}"},"query-input":{"@type":"PropertyValueSpecification","valueRequired":true,"valueName":"search_term_string"}}],"inLanguage":"de-DE"}]}},"acf":[],"_links":{"self":[{"href":"https:\/\/hoteldemedici.com\/de\/wp-json\/wp\/v2\/pages\/1996","targetHints":{"allow":["GET"]}}],"collection":[{"href":"https:\/\/hoteldemedici.com\/de\/wp-json\/wp\/v2\/pages"}],"about":[{"href":"https:\/\/hoteldemedici.com\/de\/wp-json\/wp\/v2\/types\/page"}],"author":[{"embeddable":true,"href":"https:\/\/hoteldemedici.com\/de\/wp-json\/wp\/v2\/users\/46"}],"replies":[{"embeddable":true,"href":"https:\/\/hoteldemedici.com\/de\/wp-json\/wp\/v2\/comments?post=1996"}],"version-history":[{"count":0,"href":"https:\/\/hoteldemedici.com\/de\/wp-json\/wp\/v2\/pages\/1996\/revisions"}],"up":[{"embeddable":true,"href":"https:\/\/hoteldemedici.com\/de\/wp-json\/wp\/v2\/pages\/1987"}],"wp:featuredmedia":[{"embeddable":true,"href":"https:\/\/hoteldemedici.com\/de\/wp-json\/wp\/v2\/media\/3251"}],"wp:attachment":[{"href":"https:\/\/hoteldemedici.com\/de\/wp-json\/wp\/v2\/media?parent=1996"}],"curies":[{"name":"wp","href":"https:\/\/api.w.org\/{rel}","templated":true}]}}