{"id":1995,"date":"2019-07-29T12:53:32","date_gmt":"2019-07-29T12:53:32","guid":{"rendered":"http:\/\/hotel-de-medici.ms.decms.eu\/services-amenities\/free-internet-connection\/"},"modified":"2019-11-08T15:51:55","modified_gmt":"2019-11-08T15:51:55","slug":"kostenloses-w-lan","status":"publish","type":"page","link":"https:\/\/hoteldemedici.com\/de\/dienstleistungen-ausstattung\/kostenloses-w-lan\/","title":{"rendered":"Kostenloses W-Lan"},"content":{"rendered":"<p>Alle Zimmer sind mit kostenlosem Highspeed-WIFI-Internetzugang von HoistGroup ausgestattet. Die WIFI-Verbindungen sind gesichert und sehr einfach zu verbinden. Dank der leistungsstarken hochmodernen WIFI-Ausstattung in unserem Hotel k\u00f6nnen Sie \u00fcberall im Hotel online gehen. F\u00fcr G\u00e4ste, die Android-Ger\u00e4te verwenden, k\u00f6nnen Sie Ihre mobilen Inhalte auch auf unserem IPTV in den Zimmern teilen.<\/p>\n","protected":false},"excerpt":{"rendered":"<p>Alle Zimmer sind mit kostenlosem Highspeed-WIFI-Internetzugang von HoistGroup ausgestattet. Die WIFI-Verbindungen sind gesichert und sehr einfach zu verbinden. Dank der leistungsstarken hochmodernen WIFI-Ausstattung in unserem Hotel k\u00f6nnen Sie \u00fcberall im Hotel online gehen. F\u00fcr G\u00e4ste, die Android-Ger\u00e4te verwenden, k\u00f6nnen Sie Ihre mobilen Inhalte auch auf unserem IPTV in den Zimmern teilen.<\/p>\n","protected":false},"author":46,"featured_media":0,"parent":1987,"menu_order":7,"comment_status":"closed","ping_status":"closed","template":"","meta":{"footnotes":""},"class_list":["post-1995","page","type-page","status-publish","hentry"],"yoast_head":"<!-- This site is optimized with the Yoast SEO plugin v26.9 - https:\/\/yoast.com\/product\/yoast-seo-wordpress\/ -->\n<title>Kostenloses W-Lan - Hotel de Medici<\/title>\n<meta name=\"robots\" content=\"index, follow, max-snippet:-1, max-image-preview:large, max-video-preview:-1\" \/>\n<link rel=\"canonical\" href=\"https:\/\/hoteldemedici.com\/de\/dienstleistungen-ausstattung\/kostenloses-w-lan\/\" \/>\n<meta property=\"og:locale\" content=\"de_DE\" \/>\n<meta property=\"og:type\" content=\"article\" \/>\n<meta property=\"og:title\" content=\"Kostenloses W-Lan - Hotel de Medici\" \/>\n<meta property=\"og:description\" content=\"Alle Zimmer sind mit kostenlosem Highspeed-WIFI-Internetzugang von HoistGroup ausgestattet. Die WIFI-Verbindungen sind gesichert und sehr einfach zu verbinden. Dank der leistungsstarken hochmodernen WIFI-Ausstattung in unserem Hotel k\u00f6nnen Sie \u00fcberall im Hotel online gehen. F\u00fcr G\u00e4ste, die Android-Ger\u00e4te verwenden, k\u00f6nnen Sie Ihre mobilen Inhalte auch auf unserem IPTV in den Zimmern teilen.\" \/>\n<meta property=\"og:url\" content=\"https:\/\/hoteldemedici.com\/de\/dienstleistungen-ausstattung\/kostenloses-w-lan\/\" \/>\n<meta property=\"og:site_name\" content=\"Hotel de Medici\" \/>\n<meta property=\"article:modified_time\" content=\"2019-11-08T15:51:55+00:00\" \/>\n<meta name=\"twitter:card\" content=\"summary_large_image\" \/>\n<script type=\"application\/ld+json\" class=\"yoast-schema-graph\">{\"@context\":\"https:\/\/schema.org\",\"@graph\":[{\"@type\":\"WebPage\",\"@id\":\"https:\/\/hoteldemedici.com\/de\/dienstleistungen-ausstattung\/kostenloses-w-lan\/\",\"url\":\"https:\/\/hoteldemedici.com\/de\/dienstleistungen-ausstattung\/kostenloses-w-lan\/\",\"name\":\"Kostenloses W-Lan - Hotel de Medici\",\"isPartOf\":{\"@id\":\"https:\/\/hoteldemedici.com\/de\/#website\"},\"datePublished\":\"2019-07-29T12:53:32+00:00\",\"dateModified\":\"2019-11-08T15:51:55+00:00\",\"breadcrumb\":{\"@id\":\"https:\/\/hoteldemedici.com\/de\/dienstleistungen-ausstattung\/kostenloses-w-lan\/#breadcrumb\"},\"inLanguage\":\"de-DE\",\"potentialAction\":[{\"@type\":\"ReadAction\",\"target\":[\"https:\/\/hoteldemedici.com\/de\/dienstleistungen-ausstattung\/kostenloses-w-lan\/\"]}]},{\"@type\":\"BreadcrumbList\",\"@id\":\"https:\/\/hoteldemedici.com\/de\/dienstleistungen-ausstattung\/kostenloses-w-lan\/#breadcrumb\",\"itemListElement\":[{\"@type\":\"ListItem\",\"position\":1,\"name\":\"Home\",\"item\":\"https:\/\/hoteldemedici.com\/de\/\"},{\"@type\":\"ListItem\",\"position\":2,\"name\":\"Dienstleistungen &#038; Ausstattung\",\"item\":\"https:\/\/hoteldemedici.com\/de\/dienstleistungen-ausstattung\/\"},{\"@type\":\"ListItem\",\"position\":3,\"name\":\"Kostenloses W-Lan\"}]},{\"@type\":\"WebSite\",\"@id\":\"https:\/\/hoteldemedici.com\/de\/#website\",\"url\":\"https:\/\/hoteldemedici.com\/de\/\",\"name\":\"Hotel de Medici\",\"description\":\"\",\"potentialAction\":[{\"@type\":\"SearchAction\",\"target\":{\"@type\":\"EntryPoint\",\"urlTemplate\":\"https:\/\/hoteldemedici.com\/de\/?s={search_term_string}\"},\"query-input\":{\"@type\":\"PropertyValueSpecification\",\"valueRequired\":true,\"valueName\":\"search_term_string\"}}],\"inLanguage\":\"de-DE\"}]}<\/script>\n<!-- \/ Yoast SEO plugin. -->","yoast_head_json":{"title":"Kostenloses W-Lan - Hotel de Medici","robots":{"index":"index","follow":"follow","max-snippet":"max-snippet:-1","max-image-preview":"max-image-preview:large","max-video-preview":"max-video-preview:-1"},"canonical":"https:\/\/hoteldemedici.com\/de\/dienstleistungen-ausstattung\/kostenloses-w-lan\/","og_locale":"de_DE","og_type":"article","og_title":"Kostenloses W-Lan - Hotel de Medici","og_description":"Alle Zimmer sind mit kostenlosem Highspeed-WIFI-Internetzugang von HoistGroup ausgestattet. Die WIFI-Verbindungen sind gesichert und sehr einfach zu verbinden. Dank der leistungsstarken hochmodernen WIFI-Ausstattung in unserem Hotel k\u00f6nnen Sie \u00fcberall im Hotel online gehen. F\u00fcr G\u00e4ste, die Android-Ger\u00e4te verwenden, k\u00f6nnen Sie Ihre mobilen Inhalte auch auf unserem IPTV in den Zimmern teilen.","og_url":"https:\/\/hoteldemedici.com\/de\/dienstleistungen-ausstattung\/kostenloses-w-lan\/","og_site_name":"Hotel de Medici","article_modified_time":"2019-11-08T15:51:55+00:00","twitter_card":"summary_large_image","schema":{"@context":"https:\/\/schema.org","@graph":[{"@type":"WebPage","@id":"https:\/\/hoteldemedici.com\/de\/dienstleistungen-ausstattung\/kostenloses-w-lan\/","url":"https:\/\/hoteldemedici.com\/de\/dienstleistungen-ausstattung\/kostenloses-w-lan\/","name":"Kostenloses W-Lan - Hotel de Medici","isPartOf":{"@id":"https:\/\/hoteldemedici.com\/de\/#website"},"datePublished":"2019-07-29T12:53:32+00:00","dateModified":"2019-11-08T15:51:55+00:00","breadcrumb":{"@id":"https:\/\/hoteldemedici.com\/de\/dienstleistungen-ausstattung\/kostenloses-w-lan\/#breadcrumb"},"inLanguage":"de-DE","potentialAction":[{"@type":"ReadAction","target":["https:\/\/hoteldemedici.com\/de\/dienstleistungen-ausstattung\/kostenloses-w-lan\/"]}]},{"@type":"BreadcrumbList","@id":"https:\/\/hoteldemedici.com\/de\/dienstleistungen-ausstattung\/kostenloses-w-lan\/#breadcrumb","itemListElement":[{"@type":"ListItem","position":1,"name":"Home","item":"https:\/\/hoteldemedici.com\/de\/"},{"@type":"ListItem","position":2,"name":"Dienstleistungen &#038; Ausstattung","item":"https:\/\/hoteldemedici.com\/de\/dienstleistungen-ausstattung\/"},{"@type":"ListItem","position":3,"name":"Kostenloses W-Lan"}]},{"@type":"WebSite","@id":"https:\/\/hoteldemedici.com\/de\/#website","url":"https:\/\/hoteldemedici.com\/de\/","name":"Hotel de Medici","description":"","potentialAction":[{"@type":"SearchAction","target":{"@type":"EntryPoint","urlTemplate":"https:\/\/hoteldemedici.com\/de\/?s={search_term_string}"},"query-input":{"@type":"PropertyValueSpecification","valueRequired":true,"valueName":"search_term_string"}}],"inLanguage":"de-DE"}]}},"acf":[],"_links":{"self":[{"href":"https:\/\/hoteldemedici.com\/de\/wp-json\/wp\/v2\/pages\/1995","targetHints":{"allow":["GET"]}}],"collection":[{"href":"https:\/\/hoteldemedici.com\/de\/wp-json\/wp\/v2\/pages"}],"about":[{"href":"https:\/\/hoteldemedici.com\/de\/wp-json\/wp\/v2\/types\/page"}],"author":[{"embeddable":true,"href":"https:\/\/hoteldemedici.com\/de\/wp-json\/wp\/v2\/users\/46"}],"replies":[{"embeddable":true,"href":"https:\/\/hoteldemedici.com\/de\/wp-json\/wp\/v2\/comments?post=1995"}],"version-history":[{"count":0,"href":"https:\/\/hoteldemedici.com\/de\/wp-json\/wp\/v2\/pages\/1995\/revisions"}],"up":[{"embeddable":true,"href":"https:\/\/hoteldemedici.com\/de\/wp-json\/wp\/v2\/pages\/1987"}],"wp:attachment":[{"href":"https:\/\/hoteldemedici.com\/de\/wp-json\/wp\/v2\/media?parent=1995"}],"curies":[{"name":"wp","href":"https:\/\/api.w.org\/{rel}","templated":true}]}}