{"id":1994,"date":"2019-07-29T12:52:24","date_gmt":"2019-07-29T12:52:24","guid":{"rendered":"http:\/\/hotel-de-medici.ms.decms.eu\/services-amenities\/green-stay-program\/"},"modified":"2019-11-08T15:51:37","modified_gmt":"2019-11-08T15:51:37","slug":"gruenes-aufenthaltsprogramm","status":"publish","type":"page","link":"https:\/\/hoteldemedici.com\/de\/dienstleistungen-ausstattung\/gruenes-aufenthaltsprogramm\/","title":{"rendered":"Gr\u00fcnes Aufenthaltsprogramm"},"content":{"rendered":"<p>Belohnen Sie sich mit einem Green Stay-Getr\u00e4nkegutschein an unserer Bar, indem Sie an unserem GREEN STAY-Programm teilnehmen, das nur f\u00fcr \u00dcbernachtungen g\u00fcltig ist (mindestens zwei \u00dcbernachtungen erforderlich). Wenn Sie sich f\u00fcr das GREEN STAY-Programm anmelden, lehnen Sie alle Reinigungsdienste f\u00fcr diesen Tag ab. Dies beinhaltet, dass die gesamte Zimmerreinigung sowie die Pflegeprodukte f\u00fcr Kaffee und Bad nicht automatisch erneuert werden. Sie k\u00f6nnen sich jedoch bei Bedarf an die Rezeption wenden, um zus\u00e4tzliche Artikel zu erhalten.<\/p>\n","protected":false},"excerpt":{"rendered":"<p>Belohnen Sie sich mit einem Green Stay-Getr\u00e4nkegutschein an unserer Bar, indem Sie an unserem GREEN STAY-Programm teilnehmen, das nur f\u00fcr \u00dcbernachtungen g\u00fcltig ist (mindestens zwei \u00dcbernachtungen erforderlich). Wenn Sie sich f\u00fcr das GREEN STAY-Programm anmelden, lehnen Sie alle Reinigungsdienste f\u00fcr diesen Tag ab. Dies beinhaltet, dass die gesamte Zimmerreinigung sowie die Pflegeprodukte f\u00fcr Kaffee und [&hellip;]<\/p>\n","protected":false},"author":46,"featured_media":0,"parent":1987,"menu_order":6,"comment_status":"closed","ping_status":"closed","template":"","meta":{"footnotes":""},"class_list":["post-1994","page","type-page","status-publish","hentry"],"yoast_head":"<!-- This site is optimized with the Yoast SEO plugin v26.9 - https:\/\/yoast.com\/product\/yoast-seo-wordpress\/ -->\n<title>Gr\u00fcnes Aufenthaltsprogramm - Hotel de Medici<\/title>\n<meta name=\"robots\" content=\"index, follow, max-snippet:-1, max-image-preview:large, max-video-preview:-1\" \/>\n<link rel=\"canonical\" href=\"https:\/\/hoteldemedici.com\/de\/dienstleistungen-ausstattung\/gruenes-aufenthaltsprogramm\/\" \/>\n<meta property=\"og:locale\" content=\"de_DE\" \/>\n<meta property=\"og:type\" content=\"article\" \/>\n<meta property=\"og:title\" content=\"Gr\u00fcnes Aufenthaltsprogramm - Hotel de Medici\" \/>\n<meta property=\"og:description\" content=\"Belohnen Sie sich mit einem Green Stay-Getr\u00e4nkegutschein an unserer Bar, indem Sie an unserem GREEN STAY-Programm teilnehmen, das nur f\u00fcr \u00dcbernachtungen g\u00fcltig ist (mindestens zwei \u00dcbernachtungen erforderlich). Wenn Sie sich f\u00fcr das GREEN STAY-Programm anmelden, lehnen Sie alle Reinigungsdienste f\u00fcr diesen Tag ab. Dies beinhaltet, dass die gesamte Zimmerreinigung sowie die Pflegeprodukte f\u00fcr Kaffee und [&hellip;]\" \/>\n<meta property=\"og:url\" content=\"https:\/\/hoteldemedici.com\/de\/dienstleistungen-ausstattung\/gruenes-aufenthaltsprogramm\/\" \/>\n<meta property=\"og:site_name\" content=\"Hotel de Medici\" \/>\n<meta property=\"article:modified_time\" content=\"2019-11-08T15:51:37+00:00\" \/>\n<meta name=\"twitter:card\" content=\"summary_large_image\" \/>\n<script type=\"application\/ld+json\" class=\"yoast-schema-graph\">{\"@context\":\"https:\/\/schema.org\",\"@graph\":[{\"@type\":\"WebPage\",\"@id\":\"https:\/\/hoteldemedici.com\/de\/dienstleistungen-ausstattung\/gruenes-aufenthaltsprogramm\/\",\"url\":\"https:\/\/hoteldemedici.com\/de\/dienstleistungen-ausstattung\/gruenes-aufenthaltsprogramm\/\",\"name\":\"Gr\u00fcnes Aufenthaltsprogramm - Hotel de Medici\",\"isPartOf\":{\"@id\":\"https:\/\/hoteldemedici.com\/de\/#website\"},\"datePublished\":\"2019-07-29T12:52:24+00:00\",\"dateModified\":\"2019-11-08T15:51:37+00:00\",\"breadcrumb\":{\"@id\":\"https:\/\/hoteldemedici.com\/de\/dienstleistungen-ausstattung\/gruenes-aufenthaltsprogramm\/#breadcrumb\"},\"inLanguage\":\"de-DE\",\"potentialAction\":[{\"@type\":\"ReadAction\",\"target\":[\"https:\/\/hoteldemedici.com\/de\/dienstleistungen-ausstattung\/gruenes-aufenthaltsprogramm\/\"]}]},{\"@type\":\"BreadcrumbList\",\"@id\":\"https:\/\/hoteldemedici.com\/de\/dienstleistungen-ausstattung\/gruenes-aufenthaltsprogramm\/#breadcrumb\",\"itemListElement\":[{\"@type\":\"ListItem\",\"position\":1,\"name\":\"Home\",\"item\":\"https:\/\/hoteldemedici.com\/de\/\"},{\"@type\":\"ListItem\",\"position\":2,\"name\":\"Dienstleistungen &#038; Ausstattung\",\"item\":\"https:\/\/hoteldemedici.com\/de\/dienstleistungen-ausstattung\/\"},{\"@type\":\"ListItem\",\"position\":3,\"name\":\"Gr\u00fcnes Aufenthaltsprogramm\"}]},{\"@type\":\"WebSite\",\"@id\":\"https:\/\/hoteldemedici.com\/de\/#website\",\"url\":\"https:\/\/hoteldemedici.com\/de\/\",\"name\":\"Hotel de Medici\",\"description\":\"\",\"potentialAction\":[{\"@type\":\"SearchAction\",\"target\":{\"@type\":\"EntryPoint\",\"urlTemplate\":\"https:\/\/hoteldemedici.com\/de\/?s={search_term_string}\"},\"query-input\":{\"@type\":\"PropertyValueSpecification\",\"valueRequired\":true,\"valueName\":\"search_term_string\"}}],\"inLanguage\":\"de-DE\"}]}<\/script>\n<!-- \/ Yoast SEO plugin. -->","yoast_head_json":{"title":"Gr\u00fcnes Aufenthaltsprogramm - Hotel de Medici","robots":{"index":"index","follow":"follow","max-snippet":"max-snippet:-1","max-image-preview":"max-image-preview:large","max-video-preview":"max-video-preview:-1"},"canonical":"https:\/\/hoteldemedici.com\/de\/dienstleistungen-ausstattung\/gruenes-aufenthaltsprogramm\/","og_locale":"de_DE","og_type":"article","og_title":"Gr\u00fcnes Aufenthaltsprogramm - Hotel de Medici","og_description":"Belohnen Sie sich mit einem Green Stay-Getr\u00e4nkegutschein an unserer Bar, indem Sie an unserem GREEN STAY-Programm teilnehmen, das nur f\u00fcr \u00dcbernachtungen g\u00fcltig ist (mindestens zwei \u00dcbernachtungen erforderlich). Wenn Sie sich f\u00fcr das GREEN STAY-Programm anmelden, lehnen Sie alle Reinigungsdienste f\u00fcr diesen Tag ab. Dies beinhaltet, dass die gesamte Zimmerreinigung sowie die Pflegeprodukte f\u00fcr Kaffee und [&hellip;]","og_url":"https:\/\/hoteldemedici.com\/de\/dienstleistungen-ausstattung\/gruenes-aufenthaltsprogramm\/","og_site_name":"Hotel de Medici","article_modified_time":"2019-11-08T15:51:37+00:00","twitter_card":"summary_large_image","schema":{"@context":"https:\/\/schema.org","@graph":[{"@type":"WebPage","@id":"https:\/\/hoteldemedici.com\/de\/dienstleistungen-ausstattung\/gruenes-aufenthaltsprogramm\/","url":"https:\/\/hoteldemedici.com\/de\/dienstleistungen-ausstattung\/gruenes-aufenthaltsprogramm\/","name":"Gr\u00fcnes Aufenthaltsprogramm - Hotel de Medici","isPartOf":{"@id":"https:\/\/hoteldemedici.com\/de\/#website"},"datePublished":"2019-07-29T12:52:24+00:00","dateModified":"2019-11-08T15:51:37+00:00","breadcrumb":{"@id":"https:\/\/hoteldemedici.com\/de\/dienstleistungen-ausstattung\/gruenes-aufenthaltsprogramm\/#breadcrumb"},"inLanguage":"de-DE","potentialAction":[{"@type":"ReadAction","target":["https:\/\/hoteldemedici.com\/de\/dienstleistungen-ausstattung\/gruenes-aufenthaltsprogramm\/"]}]},{"@type":"BreadcrumbList","@id":"https:\/\/hoteldemedici.com\/de\/dienstleistungen-ausstattung\/gruenes-aufenthaltsprogramm\/#breadcrumb","itemListElement":[{"@type":"ListItem","position":1,"name":"Home","item":"https:\/\/hoteldemedici.com\/de\/"},{"@type":"ListItem","position":2,"name":"Dienstleistungen &#038; Ausstattung","item":"https:\/\/hoteldemedici.com\/de\/dienstleistungen-ausstattung\/"},{"@type":"ListItem","position":3,"name":"Gr\u00fcnes Aufenthaltsprogramm"}]},{"@type":"WebSite","@id":"https:\/\/hoteldemedici.com\/de\/#website","url":"https:\/\/hoteldemedici.com\/de\/","name":"Hotel de Medici","description":"","potentialAction":[{"@type":"SearchAction","target":{"@type":"EntryPoint","urlTemplate":"https:\/\/hoteldemedici.com\/de\/?s={search_term_string}"},"query-input":{"@type":"PropertyValueSpecification","valueRequired":true,"valueName":"search_term_string"}}],"inLanguage":"de-DE"}]}},"acf":[],"_links":{"self":[{"href":"https:\/\/hoteldemedici.com\/de\/wp-json\/wp\/v2\/pages\/1994","targetHints":{"allow":["GET"]}}],"collection":[{"href":"https:\/\/hoteldemedici.com\/de\/wp-json\/wp\/v2\/pages"}],"about":[{"href":"https:\/\/hoteldemedici.com\/de\/wp-json\/wp\/v2\/types\/page"}],"author":[{"embeddable":true,"href":"https:\/\/hoteldemedici.com\/de\/wp-json\/wp\/v2\/users\/46"}],"replies":[{"embeddable":true,"href":"https:\/\/hoteldemedici.com\/de\/wp-json\/wp\/v2\/comments?post=1994"}],"version-history":[{"count":0,"href":"https:\/\/hoteldemedici.com\/de\/wp-json\/wp\/v2\/pages\/1994\/revisions"}],"up":[{"embeddable":true,"href":"https:\/\/hoteldemedici.com\/de\/wp-json\/wp\/v2\/pages\/1987"}],"wp:attachment":[{"href":"https:\/\/hoteldemedici.com\/de\/wp-json\/wp\/v2\/media?parent=1994"}],"curies":[{"name":"wp","href":"https:\/\/api.w.org\/{rel}","templated":true}]}}