{"id":1990,"date":"2019-07-29T12:44:52","date_gmt":"2019-07-29T12:44:52","guid":{"rendered":"http:\/\/hotel-de-medici.ms.decms.eu\/services-amenities\/lounge-bar-damme\/"},"modified":"2019-09-26T09:40:17","modified_gmt":"2019-09-26T09:40:17","slug":"lounge-bar-damme","status":"publish","type":"page","link":"https:\/\/hoteldemedici.com\/de\/dienstleistungen-ausstattung\/lounge-bar-damme\/","title":{"rendered":"Lounge bar &#8222;Damme&#8220;"},"content":{"rendered":"<p>Zeit zum Entspannen bei einem Drink an der Bar. Unsere Loungebar Damme ist t\u00e4glich von 16.30 bis 23.30 Uhr ge\u00f6ffnet. Sie k\u00f6nnen auch w\u00e4hrend unserer Happy Hour zwischen 16.30 und 18.30 Uhr eine sch\u00f6ne Erm\u00e4\u00dfigung genie\u00dfen. Zimmerservice und Snacks sind von 17.00 bis 22.00 Uhr erh\u00e4ltlich.<\/p>\n","protected":false},"excerpt":{"rendered":"<p>Zeit zum Entspannen bei einem Drink an der Bar. Unsere Loungebar Damme ist t\u00e4glich von 16.30 bis 23.30 Uhr ge\u00f6ffnet. Sie k\u00f6nnen auch w\u00e4hrend unserer Happy Hour zwischen 16.30 und 18.30 Uhr eine sch\u00f6ne Erm\u00e4\u00dfigung genie\u00dfen. Zimmerservice und Snacks sind von 17.00 bis 22.00 Uhr erh\u00e4ltlich.<\/p>\n","protected":false},"author":46,"featured_media":0,"parent":1987,"menu_order":2,"comment_status":"closed","ping_status":"closed","template":"","meta":{"footnotes":""},"class_list":["post-1990","page","type-page","status-publish","hentry"],"yoast_head":"<!-- This site is optimized with the Yoast SEO plugin v26.9 - https:\/\/yoast.com\/product\/yoast-seo-wordpress\/ -->\n<title>Lounge bar &quot;Damme&quot; - Hotel de Medici<\/title>\n<meta name=\"robots\" content=\"index, follow, max-snippet:-1, max-image-preview:large, max-video-preview:-1\" \/>\n<link rel=\"canonical\" href=\"https:\/\/hoteldemedici.com\/de\/dienstleistungen-ausstattung\/lounge-bar-damme\/\" \/>\n<meta property=\"og:locale\" content=\"de_DE\" \/>\n<meta property=\"og:type\" content=\"article\" \/>\n<meta property=\"og:title\" content=\"Lounge bar &quot;Damme&quot; - Hotel de Medici\" \/>\n<meta property=\"og:description\" content=\"Zeit zum Entspannen bei einem Drink an der Bar. Unsere Loungebar Damme ist t\u00e4glich von 16.30 bis 23.30 Uhr ge\u00f6ffnet. Sie k\u00f6nnen auch w\u00e4hrend unserer Happy Hour zwischen 16.30 und 18.30 Uhr eine sch\u00f6ne Erm\u00e4\u00dfigung genie\u00dfen. Zimmerservice und Snacks sind von 17.00 bis 22.00 Uhr erh\u00e4ltlich.\" \/>\n<meta property=\"og:url\" content=\"https:\/\/hoteldemedici.com\/de\/dienstleistungen-ausstattung\/lounge-bar-damme\/\" \/>\n<meta property=\"og:site_name\" content=\"Hotel de Medici\" \/>\n<meta property=\"article:modified_time\" content=\"2019-09-26T09:40:17+00:00\" \/>\n<meta name=\"twitter:card\" content=\"summary_large_image\" \/>\n<script type=\"application\/ld+json\" class=\"yoast-schema-graph\">{\"@context\":\"https:\/\/schema.org\",\"@graph\":[{\"@type\":\"WebPage\",\"@id\":\"https:\/\/hoteldemedici.com\/de\/dienstleistungen-ausstattung\/lounge-bar-damme\/\",\"url\":\"https:\/\/hoteldemedici.com\/de\/dienstleistungen-ausstattung\/lounge-bar-damme\/\",\"name\":\"Lounge bar \\\"Damme\\\" - Hotel de Medici\",\"isPartOf\":{\"@id\":\"https:\/\/hoteldemedici.com\/de\/#website\"},\"datePublished\":\"2019-07-29T12:44:52+00:00\",\"dateModified\":\"2019-09-26T09:40:17+00:00\",\"breadcrumb\":{\"@id\":\"https:\/\/hoteldemedici.com\/de\/dienstleistungen-ausstattung\/lounge-bar-damme\/#breadcrumb\"},\"inLanguage\":\"de-DE\",\"potentialAction\":[{\"@type\":\"ReadAction\",\"target\":[\"https:\/\/hoteldemedici.com\/de\/dienstleistungen-ausstattung\/lounge-bar-damme\/\"]}]},{\"@type\":\"BreadcrumbList\",\"@id\":\"https:\/\/hoteldemedici.com\/de\/dienstleistungen-ausstattung\/lounge-bar-damme\/#breadcrumb\",\"itemListElement\":[{\"@type\":\"ListItem\",\"position\":1,\"name\":\"Home\",\"item\":\"https:\/\/hoteldemedici.com\/de\/\"},{\"@type\":\"ListItem\",\"position\":2,\"name\":\"Dienstleistungen &#038; Ausstattung\",\"item\":\"https:\/\/hoteldemedici.com\/de\/dienstleistungen-ausstattung\/\"},{\"@type\":\"ListItem\",\"position\":3,\"name\":\"Lounge bar &#8222;Damme&#8220;\"}]},{\"@type\":\"WebSite\",\"@id\":\"https:\/\/hoteldemedici.com\/de\/#website\",\"url\":\"https:\/\/hoteldemedici.com\/de\/\",\"name\":\"Hotel de Medici\",\"description\":\"\",\"potentialAction\":[{\"@type\":\"SearchAction\",\"target\":{\"@type\":\"EntryPoint\",\"urlTemplate\":\"https:\/\/hoteldemedici.com\/de\/?s={search_term_string}\"},\"query-input\":{\"@type\":\"PropertyValueSpecification\",\"valueRequired\":true,\"valueName\":\"search_term_string\"}}],\"inLanguage\":\"de-DE\"}]}<\/script>\n<!-- \/ Yoast SEO plugin. -->","yoast_head_json":{"title":"Lounge bar \"Damme\" - Hotel de Medici","robots":{"index":"index","follow":"follow","max-snippet":"max-snippet:-1","max-image-preview":"max-image-preview:large","max-video-preview":"max-video-preview:-1"},"canonical":"https:\/\/hoteldemedici.com\/de\/dienstleistungen-ausstattung\/lounge-bar-damme\/","og_locale":"de_DE","og_type":"article","og_title":"Lounge bar \"Damme\" - Hotel de Medici","og_description":"Zeit zum Entspannen bei einem Drink an der Bar. Unsere Loungebar Damme ist t\u00e4glich von 16.30 bis 23.30 Uhr ge\u00f6ffnet. Sie k\u00f6nnen auch w\u00e4hrend unserer Happy Hour zwischen 16.30 und 18.30 Uhr eine sch\u00f6ne Erm\u00e4\u00dfigung genie\u00dfen. Zimmerservice und Snacks sind von 17.00 bis 22.00 Uhr erh\u00e4ltlich.","og_url":"https:\/\/hoteldemedici.com\/de\/dienstleistungen-ausstattung\/lounge-bar-damme\/","og_site_name":"Hotel de Medici","article_modified_time":"2019-09-26T09:40:17+00:00","twitter_card":"summary_large_image","schema":{"@context":"https:\/\/schema.org","@graph":[{"@type":"WebPage","@id":"https:\/\/hoteldemedici.com\/de\/dienstleistungen-ausstattung\/lounge-bar-damme\/","url":"https:\/\/hoteldemedici.com\/de\/dienstleistungen-ausstattung\/lounge-bar-damme\/","name":"Lounge bar \"Damme\" - Hotel de Medici","isPartOf":{"@id":"https:\/\/hoteldemedici.com\/de\/#website"},"datePublished":"2019-07-29T12:44:52+00:00","dateModified":"2019-09-26T09:40:17+00:00","breadcrumb":{"@id":"https:\/\/hoteldemedici.com\/de\/dienstleistungen-ausstattung\/lounge-bar-damme\/#breadcrumb"},"inLanguage":"de-DE","potentialAction":[{"@type":"ReadAction","target":["https:\/\/hoteldemedici.com\/de\/dienstleistungen-ausstattung\/lounge-bar-damme\/"]}]},{"@type":"BreadcrumbList","@id":"https:\/\/hoteldemedici.com\/de\/dienstleistungen-ausstattung\/lounge-bar-damme\/#breadcrumb","itemListElement":[{"@type":"ListItem","position":1,"name":"Home","item":"https:\/\/hoteldemedici.com\/de\/"},{"@type":"ListItem","position":2,"name":"Dienstleistungen &#038; Ausstattung","item":"https:\/\/hoteldemedici.com\/de\/dienstleistungen-ausstattung\/"},{"@type":"ListItem","position":3,"name":"Lounge bar &#8222;Damme&#8220;"}]},{"@type":"WebSite","@id":"https:\/\/hoteldemedici.com\/de\/#website","url":"https:\/\/hoteldemedici.com\/de\/","name":"Hotel de Medici","description":"","potentialAction":[{"@type":"SearchAction","target":{"@type":"EntryPoint","urlTemplate":"https:\/\/hoteldemedici.com\/de\/?s={search_term_string}"},"query-input":{"@type":"PropertyValueSpecification","valueRequired":true,"valueName":"search_term_string"}}],"inLanguage":"de-DE"}]}},"acf":[],"_links":{"self":[{"href":"https:\/\/hoteldemedici.com\/de\/wp-json\/wp\/v2\/pages\/1990","targetHints":{"allow":["GET"]}}],"collection":[{"href":"https:\/\/hoteldemedici.com\/de\/wp-json\/wp\/v2\/pages"}],"about":[{"href":"https:\/\/hoteldemedici.com\/de\/wp-json\/wp\/v2\/types\/page"}],"author":[{"embeddable":true,"href":"https:\/\/hoteldemedici.com\/de\/wp-json\/wp\/v2\/users\/46"}],"replies":[{"embeddable":true,"href":"https:\/\/hoteldemedici.com\/de\/wp-json\/wp\/v2\/comments?post=1990"}],"version-history":[{"count":0,"href":"https:\/\/hoteldemedici.com\/de\/wp-json\/wp\/v2\/pages\/1990\/revisions"}],"up":[{"embeddable":true,"href":"https:\/\/hoteldemedici.com\/de\/wp-json\/wp\/v2\/pages\/1987"}],"wp:attachment":[{"href":"https:\/\/hoteldemedici.com\/de\/wp-json\/wp\/v2\/media?parent=1990"}],"curies":[{"name":"wp","href":"https:\/\/api.w.org\/{rel}","templated":true}]}}