{"id":1989,"date":"2019-07-29T12:43:59","date_gmt":"2019-07-29T12:43:59","guid":{"rendered":"http:\/\/hotel-de-medici.ms.decms.eu\/services-amenities\/restaurant-aigle-belgica\/"},"modified":"2019-09-26T09:40:01","modified_gmt":"2019-09-26T09:40:01","slug":"restaurant-aigle-belgica","status":"publish","type":"page","link":"https:\/\/hoteldemedici.com\/de\/dienstleistungen-ausstattung\/restaurant-aigle-belgica\/","title":{"rendered":"Restaurant &#8222;Aigle Belgica&#8220;"},"content":{"rendered":"<p>Starten Sie gut in den Tag. Jeden Morgen k\u00f6nnen Sie ein reichhaltiges amerikanisches Fr\u00fchst\u00fccksbuffet genie\u00dfen. Es ist f\u00fcr jeden etwas dabei und Sie haben die Wahl zwischen warmen und kalten Speisen, verschiedenen Brotsorten, Aufschnitt, K\u00e4se und Marmelade.<\/p>\n","protected":false},"excerpt":{"rendered":"<p>Starten Sie gut in den Tag. Jeden Morgen k\u00f6nnen Sie ein reichhaltiges amerikanisches Fr\u00fchst\u00fccksbuffet genie\u00dfen. Es ist f\u00fcr jeden etwas dabei und Sie haben die Wahl zwischen warmen und kalten Speisen, verschiedenen Brotsorten, Aufschnitt, K\u00e4se und Marmelade.<\/p>\n","protected":false},"author":46,"featured_media":0,"parent":1987,"menu_order":1,"comment_status":"closed","ping_status":"closed","template":"","meta":{"footnotes":""},"class_list":["post-1989","page","type-page","status-publish","hentry"],"yoast_head":"<!-- This site is optimized with the Yoast SEO plugin v26.9 - https:\/\/yoast.com\/product\/yoast-seo-wordpress\/ -->\n<title>Restaurant &quot;Aigle Belgica&quot; - Hotel de Medici<\/title>\n<meta name=\"robots\" content=\"index, follow, max-snippet:-1, max-image-preview:large, max-video-preview:-1\" \/>\n<link rel=\"canonical\" href=\"https:\/\/hoteldemedici.com\/de\/dienstleistungen-ausstattung\/restaurant-aigle-belgica\/\" \/>\n<meta property=\"og:locale\" content=\"de_DE\" \/>\n<meta property=\"og:type\" content=\"article\" \/>\n<meta property=\"og:title\" content=\"Restaurant &quot;Aigle Belgica&quot; - Hotel de Medici\" \/>\n<meta property=\"og:description\" content=\"Starten Sie gut in den Tag. Jeden Morgen k\u00f6nnen Sie ein reichhaltiges amerikanisches Fr\u00fchst\u00fccksbuffet genie\u00dfen. Es ist f\u00fcr jeden etwas dabei und Sie haben die Wahl zwischen warmen und kalten Speisen, verschiedenen Brotsorten, Aufschnitt, K\u00e4se und Marmelade.\" \/>\n<meta property=\"og:url\" content=\"https:\/\/hoteldemedici.com\/de\/dienstleistungen-ausstattung\/restaurant-aigle-belgica\/\" \/>\n<meta property=\"og:site_name\" content=\"Hotel de Medici\" \/>\n<meta property=\"article:modified_time\" content=\"2019-09-26T09:40:01+00:00\" \/>\n<meta name=\"twitter:card\" content=\"summary_large_image\" \/>\n<script type=\"application\/ld+json\" class=\"yoast-schema-graph\">{\"@context\":\"https:\/\/schema.org\",\"@graph\":[{\"@type\":\"WebPage\",\"@id\":\"https:\/\/hoteldemedici.com\/de\/dienstleistungen-ausstattung\/restaurant-aigle-belgica\/\",\"url\":\"https:\/\/hoteldemedici.com\/de\/dienstleistungen-ausstattung\/restaurant-aigle-belgica\/\",\"name\":\"Restaurant \\\"Aigle Belgica\\\" - Hotel de Medici\",\"isPartOf\":{\"@id\":\"https:\/\/hoteldemedici.com\/de\/#website\"},\"datePublished\":\"2019-07-29T12:43:59+00:00\",\"dateModified\":\"2019-09-26T09:40:01+00:00\",\"breadcrumb\":{\"@id\":\"https:\/\/hoteldemedici.com\/de\/dienstleistungen-ausstattung\/restaurant-aigle-belgica\/#breadcrumb\"},\"inLanguage\":\"de-DE\",\"potentialAction\":[{\"@type\":\"ReadAction\",\"target\":[\"https:\/\/hoteldemedici.com\/de\/dienstleistungen-ausstattung\/restaurant-aigle-belgica\/\"]}]},{\"@type\":\"BreadcrumbList\",\"@id\":\"https:\/\/hoteldemedici.com\/de\/dienstleistungen-ausstattung\/restaurant-aigle-belgica\/#breadcrumb\",\"itemListElement\":[{\"@type\":\"ListItem\",\"position\":1,\"name\":\"Home\",\"item\":\"https:\/\/hoteldemedici.com\/de\/\"},{\"@type\":\"ListItem\",\"position\":2,\"name\":\"Dienstleistungen &#038; Ausstattung\",\"item\":\"https:\/\/hoteldemedici.com\/de\/dienstleistungen-ausstattung\/\"},{\"@type\":\"ListItem\",\"position\":3,\"name\":\"Restaurant &#8222;Aigle Belgica&#8220;\"}]},{\"@type\":\"WebSite\",\"@id\":\"https:\/\/hoteldemedici.com\/de\/#website\",\"url\":\"https:\/\/hoteldemedici.com\/de\/\",\"name\":\"Hotel de Medici\",\"description\":\"\",\"potentialAction\":[{\"@type\":\"SearchAction\",\"target\":{\"@type\":\"EntryPoint\",\"urlTemplate\":\"https:\/\/hoteldemedici.com\/de\/?s={search_term_string}\"},\"query-input\":{\"@type\":\"PropertyValueSpecification\",\"valueRequired\":true,\"valueName\":\"search_term_string\"}}],\"inLanguage\":\"de-DE\"}]}<\/script>\n<!-- \/ Yoast SEO plugin. -->","yoast_head_json":{"title":"Restaurant \"Aigle Belgica\" - Hotel de Medici","robots":{"index":"index","follow":"follow","max-snippet":"max-snippet:-1","max-image-preview":"max-image-preview:large","max-video-preview":"max-video-preview:-1"},"canonical":"https:\/\/hoteldemedici.com\/de\/dienstleistungen-ausstattung\/restaurant-aigle-belgica\/","og_locale":"de_DE","og_type":"article","og_title":"Restaurant \"Aigle Belgica\" - Hotel de Medici","og_description":"Starten Sie gut in den Tag. Jeden Morgen k\u00f6nnen Sie ein reichhaltiges amerikanisches Fr\u00fchst\u00fccksbuffet genie\u00dfen. Es ist f\u00fcr jeden etwas dabei und Sie haben die Wahl zwischen warmen und kalten Speisen, verschiedenen Brotsorten, Aufschnitt, K\u00e4se und Marmelade.","og_url":"https:\/\/hoteldemedici.com\/de\/dienstleistungen-ausstattung\/restaurant-aigle-belgica\/","og_site_name":"Hotel de Medici","article_modified_time":"2019-09-26T09:40:01+00:00","twitter_card":"summary_large_image","schema":{"@context":"https:\/\/schema.org","@graph":[{"@type":"WebPage","@id":"https:\/\/hoteldemedici.com\/de\/dienstleistungen-ausstattung\/restaurant-aigle-belgica\/","url":"https:\/\/hoteldemedici.com\/de\/dienstleistungen-ausstattung\/restaurant-aigle-belgica\/","name":"Restaurant \"Aigle Belgica\" - Hotel de Medici","isPartOf":{"@id":"https:\/\/hoteldemedici.com\/de\/#website"},"datePublished":"2019-07-29T12:43:59+00:00","dateModified":"2019-09-26T09:40:01+00:00","breadcrumb":{"@id":"https:\/\/hoteldemedici.com\/de\/dienstleistungen-ausstattung\/restaurant-aigle-belgica\/#breadcrumb"},"inLanguage":"de-DE","potentialAction":[{"@type":"ReadAction","target":["https:\/\/hoteldemedici.com\/de\/dienstleistungen-ausstattung\/restaurant-aigle-belgica\/"]}]},{"@type":"BreadcrumbList","@id":"https:\/\/hoteldemedici.com\/de\/dienstleistungen-ausstattung\/restaurant-aigle-belgica\/#breadcrumb","itemListElement":[{"@type":"ListItem","position":1,"name":"Home","item":"https:\/\/hoteldemedici.com\/de\/"},{"@type":"ListItem","position":2,"name":"Dienstleistungen &#038; Ausstattung","item":"https:\/\/hoteldemedici.com\/de\/dienstleistungen-ausstattung\/"},{"@type":"ListItem","position":3,"name":"Restaurant &#8222;Aigle Belgica&#8220;"}]},{"@type":"WebSite","@id":"https:\/\/hoteldemedici.com\/de\/#website","url":"https:\/\/hoteldemedici.com\/de\/","name":"Hotel de Medici","description":"","potentialAction":[{"@type":"SearchAction","target":{"@type":"EntryPoint","urlTemplate":"https:\/\/hoteldemedici.com\/de\/?s={search_term_string}"},"query-input":{"@type":"PropertyValueSpecification","valueRequired":true,"valueName":"search_term_string"}}],"inLanguage":"de-DE"}]}},"acf":[],"_links":{"self":[{"href":"https:\/\/hoteldemedici.com\/de\/wp-json\/wp\/v2\/pages\/1989","targetHints":{"allow":["GET"]}}],"collection":[{"href":"https:\/\/hoteldemedici.com\/de\/wp-json\/wp\/v2\/pages"}],"about":[{"href":"https:\/\/hoteldemedici.com\/de\/wp-json\/wp\/v2\/types\/page"}],"author":[{"embeddable":true,"href":"https:\/\/hoteldemedici.com\/de\/wp-json\/wp\/v2\/users\/46"}],"replies":[{"embeddable":true,"href":"https:\/\/hoteldemedici.com\/de\/wp-json\/wp\/v2\/comments?post=1989"}],"version-history":[{"count":0,"href":"https:\/\/hoteldemedici.com\/de\/wp-json\/wp\/v2\/pages\/1989\/revisions"}],"up":[{"embeddable":true,"href":"https:\/\/hoteldemedici.com\/de\/wp-json\/wp\/v2\/pages\/1987"}],"wp:attachment":[{"href":"https:\/\/hoteldemedici.com\/de\/wp-json\/wp\/v2\/media?parent=1989"}],"curies":[{"name":"wp","href":"https:\/\/api.w.org\/{rel}","templated":true}]}}