{"id":1987,"date":"2019-07-29T12:37:34","date_gmt":"2019-07-29T12:37:34","guid":{"rendered":"http:\/\/hotel-de-medici.ms.decms.eu\/services-amenities\/"},"modified":"2019-11-08T15:50:15","modified_gmt":"2019-11-08T15:50:15","slug":"dienstleistungen-ausstattung","status":"publish","type":"page","link":"https:\/\/hoteldemedici.com\/de\/dienstleistungen-ausstattung\/","title":{"rendered":"Dienstleistungen &#038; Ausstattung"},"content":{"rendered":"<p>Br\u00fcgge wird das &#8222;Venedig des Nordens&#8220; genannt, weil es zahlreiche Kan\u00e4le hat, die die Stadt durchqueren. Das 4-Sterne-Hotel de\u2019 Medici befindet sich in dieser romantischen Stadt an einem der romantischsten Kan\u00e4le von Br\u00fcgge, nur wenige Gehminuten vom Hauptmarkt entfernt.<br \/>\nWir freuen uns, Sie bei uns begr\u00fc\u00dfen zu d\u00fcrfen. Genie\u00dfen Sie unseren besten Service in diesem 4-Sterne-Hotel. Zu den Annehmlichkeiten z\u00e4hlen kostenfreies WLAN, ein Green Stay-Programm f\u00fcr G\u00e4ste mit mehr als 2 \u00dcbernachtungen, ein Fitnesscenter, ein Zimmerservice, ein sch\u00f6ner japanischer Garten und gegen Aufpreis eine private Tiefgarage, ein Whirlpool, ein Dampfbad usw.<\/p>\n","protected":false},"excerpt":{"rendered":"<p>Br\u00fcgge wird das &#8222;Venedig des Nordens&#8220; genannt, weil es zahlreiche Kan\u00e4le hat, die die Stadt durchqueren. Das 4-Sterne-Hotel de\u2019 Medici befindet sich in dieser romantischen Stadt an einem der romantischsten Kan\u00e4le von Br\u00fcgge, nur wenige Gehminuten vom Hauptmarkt entfernt. Wir freuen uns, Sie bei uns begr\u00fc\u00dfen zu d\u00fcrfen. Genie\u00dfen Sie unseren besten Service in diesem [&hellip;]<\/p>\n","protected":false},"author":46,"featured_media":3090,"parent":0,"menu_order":0,"comment_status":"closed","ping_status":"closed","template":"","meta":{"footnotes":""},"class_list":["post-1987","page","type-page","status-publish","has-post-thumbnail","hentry"],"yoast_head":"<!-- This site is optimized with the Yoast SEO plugin v26.9 - https:\/\/yoast.com\/product\/yoast-seo-wordpress\/ -->\n<title>Dienstleistungen &amp; Ausstattung - Hotel de Medici<\/title>\n<meta name=\"robots\" content=\"index, follow, max-snippet:-1, max-image-preview:large, max-video-preview:-1\" \/>\n<link rel=\"canonical\" href=\"https:\/\/hoteldemedici.com\/de\/dienstleistungen-ausstattung\/\" \/>\n<meta property=\"og:locale\" content=\"de_DE\" \/>\n<meta property=\"og:type\" content=\"article\" \/>\n<meta property=\"og:title\" content=\"Dienstleistungen &amp; Ausstattung - Hotel de Medici\" \/>\n<meta property=\"og:description\" content=\"Br\u00fcgge wird das &#8222;Venedig des Nordens&#8220; genannt, weil es zahlreiche Kan\u00e4le hat, die die Stadt durchqueren. Das 4-Sterne-Hotel de\u2019 Medici befindet sich in dieser romantischen Stadt an einem der romantischsten Kan\u00e4le von Br\u00fcgge, nur wenige Gehminuten vom Hauptmarkt entfernt. Wir freuen uns, Sie bei uns begr\u00fc\u00dfen zu d\u00fcrfen. Genie\u00dfen Sie unseren besten Service in diesem [&hellip;]\" \/>\n<meta property=\"og:url\" content=\"https:\/\/hoteldemedici.com\/de\/dienstleistungen-ausstattung\/\" \/>\n<meta property=\"og:site_name\" content=\"Hotel de Medici\" \/>\n<meta property=\"article:modified_time\" content=\"2019-11-08T15:50:15+00:00\" \/>\n<meta property=\"og:image\" content=\"https:\/\/hoteldemedici.com\/wp-content\/uploads\/sites\/69\/2019\/09\/Jacuzzi-3.jpg\" \/>\n\t<meta property=\"og:image:width\" content=\"2200\" \/>\n\t<meta property=\"og:image:height\" content=\"1200\" \/>\n\t<meta property=\"og:image:type\" content=\"image\/jpeg\" \/>\n<meta name=\"twitter:card\" content=\"summary_large_image\" \/>\n<meta name=\"twitter:label1\" content=\"Gesch\u00e4tzte Lesezeit\" \/>\n\t<meta name=\"twitter:data1\" content=\"1 Minute\" \/>\n<script type=\"application\/ld+json\" class=\"yoast-schema-graph\">{\"@context\":\"https:\/\/schema.org\",\"@graph\":[{\"@type\":\"WebPage\",\"@id\":\"https:\/\/hoteldemedici.com\/de\/dienstleistungen-ausstattung\/\",\"url\":\"https:\/\/hoteldemedici.com\/de\/dienstleistungen-ausstattung\/\",\"name\":\"Dienstleistungen & Ausstattung - Hotel de Medici\",\"isPartOf\":{\"@id\":\"https:\/\/hoteldemedici.com\/de\/#website\"},\"primaryImageOfPage\":{\"@id\":\"https:\/\/hoteldemedici.com\/de\/dienstleistungen-ausstattung\/#primaryimage\"},\"image\":{\"@id\":\"https:\/\/hoteldemedici.com\/de\/dienstleistungen-ausstattung\/#primaryimage\"},\"thumbnailUrl\":\"https:\/\/hoteldemedici.com\/wp-content\/uploads\/sites\/69\/2019\/09\/Jacuzzi-3.jpg\",\"datePublished\":\"2019-07-29T12:37:34+00:00\",\"dateModified\":\"2019-11-08T15:50:15+00:00\",\"breadcrumb\":{\"@id\":\"https:\/\/hoteldemedici.com\/de\/dienstleistungen-ausstattung\/#breadcrumb\"},\"inLanguage\":\"de-DE\",\"potentialAction\":[{\"@type\":\"ReadAction\",\"target\":[\"https:\/\/hoteldemedici.com\/de\/dienstleistungen-ausstattung\/\"]}]},{\"@type\":\"ImageObject\",\"inLanguage\":\"de-DE\",\"@id\":\"https:\/\/hoteldemedici.com\/de\/dienstleistungen-ausstattung\/#primaryimage\",\"url\":\"https:\/\/hoteldemedici.com\/wp-content\/uploads\/sites\/69\/2019\/09\/Jacuzzi-3.jpg\",\"contentUrl\":\"https:\/\/hoteldemedici.com\/wp-content\/uploads\/sites\/69\/2019\/09\/Jacuzzi-3.jpg\",\"width\":2200,\"height\":1200,\"caption\":\"en::hotel nl::hotel fr::hotel de::hotel\"},{\"@type\":\"BreadcrumbList\",\"@id\":\"https:\/\/hoteldemedici.com\/de\/dienstleistungen-ausstattung\/#breadcrumb\",\"itemListElement\":[{\"@type\":\"ListItem\",\"position\":1,\"name\":\"Home\",\"item\":\"https:\/\/hoteldemedici.com\/de\/\"},{\"@type\":\"ListItem\",\"position\":2,\"name\":\"Dienstleistungen &#038; Ausstattung\"}]},{\"@type\":\"WebSite\",\"@id\":\"https:\/\/hoteldemedici.com\/de\/#website\",\"url\":\"https:\/\/hoteldemedici.com\/de\/\",\"name\":\"Hotel de Medici\",\"description\":\"\",\"potentialAction\":[{\"@type\":\"SearchAction\",\"target\":{\"@type\":\"EntryPoint\",\"urlTemplate\":\"https:\/\/hoteldemedici.com\/de\/?s={search_term_string}\"},\"query-input\":{\"@type\":\"PropertyValueSpecification\",\"valueRequired\":true,\"valueName\":\"search_term_string\"}}],\"inLanguage\":\"de-DE\"}]}<\/script>\n<!-- \/ Yoast SEO plugin. -->","yoast_head_json":{"title":"Dienstleistungen & Ausstattung - Hotel de Medici","robots":{"index":"index","follow":"follow","max-snippet":"max-snippet:-1","max-image-preview":"max-image-preview:large","max-video-preview":"max-video-preview:-1"},"canonical":"https:\/\/hoteldemedici.com\/de\/dienstleistungen-ausstattung\/","og_locale":"de_DE","og_type":"article","og_title":"Dienstleistungen & Ausstattung - Hotel de Medici","og_description":"Br\u00fcgge wird das &#8222;Venedig des Nordens&#8220; genannt, weil es zahlreiche Kan\u00e4le hat, die die Stadt durchqueren. Das 4-Sterne-Hotel de\u2019 Medici befindet sich in dieser romantischen Stadt an einem der romantischsten Kan\u00e4le von Br\u00fcgge, nur wenige Gehminuten vom Hauptmarkt entfernt. Wir freuen uns, Sie bei uns begr\u00fc\u00dfen zu d\u00fcrfen. Genie\u00dfen Sie unseren besten Service in diesem [&hellip;]","og_url":"https:\/\/hoteldemedici.com\/de\/dienstleistungen-ausstattung\/","og_site_name":"Hotel de Medici","article_modified_time":"2019-11-08T15:50:15+00:00","og_image":[{"width":2200,"height":1200,"url":"https:\/\/hoteldemedici.com\/wp-content\/uploads\/sites\/69\/2019\/09\/Jacuzzi-3.jpg","type":"image\/jpeg"}],"twitter_card":"summary_large_image","twitter_misc":{"Gesch\u00e4tzte Lesezeit":"1 Minute"},"schema":{"@context":"https:\/\/schema.org","@graph":[{"@type":"WebPage","@id":"https:\/\/hoteldemedici.com\/de\/dienstleistungen-ausstattung\/","url":"https:\/\/hoteldemedici.com\/de\/dienstleistungen-ausstattung\/","name":"Dienstleistungen & Ausstattung - Hotel de Medici","isPartOf":{"@id":"https:\/\/hoteldemedici.com\/de\/#website"},"primaryImageOfPage":{"@id":"https:\/\/hoteldemedici.com\/de\/dienstleistungen-ausstattung\/#primaryimage"},"image":{"@id":"https:\/\/hoteldemedici.com\/de\/dienstleistungen-ausstattung\/#primaryimage"},"thumbnailUrl":"https:\/\/hoteldemedici.com\/wp-content\/uploads\/sites\/69\/2019\/09\/Jacuzzi-3.jpg","datePublished":"2019-07-29T12:37:34+00:00","dateModified":"2019-11-08T15:50:15+00:00","breadcrumb":{"@id":"https:\/\/hoteldemedici.com\/de\/dienstleistungen-ausstattung\/#breadcrumb"},"inLanguage":"de-DE","potentialAction":[{"@type":"ReadAction","target":["https:\/\/hoteldemedici.com\/de\/dienstleistungen-ausstattung\/"]}]},{"@type":"ImageObject","inLanguage":"de-DE","@id":"https:\/\/hoteldemedici.com\/de\/dienstleistungen-ausstattung\/#primaryimage","url":"https:\/\/hoteldemedici.com\/wp-content\/uploads\/sites\/69\/2019\/09\/Jacuzzi-3.jpg","contentUrl":"https:\/\/hoteldemedici.com\/wp-content\/uploads\/sites\/69\/2019\/09\/Jacuzzi-3.jpg","width":2200,"height":1200,"caption":"en::hotel nl::hotel fr::hotel de::hotel"},{"@type":"BreadcrumbList","@id":"https:\/\/hoteldemedici.com\/de\/dienstleistungen-ausstattung\/#breadcrumb","itemListElement":[{"@type":"ListItem","position":1,"name":"Home","item":"https:\/\/hoteldemedici.com\/de\/"},{"@type":"ListItem","position":2,"name":"Dienstleistungen &#038; Ausstattung"}]},{"@type":"WebSite","@id":"https:\/\/hoteldemedici.com\/de\/#website","url":"https:\/\/hoteldemedici.com\/de\/","name":"Hotel de Medici","description":"","potentialAction":[{"@type":"SearchAction","target":{"@type":"EntryPoint","urlTemplate":"https:\/\/hoteldemedici.com\/de\/?s={search_term_string}"},"query-input":{"@type":"PropertyValueSpecification","valueRequired":true,"valueName":"search_term_string"}}],"inLanguage":"de-DE"}]}},"acf":[],"_links":{"self":[{"href":"https:\/\/hoteldemedici.com\/de\/wp-json\/wp\/v2\/pages\/1987","targetHints":{"allow":["GET"]}}],"collection":[{"href":"https:\/\/hoteldemedici.com\/de\/wp-json\/wp\/v2\/pages"}],"about":[{"href":"https:\/\/hoteldemedici.com\/de\/wp-json\/wp\/v2\/types\/page"}],"author":[{"embeddable":true,"href":"https:\/\/hoteldemedici.com\/de\/wp-json\/wp\/v2\/users\/46"}],"replies":[{"embeddable":true,"href":"https:\/\/hoteldemedici.com\/de\/wp-json\/wp\/v2\/comments?post=1987"}],"version-history":[{"count":0,"href":"https:\/\/hoteldemedici.com\/de\/wp-json\/wp\/v2\/pages\/1987\/revisions"}],"wp:featuredmedia":[{"embeddable":true,"href":"https:\/\/hoteldemedici.com\/de\/wp-json\/wp\/v2\/media\/3090"}],"wp:attachment":[{"href":"https:\/\/hoteldemedici.com\/de\/wp-json\/wp\/v2\/media?parent=1987"}],"curies":[{"name":"wp","href":"https:\/\/api.w.org\/{rel}","templated":true}]}}