{"id":1985,"date":"2019-07-29T12:28:57","date_gmt":"2019-07-29T12:28:57","guid":{"rendered":"http:\/\/hotel-de-medici.ms.decms.eu\/rooms-junior-suites\/junior-suites\/"},"modified":"2023-10-04T06:40:00","modified_gmt":"2023-10-04T06:40:00","slug":"junior-suiten","status":"publish","type":"page","link":"https:\/\/hoteldemedici.com\/de\/zimmer-junior-suiten\/junior-suiten\/","title":{"rendered":"Junior suiten"},"content":{"rendered":"<p>Die 6 Junior Suiten im Hotel de&#8216; Medici sind alle gr\u00f6\u00dfer als andere Zimmer und haben alle einen Blick auf den Kanal vor dem Hotel, auf den japanischen Garten oder auf die Stra\u00dfe. Unsere Junior Suiten wurden speziell entworfen, um den perfekten Rahmen f\u00fcr einen komfortablen Aufenthalt zu schaffen. Die Junior Suiten sind alle klimatisiert und einige verf\u00fcgen \u00fcber Holzb\u00f6den. In den Zimmern liegen Badem\u00e4ntel und Hausschuhe f\u00fcr Sie bereit. Die Zimmer sind mit Bad und Haartrockner, IPTV mit 43-Zoll-LED-Bildschirm, Radio, IDD-Telefon, kostenlosem WLAN-Internetzugang, privatem Safe, Hosenpresse, Minibar und Kaffee- und Teeecke mit Wasserkocher ausgestattet. Die schallisolierten Fenster sorgen nach einem langen Tag in der pulsierenden Atmosph\u00e4re von Br\u00fcgge f\u00fcr eine erholsame Nachtruhe.<\/p>\n","protected":false},"excerpt":{"rendered":"<p>Die 6 Junior Suiten im Hotel de&#8216; Medici sind alle gr\u00f6\u00dfer als andere Zimmer und haben alle einen Blick auf den Kanal vor dem Hotel, auf den japanischen Garten oder auf die Stra\u00dfe. Unsere Junior Suiten wurden speziell entworfen, um den perfekten Rahmen f\u00fcr einen komfortablen Aufenthalt zu schaffen. Die Junior Suiten sind alle klimatisiert [&hellip;]<\/p>\n","protected":false},"author":46,"featured_media":3267,"parent":1979,"menu_order":0,"comment_status":"closed","ping_status":"closed","template":"template-single-room.php","meta":{"footnotes":""},"class_list":["post-1985","page","type-page","status-publish","has-post-thumbnail","hentry"],"yoast_head":"<!-- This site is optimized with the Yoast SEO plugin v26.9 - https:\/\/yoast.com\/product\/yoast-seo-wordpress\/ -->\n<title>Junior suiten - Hotel de Medici<\/title>\n<meta name=\"robots\" content=\"index, follow, max-snippet:-1, max-image-preview:large, max-video-preview:-1\" \/>\n<link rel=\"canonical\" href=\"https:\/\/hoteldemedici.com\/de\/zimmer-junior-suiten\/junior-suiten\/\" \/>\n<meta property=\"og:locale\" content=\"de_DE\" \/>\n<meta property=\"og:type\" content=\"article\" \/>\n<meta property=\"og:title\" content=\"Junior suiten - Hotel de Medici\" \/>\n<meta property=\"og:description\" content=\"Die 6 Junior Suiten im Hotel de&#8216; Medici sind alle gr\u00f6\u00dfer als andere Zimmer und haben alle einen Blick auf den Kanal vor dem Hotel, auf den japanischen Garten oder auf die Stra\u00dfe. Unsere Junior Suiten wurden speziell entworfen, um den perfekten Rahmen f\u00fcr einen komfortablen Aufenthalt zu schaffen. Die Junior Suiten sind alle klimatisiert [&hellip;]\" \/>\n<meta property=\"og:url\" content=\"https:\/\/hoteldemedici.com\/de\/zimmer-junior-suiten\/junior-suiten\/\" \/>\n<meta property=\"og:site_name\" content=\"Hotel de Medici\" \/>\n<meta property=\"article:modified_time\" content=\"2023-10-04T06:40:00+00:00\" \/>\n<meta property=\"og:image\" content=\"https:\/\/hoteldemedici.com\/wp-content\/uploads\/sites\/69\/2019\/07\/2nd-wing-suite-232.jpg\" \/>\n\t<meta property=\"og:image:width\" content=\"1200\" \/>\n\t<meta property=\"og:image:height\" content=\"655\" \/>\n\t<meta property=\"og:image:type\" content=\"image\/jpeg\" \/>\n<meta name=\"twitter:card\" content=\"summary_large_image\" \/>\n<meta name=\"twitter:label1\" content=\"Gesch\u00e4tzte Lesezeit\" \/>\n\t<meta name=\"twitter:data1\" content=\"1 Minute\" \/>\n<script type=\"application\/ld+json\" class=\"yoast-schema-graph\">{\"@context\":\"https:\/\/schema.org\",\"@graph\":[{\"@type\":\"WebPage\",\"@id\":\"https:\/\/hoteldemedici.com\/de\/zimmer-junior-suiten\/junior-suiten\/\",\"url\":\"https:\/\/hoteldemedici.com\/de\/zimmer-junior-suiten\/junior-suiten\/\",\"name\":\"Junior suiten - Hotel de Medici\",\"isPartOf\":{\"@id\":\"https:\/\/hoteldemedici.com\/de\/#website\"},\"primaryImageOfPage\":{\"@id\":\"https:\/\/hoteldemedici.com\/de\/zimmer-junior-suiten\/junior-suiten\/#primaryimage\"},\"image\":{\"@id\":\"https:\/\/hoteldemedici.com\/de\/zimmer-junior-suiten\/junior-suiten\/#primaryimage\"},\"thumbnailUrl\":\"https:\/\/hoteldemedici.com\/wp-content\/uploads\/sites\/69\/2019\/07\/2nd-wing-suite-232.jpg\",\"datePublished\":\"2019-07-29T12:28:57+00:00\",\"dateModified\":\"2023-10-04T06:40:00+00:00\",\"breadcrumb\":{\"@id\":\"https:\/\/hoteldemedici.com\/de\/zimmer-junior-suiten\/junior-suiten\/#breadcrumb\"},\"inLanguage\":\"de-DE\",\"potentialAction\":[{\"@type\":\"ReadAction\",\"target\":[\"https:\/\/hoteldemedici.com\/de\/zimmer-junior-suiten\/junior-suiten\/\"]}]},{\"@type\":\"ImageObject\",\"inLanguage\":\"de-DE\",\"@id\":\"https:\/\/hoteldemedici.com\/de\/zimmer-junior-suiten\/junior-suiten\/#primaryimage\",\"url\":\"https:\/\/hoteldemedici.com\/wp-content\/uploads\/sites\/69\/2019\/07\/2nd-wing-suite-232.jpg\",\"contentUrl\":\"https:\/\/hoteldemedici.com\/wp-content\/uploads\/sites\/69\/2019\/07\/2nd-wing-suite-232.jpg\",\"width\":1200,\"height\":655},{\"@type\":\"BreadcrumbList\",\"@id\":\"https:\/\/hoteldemedici.com\/de\/zimmer-junior-suiten\/junior-suiten\/#breadcrumb\",\"itemListElement\":[{\"@type\":\"ListItem\",\"position\":1,\"name\":\"Home\",\"item\":\"https:\/\/hoteldemedici.com\/de\/\"},{\"@type\":\"ListItem\",\"position\":2,\"name\":\"Zimmer &#038; Junior suiten\",\"item\":\"https:\/\/hoteldemedici.com\/de\/zimmer-junior-suiten\/\"},{\"@type\":\"ListItem\",\"position\":3,\"name\":\"Junior suiten\"}]},{\"@type\":\"WebSite\",\"@id\":\"https:\/\/hoteldemedici.com\/de\/#website\",\"url\":\"https:\/\/hoteldemedici.com\/de\/\",\"name\":\"Hotel de Medici\",\"description\":\"\",\"potentialAction\":[{\"@type\":\"SearchAction\",\"target\":{\"@type\":\"EntryPoint\",\"urlTemplate\":\"https:\/\/hoteldemedici.com\/de\/?s={search_term_string}\"},\"query-input\":{\"@type\":\"PropertyValueSpecification\",\"valueRequired\":true,\"valueName\":\"search_term_string\"}}],\"inLanguage\":\"de-DE\"}]}<\/script>\n<!-- \/ Yoast SEO plugin. -->","yoast_head_json":{"title":"Junior suiten - Hotel de Medici","robots":{"index":"index","follow":"follow","max-snippet":"max-snippet:-1","max-image-preview":"max-image-preview:large","max-video-preview":"max-video-preview:-1"},"canonical":"https:\/\/hoteldemedici.com\/de\/zimmer-junior-suiten\/junior-suiten\/","og_locale":"de_DE","og_type":"article","og_title":"Junior suiten - Hotel de Medici","og_description":"Die 6 Junior Suiten im Hotel de&#8216; Medici sind alle gr\u00f6\u00dfer als andere Zimmer und haben alle einen Blick auf den Kanal vor dem Hotel, auf den japanischen Garten oder auf die Stra\u00dfe. Unsere Junior Suiten wurden speziell entworfen, um den perfekten Rahmen f\u00fcr einen komfortablen Aufenthalt zu schaffen. Die Junior Suiten sind alle klimatisiert [&hellip;]","og_url":"https:\/\/hoteldemedici.com\/de\/zimmer-junior-suiten\/junior-suiten\/","og_site_name":"Hotel de Medici","article_modified_time":"2023-10-04T06:40:00+00:00","og_image":[{"width":1200,"height":655,"url":"https:\/\/hoteldemedici.com\/wp-content\/uploads\/sites\/69\/2019\/07\/2nd-wing-suite-232.jpg","type":"image\/jpeg"}],"twitter_card":"summary_large_image","twitter_misc":{"Gesch\u00e4tzte Lesezeit":"1 Minute"},"schema":{"@context":"https:\/\/schema.org","@graph":[{"@type":"WebPage","@id":"https:\/\/hoteldemedici.com\/de\/zimmer-junior-suiten\/junior-suiten\/","url":"https:\/\/hoteldemedici.com\/de\/zimmer-junior-suiten\/junior-suiten\/","name":"Junior suiten - Hotel de Medici","isPartOf":{"@id":"https:\/\/hoteldemedici.com\/de\/#website"},"primaryImageOfPage":{"@id":"https:\/\/hoteldemedici.com\/de\/zimmer-junior-suiten\/junior-suiten\/#primaryimage"},"image":{"@id":"https:\/\/hoteldemedici.com\/de\/zimmer-junior-suiten\/junior-suiten\/#primaryimage"},"thumbnailUrl":"https:\/\/hoteldemedici.com\/wp-content\/uploads\/sites\/69\/2019\/07\/2nd-wing-suite-232.jpg","datePublished":"2019-07-29T12:28:57+00:00","dateModified":"2023-10-04T06:40:00+00:00","breadcrumb":{"@id":"https:\/\/hoteldemedici.com\/de\/zimmer-junior-suiten\/junior-suiten\/#breadcrumb"},"inLanguage":"de-DE","potentialAction":[{"@type":"ReadAction","target":["https:\/\/hoteldemedici.com\/de\/zimmer-junior-suiten\/junior-suiten\/"]}]},{"@type":"ImageObject","inLanguage":"de-DE","@id":"https:\/\/hoteldemedici.com\/de\/zimmer-junior-suiten\/junior-suiten\/#primaryimage","url":"https:\/\/hoteldemedici.com\/wp-content\/uploads\/sites\/69\/2019\/07\/2nd-wing-suite-232.jpg","contentUrl":"https:\/\/hoteldemedici.com\/wp-content\/uploads\/sites\/69\/2019\/07\/2nd-wing-suite-232.jpg","width":1200,"height":655},{"@type":"BreadcrumbList","@id":"https:\/\/hoteldemedici.com\/de\/zimmer-junior-suiten\/junior-suiten\/#breadcrumb","itemListElement":[{"@type":"ListItem","position":1,"name":"Home","item":"https:\/\/hoteldemedici.com\/de\/"},{"@type":"ListItem","position":2,"name":"Zimmer &#038; Junior suiten","item":"https:\/\/hoteldemedici.com\/de\/zimmer-junior-suiten\/"},{"@type":"ListItem","position":3,"name":"Junior suiten"}]},{"@type":"WebSite","@id":"https:\/\/hoteldemedici.com\/de\/#website","url":"https:\/\/hoteldemedici.com\/de\/","name":"Hotel de Medici","description":"","potentialAction":[{"@type":"SearchAction","target":{"@type":"EntryPoint","urlTemplate":"https:\/\/hoteldemedici.com\/de\/?s={search_term_string}"},"query-input":{"@type":"PropertyValueSpecification","valueRequired":true,"valueName":"search_term_string"}}],"inLanguage":"de-DE"}]}},"acf":[],"_links":{"self":[{"href":"https:\/\/hoteldemedici.com\/de\/wp-json\/wp\/v2\/pages\/1985","targetHints":{"allow":["GET"]}}],"collection":[{"href":"https:\/\/hoteldemedici.com\/de\/wp-json\/wp\/v2\/pages"}],"about":[{"href":"https:\/\/hoteldemedici.com\/de\/wp-json\/wp\/v2\/types\/page"}],"author":[{"embeddable":true,"href":"https:\/\/hoteldemedici.com\/de\/wp-json\/wp\/v2\/users\/46"}],"replies":[{"embeddable":true,"href":"https:\/\/hoteldemedici.com\/de\/wp-json\/wp\/v2\/comments?post=1985"}],"version-history":[{"count":0,"href":"https:\/\/hoteldemedici.com\/de\/wp-json\/wp\/v2\/pages\/1985\/revisions"}],"up":[{"embeddable":true,"href":"https:\/\/hoteldemedici.com\/de\/wp-json\/wp\/v2\/pages\/1979"}],"wp:featuredmedia":[{"embeddable":true,"href":"https:\/\/hoteldemedici.com\/de\/wp-json\/wp\/v2\/media\/3267"}],"wp:attachment":[{"href":"https:\/\/hoteldemedici.com\/de\/wp-json\/wp\/v2\/media?parent=1985"}],"curies":[{"name":"wp","href":"https:\/\/api.w.org\/{rel}","templated":true}]}}