{"id":1984,"date":"2019-07-29T12:22:28","date_gmt":"2019-07-29T12:22:28","guid":{"rendered":"http:\/\/hotel-de-medici.ms.decms.eu\/rooms-junior-suites\/standard-triple-rooms\/"},"modified":"2023-10-04T06:40:25","modified_gmt":"2023-10-04T06:40:25","slug":"standard-dreibettzimmer","status":"publish","type":"page","link":"https:\/\/hoteldemedici.com\/de\/zimmer-junior-suiten\/standard-dreibettzimmer\/","title":{"rendered":"Standard Dreibettzimmer"},"content":{"rendered":"<p>Das Hotel de&#8216; Medici bietet 4 Standard-Dreibettzimmer. Es gibt Zimmer mit einem Doppelbett und einem Einzelbett oder 3 Einzelbetten f\u00fcr 3 Personen. Die Standard-Dreibettzimmer sind alle mit Holzboden und Klimanlage ausgestattet. Die Zimmer sind mit Bad und Haartrockner, LED-43-Zoll-IPTV-Bildschirm, Radio, IDD-Telefon, kostenlosem WIFI-Internetzugang, privatem Safe, Minibar sowie Kaffee- und Tee zum selber machen ausgestattet. Diese Dreibettzimmer sind ger\u00e4umiger und blicken auf den Kanal vor dem Hotel. Die schallisolierten Fenster sorgen f\u00fcr einen erholsamen Schlaf nach einem langen Tag in der pulsierenden Atmosph\u00e4re von Br\u00fcgge.<\/p>\n","protected":false},"excerpt":{"rendered":"<p>Das Hotel de&#8216; Medici bietet 4 Standard-Dreibettzimmer. Es gibt Zimmer mit einem Doppelbett und einem Einzelbett oder 3 Einzelbetten f\u00fcr 3 Personen. Die Standard-Dreibettzimmer sind alle mit Holzboden und Klimanlage ausgestattet. Die Zimmer sind mit Bad und Haartrockner, LED-43-Zoll-IPTV-Bildschirm, Radio, IDD-Telefon, kostenlosem WIFI-Internetzugang, privatem Safe, Minibar sowie Kaffee- und Tee zum selber machen ausgestattet. Diese [&hellip;]<\/p>\n","protected":false},"author":46,"featured_media":3278,"parent":1979,"menu_order":0,"comment_status":"closed","ping_status":"closed","template":"template-single-room.php","meta":{"footnotes":""},"class_list":["post-1984","page","type-page","status-publish","has-post-thumbnail","hentry"],"yoast_head":"<!-- This site is optimized with the Yoast SEO plugin v26.9 - https:\/\/yoast.com\/product\/yoast-seo-wordpress\/ -->\n<title>Standard Dreibettzimmer - Hotel de Medici<\/title>\n<meta name=\"robots\" content=\"index, follow, max-snippet:-1, max-image-preview:large, max-video-preview:-1\" \/>\n<link rel=\"canonical\" href=\"https:\/\/hoteldemedici.com\/de\/zimmer-junior-suiten\/standard-dreibettzimmer\/\" \/>\n<meta property=\"og:locale\" content=\"de_DE\" \/>\n<meta property=\"og:type\" content=\"article\" \/>\n<meta property=\"og:title\" content=\"Standard Dreibettzimmer - Hotel de Medici\" \/>\n<meta property=\"og:description\" content=\"Das Hotel de&#8216; Medici bietet 4 Standard-Dreibettzimmer. Es gibt Zimmer mit einem Doppelbett und einem Einzelbett oder 3 Einzelbetten f\u00fcr 3 Personen. Die Standard-Dreibettzimmer sind alle mit Holzboden und Klimanlage ausgestattet. Die Zimmer sind mit Bad und Haartrockner, LED-43-Zoll-IPTV-Bildschirm, Radio, IDD-Telefon, kostenlosem WIFI-Internetzugang, privatem Safe, Minibar sowie Kaffee- und Tee zum selber machen ausgestattet. Diese [&hellip;]\" \/>\n<meta property=\"og:url\" content=\"https:\/\/hoteldemedici.com\/de\/zimmer-junior-suiten\/standard-dreibettzimmer\/\" \/>\n<meta property=\"og:site_name\" content=\"Hotel de Medici\" \/>\n<meta property=\"article:modified_time\" content=\"2023-10-04T06:40:25+00:00\" \/>\n<meta property=\"og:image\" content=\"https:\/\/hoteldemedici.com\/wp-content\/uploads\/sites\/69\/2019\/07\/1st-wing-Standard-Triple-214-v1.jpg\" \/>\n\t<meta property=\"og:image:width\" content=\"1200\" \/>\n\t<meta property=\"og:image:height\" content=\"655\" \/>\n\t<meta property=\"og:image:type\" content=\"image\/jpeg\" \/>\n<meta name=\"twitter:card\" content=\"summary_large_image\" \/>\n<script type=\"application\/ld+json\" class=\"yoast-schema-graph\">{\"@context\":\"https:\/\/schema.org\",\"@graph\":[{\"@type\":\"WebPage\",\"@id\":\"https:\/\/hoteldemedici.com\/de\/zimmer-junior-suiten\/standard-dreibettzimmer\/\",\"url\":\"https:\/\/hoteldemedici.com\/de\/zimmer-junior-suiten\/standard-dreibettzimmer\/\",\"name\":\"Standard Dreibettzimmer - Hotel de Medici\",\"isPartOf\":{\"@id\":\"https:\/\/hoteldemedici.com\/de\/#website\"},\"primaryImageOfPage\":{\"@id\":\"https:\/\/hoteldemedici.com\/de\/zimmer-junior-suiten\/standard-dreibettzimmer\/#primaryimage\"},\"image\":{\"@id\":\"https:\/\/hoteldemedici.com\/de\/zimmer-junior-suiten\/standard-dreibettzimmer\/#primaryimage\"},\"thumbnailUrl\":\"https:\/\/hoteldemedici.com\/wp-content\/uploads\/sites\/69\/2019\/07\/1st-wing-Standard-Triple-214-v1.jpg\",\"datePublished\":\"2019-07-29T12:22:28+00:00\",\"dateModified\":\"2023-10-04T06:40:25+00:00\",\"breadcrumb\":{\"@id\":\"https:\/\/hoteldemedici.com\/de\/zimmer-junior-suiten\/standard-dreibettzimmer\/#breadcrumb\"},\"inLanguage\":\"de-DE\",\"potentialAction\":[{\"@type\":\"ReadAction\",\"target\":[\"https:\/\/hoteldemedici.com\/de\/zimmer-junior-suiten\/standard-dreibettzimmer\/\"]}]},{\"@type\":\"ImageObject\",\"inLanguage\":\"de-DE\",\"@id\":\"https:\/\/hoteldemedici.com\/de\/zimmer-junior-suiten\/standard-dreibettzimmer\/#primaryimage\",\"url\":\"https:\/\/hoteldemedici.com\/wp-content\/uploads\/sites\/69\/2019\/07\/1st-wing-Standard-Triple-214-v1.jpg\",\"contentUrl\":\"https:\/\/hoteldemedici.com\/wp-content\/uploads\/sites\/69\/2019\/07\/1st-wing-Standard-Triple-214-v1.jpg\",\"width\":1200,\"height\":655},{\"@type\":\"BreadcrumbList\",\"@id\":\"https:\/\/hoteldemedici.com\/de\/zimmer-junior-suiten\/standard-dreibettzimmer\/#breadcrumb\",\"itemListElement\":[{\"@type\":\"ListItem\",\"position\":1,\"name\":\"Home\",\"item\":\"https:\/\/hoteldemedici.com\/de\/\"},{\"@type\":\"ListItem\",\"position\":2,\"name\":\"Zimmer &#038; Junior suiten\",\"item\":\"https:\/\/hoteldemedici.com\/de\/zimmer-junior-suiten\/\"},{\"@type\":\"ListItem\",\"position\":3,\"name\":\"Standard Dreibettzimmer\"}]},{\"@type\":\"WebSite\",\"@id\":\"https:\/\/hoteldemedici.com\/de\/#website\",\"url\":\"https:\/\/hoteldemedici.com\/de\/\",\"name\":\"Hotel de Medici\",\"description\":\"\",\"potentialAction\":[{\"@type\":\"SearchAction\",\"target\":{\"@type\":\"EntryPoint\",\"urlTemplate\":\"https:\/\/hoteldemedici.com\/de\/?s={search_term_string}\"},\"query-input\":{\"@type\":\"PropertyValueSpecification\",\"valueRequired\":true,\"valueName\":\"search_term_string\"}}],\"inLanguage\":\"de-DE\"}]}<\/script>\n<!-- \/ Yoast SEO plugin. -->","yoast_head_json":{"title":"Standard Dreibettzimmer - Hotel de Medici","robots":{"index":"index","follow":"follow","max-snippet":"max-snippet:-1","max-image-preview":"max-image-preview:large","max-video-preview":"max-video-preview:-1"},"canonical":"https:\/\/hoteldemedici.com\/de\/zimmer-junior-suiten\/standard-dreibettzimmer\/","og_locale":"de_DE","og_type":"article","og_title":"Standard Dreibettzimmer - Hotel de Medici","og_description":"Das Hotel de&#8216; Medici bietet 4 Standard-Dreibettzimmer. Es gibt Zimmer mit einem Doppelbett und einem Einzelbett oder 3 Einzelbetten f\u00fcr 3 Personen. Die Standard-Dreibettzimmer sind alle mit Holzboden und Klimanlage ausgestattet. Die Zimmer sind mit Bad und Haartrockner, LED-43-Zoll-IPTV-Bildschirm, Radio, IDD-Telefon, kostenlosem WIFI-Internetzugang, privatem Safe, Minibar sowie Kaffee- und Tee zum selber machen ausgestattet. Diese [&hellip;]","og_url":"https:\/\/hoteldemedici.com\/de\/zimmer-junior-suiten\/standard-dreibettzimmer\/","og_site_name":"Hotel de Medici","article_modified_time":"2023-10-04T06:40:25+00:00","og_image":[{"width":1200,"height":655,"url":"https:\/\/hoteldemedici.com\/wp-content\/uploads\/sites\/69\/2019\/07\/1st-wing-Standard-Triple-214-v1.jpg","type":"image\/jpeg"}],"twitter_card":"summary_large_image","schema":{"@context":"https:\/\/schema.org","@graph":[{"@type":"WebPage","@id":"https:\/\/hoteldemedici.com\/de\/zimmer-junior-suiten\/standard-dreibettzimmer\/","url":"https:\/\/hoteldemedici.com\/de\/zimmer-junior-suiten\/standard-dreibettzimmer\/","name":"Standard Dreibettzimmer - Hotel de Medici","isPartOf":{"@id":"https:\/\/hoteldemedici.com\/de\/#website"},"primaryImageOfPage":{"@id":"https:\/\/hoteldemedici.com\/de\/zimmer-junior-suiten\/standard-dreibettzimmer\/#primaryimage"},"image":{"@id":"https:\/\/hoteldemedici.com\/de\/zimmer-junior-suiten\/standard-dreibettzimmer\/#primaryimage"},"thumbnailUrl":"https:\/\/hoteldemedici.com\/wp-content\/uploads\/sites\/69\/2019\/07\/1st-wing-Standard-Triple-214-v1.jpg","datePublished":"2019-07-29T12:22:28+00:00","dateModified":"2023-10-04T06:40:25+00:00","breadcrumb":{"@id":"https:\/\/hoteldemedici.com\/de\/zimmer-junior-suiten\/standard-dreibettzimmer\/#breadcrumb"},"inLanguage":"de-DE","potentialAction":[{"@type":"ReadAction","target":["https:\/\/hoteldemedici.com\/de\/zimmer-junior-suiten\/standard-dreibettzimmer\/"]}]},{"@type":"ImageObject","inLanguage":"de-DE","@id":"https:\/\/hoteldemedici.com\/de\/zimmer-junior-suiten\/standard-dreibettzimmer\/#primaryimage","url":"https:\/\/hoteldemedici.com\/wp-content\/uploads\/sites\/69\/2019\/07\/1st-wing-Standard-Triple-214-v1.jpg","contentUrl":"https:\/\/hoteldemedici.com\/wp-content\/uploads\/sites\/69\/2019\/07\/1st-wing-Standard-Triple-214-v1.jpg","width":1200,"height":655},{"@type":"BreadcrumbList","@id":"https:\/\/hoteldemedici.com\/de\/zimmer-junior-suiten\/standard-dreibettzimmer\/#breadcrumb","itemListElement":[{"@type":"ListItem","position":1,"name":"Home","item":"https:\/\/hoteldemedici.com\/de\/"},{"@type":"ListItem","position":2,"name":"Zimmer &#038; Junior suiten","item":"https:\/\/hoteldemedici.com\/de\/zimmer-junior-suiten\/"},{"@type":"ListItem","position":3,"name":"Standard Dreibettzimmer"}]},{"@type":"WebSite","@id":"https:\/\/hoteldemedici.com\/de\/#website","url":"https:\/\/hoteldemedici.com\/de\/","name":"Hotel de Medici","description":"","potentialAction":[{"@type":"SearchAction","target":{"@type":"EntryPoint","urlTemplate":"https:\/\/hoteldemedici.com\/de\/?s={search_term_string}"},"query-input":{"@type":"PropertyValueSpecification","valueRequired":true,"valueName":"search_term_string"}}],"inLanguage":"de-DE"}]}},"acf":[],"_links":{"self":[{"href":"https:\/\/hoteldemedici.com\/de\/wp-json\/wp\/v2\/pages\/1984","targetHints":{"allow":["GET"]}}],"collection":[{"href":"https:\/\/hoteldemedici.com\/de\/wp-json\/wp\/v2\/pages"}],"about":[{"href":"https:\/\/hoteldemedici.com\/de\/wp-json\/wp\/v2\/types\/page"}],"author":[{"embeddable":true,"href":"https:\/\/hoteldemedici.com\/de\/wp-json\/wp\/v2\/users\/46"}],"replies":[{"embeddable":true,"href":"https:\/\/hoteldemedici.com\/de\/wp-json\/wp\/v2\/comments?post=1984"}],"version-history":[{"count":0,"href":"https:\/\/hoteldemedici.com\/de\/wp-json\/wp\/v2\/pages\/1984\/revisions"}],"up":[{"embeddable":true,"href":"https:\/\/hoteldemedici.com\/de\/wp-json\/wp\/v2\/pages\/1979"}],"wp:featuredmedia":[{"embeddable":true,"href":"https:\/\/hoteldemedici.com\/de\/wp-json\/wp\/v2\/media\/3278"}],"wp:attachment":[{"href":"https:\/\/hoteldemedici.com\/de\/wp-json\/wp\/v2\/media?parent=1984"}],"curies":[{"name":"wp","href":"https:\/\/api.w.org\/{rel}","templated":true}]}}