{"id":1982,"date":"2019-07-29T12:12:53","date_gmt":"2019-07-29T12:12:53","guid":{"rendered":"http:\/\/hotel-de-medici.ms.decms.eu\/rooms-junior-suites\/comfort-rooms\/"},"modified":"2023-10-04T06:37:06","modified_gmt":"2023-10-04T06:37:06","slug":"komfort-zimmer","status":"publish","type":"page","link":"https:\/\/hoteldemedici.com\/de\/zimmer-junior-suiten\/komfort-zimmer\/","title":{"rendered":"Komfort Zimmer"},"content":{"rendered":"<p>Unsere Komfortzimmer wurden k\u00fcrzlich komplett renoviert und geschmackvoll eingerichtet. Sie sind alle klimatisiert und moderner als unsere Standardzimmer. Die Kombination von Gr\u00f6sse und moderner Ausstattung garantiert einen perfekten Aufenthalt, egal ob Sie im Urlaub oder auf Gesch\u00e4ftsreise sind. Alle Zimmer haben den Blick auf den japanischen Garten oder die Stra\u00dfenseite. Die Zimmer sind mit einem Badezimmer und einem Haartrockner, einem 43-Zoll-LED-Bildschirm mit IPTV, einem Radio, einem IDD-Telefon, kostenlosem WLAN, einem eigenen Safe, einer Hosenpresse, einer Minibar sowie Kaffee- und Tee zum selber machen ausgestattet. Die schallisolierten Fenster sorgen f\u00fcr einen erholsamen Schlaf nach einem langen Tag in der lebhaften Atmosph\u00e4re von Br\u00fcgge. Im Hotel de&#8216; Medici bieten wir auch behindertengerechte Zimmer an. Wir haben zwei Komfortzimmer, die mit zwei Einzelbetten und einem speziellem Badezimmer ausgestattet sind. Wie die anderen Komfortzimmer verf\u00fcgen auch diese Zimmer \u00fcber ein modernes Design und alles, was Sie f\u00fcr einen perfekten Aufenthalt ben\u00f6tigen.<\/p>\n","protected":false},"excerpt":{"rendered":"<p>Unsere Komfortzimmer wurden k\u00fcrzlich komplett renoviert und geschmackvoll eingerichtet. Sie sind alle klimatisiert und moderner als unsere Standardzimmer. Die Kombination von Gr\u00f6sse und moderner Ausstattung garantiert einen perfekten Aufenthalt, egal ob Sie im Urlaub oder auf Gesch\u00e4ftsreise sind. Alle Zimmer haben den Blick auf den japanischen Garten oder die Stra\u00dfenseite. Die Zimmer sind mit einem [&hellip;]<\/p>\n","protected":false},"author":46,"featured_media":3255,"parent":1979,"menu_order":0,"comment_status":"closed","ping_status":"closed","template":"template-single-room.php","meta":{"footnotes":""},"class_list":["post-1982","page","type-page","status-publish","has-post-thumbnail","hentry"],"yoast_head":"<!-- This site is optimized with the Yoast SEO plugin v26.9 - https:\/\/yoast.com\/product\/yoast-seo-wordpress\/ -->\n<title>Komfort Zimmer - Hotel de Medici<\/title>\n<meta name=\"robots\" content=\"index, follow, max-snippet:-1, max-image-preview:large, max-video-preview:-1\" \/>\n<link rel=\"canonical\" href=\"https:\/\/hoteldemedici.com\/de\/zimmer-junior-suiten\/komfort-zimmer\/\" \/>\n<meta property=\"og:locale\" content=\"de_DE\" \/>\n<meta property=\"og:type\" content=\"article\" \/>\n<meta property=\"og:title\" content=\"Komfort Zimmer - Hotel de Medici\" \/>\n<meta property=\"og:description\" content=\"Unsere Komfortzimmer wurden k\u00fcrzlich komplett renoviert und geschmackvoll eingerichtet. Sie sind alle klimatisiert und moderner als unsere Standardzimmer. Die Kombination von Gr\u00f6sse und moderner Ausstattung garantiert einen perfekten Aufenthalt, egal ob Sie im Urlaub oder auf Gesch\u00e4ftsreise sind. Alle Zimmer haben den Blick auf den japanischen Garten oder die Stra\u00dfenseite. Die Zimmer sind mit einem [&hellip;]\" \/>\n<meta property=\"og:url\" content=\"https:\/\/hoteldemedici.com\/de\/zimmer-junior-suiten\/komfort-zimmer\/\" \/>\n<meta property=\"og:site_name\" content=\"Hotel de Medici\" \/>\n<meta property=\"article:modified_time\" content=\"2023-10-04T06:37:06+00:00\" \/>\n<meta property=\"og:image\" content=\"https:\/\/hoteldemedici.com\/wp-content\/uploads\/sites\/69\/2019\/09\/2nd-wing-comfort-Room-3.jpg\" \/>\n\t<meta property=\"og:image:width\" content=\"2200\" \/>\n\t<meta property=\"og:image:height\" content=\"1200\" \/>\n\t<meta property=\"og:image:type\" content=\"image\/jpeg\" \/>\n<meta name=\"twitter:card\" content=\"summary_large_image\" \/>\n<meta name=\"twitter:label1\" content=\"Gesch\u00e4tzte Lesezeit\" \/>\n\t<meta name=\"twitter:data1\" content=\"1 Minute\" \/>\n<script type=\"application\/ld+json\" class=\"yoast-schema-graph\">{\"@context\":\"https:\/\/schema.org\",\"@graph\":[{\"@type\":\"WebPage\",\"@id\":\"https:\/\/hoteldemedici.com\/de\/zimmer-junior-suiten\/komfort-zimmer\/\",\"url\":\"https:\/\/hoteldemedici.com\/de\/zimmer-junior-suiten\/komfort-zimmer\/\",\"name\":\"Komfort Zimmer - Hotel de Medici\",\"isPartOf\":{\"@id\":\"https:\/\/hoteldemedici.com\/de\/#website\"},\"primaryImageOfPage\":{\"@id\":\"https:\/\/hoteldemedici.com\/de\/zimmer-junior-suiten\/komfort-zimmer\/#primaryimage\"},\"image\":{\"@id\":\"https:\/\/hoteldemedici.com\/de\/zimmer-junior-suiten\/komfort-zimmer\/#primaryimage\"},\"thumbnailUrl\":\"https:\/\/hoteldemedici.com\/wp-content\/uploads\/sites\/69\/2019\/09\/2nd-wing-comfort-Room-3.jpg\",\"datePublished\":\"2019-07-29T12:12:53+00:00\",\"dateModified\":\"2023-10-04T06:37:06+00:00\",\"breadcrumb\":{\"@id\":\"https:\/\/hoteldemedici.com\/de\/zimmer-junior-suiten\/komfort-zimmer\/#breadcrumb\"},\"inLanguage\":\"de-DE\",\"potentialAction\":[{\"@type\":\"ReadAction\",\"target\":[\"https:\/\/hoteldemedici.com\/de\/zimmer-junior-suiten\/komfort-zimmer\/\"]}]},{\"@type\":\"ImageObject\",\"inLanguage\":\"de-DE\",\"@id\":\"https:\/\/hoteldemedici.com\/de\/zimmer-junior-suiten\/komfort-zimmer\/#primaryimage\",\"url\":\"https:\/\/hoteldemedici.com\/wp-content\/uploads\/sites\/69\/2019\/09\/2nd-wing-comfort-Room-3.jpg\",\"contentUrl\":\"https:\/\/hoteldemedici.com\/wp-content\/uploads\/sites\/69\/2019\/09\/2nd-wing-comfort-Room-3.jpg\",\"width\":2200,\"height\":1200,\"caption\":\"en::rooms nl::kamers fr::chambres de::zimmer\"},{\"@type\":\"BreadcrumbList\",\"@id\":\"https:\/\/hoteldemedici.com\/de\/zimmer-junior-suiten\/komfort-zimmer\/#breadcrumb\",\"itemListElement\":[{\"@type\":\"ListItem\",\"position\":1,\"name\":\"Home\",\"item\":\"https:\/\/hoteldemedici.com\/de\/\"},{\"@type\":\"ListItem\",\"position\":2,\"name\":\"Zimmer &#038; Junior suiten\",\"item\":\"https:\/\/hoteldemedici.com\/de\/zimmer-junior-suiten\/\"},{\"@type\":\"ListItem\",\"position\":3,\"name\":\"Komfort Zimmer\"}]},{\"@type\":\"WebSite\",\"@id\":\"https:\/\/hoteldemedici.com\/de\/#website\",\"url\":\"https:\/\/hoteldemedici.com\/de\/\",\"name\":\"Hotel de Medici\",\"description\":\"\",\"potentialAction\":[{\"@type\":\"SearchAction\",\"target\":{\"@type\":\"EntryPoint\",\"urlTemplate\":\"https:\/\/hoteldemedici.com\/de\/?s={search_term_string}\"},\"query-input\":{\"@type\":\"PropertyValueSpecification\",\"valueRequired\":true,\"valueName\":\"search_term_string\"}}],\"inLanguage\":\"de-DE\"}]}<\/script>\n<!-- \/ Yoast SEO plugin. -->","yoast_head_json":{"title":"Komfort Zimmer - Hotel de Medici","robots":{"index":"index","follow":"follow","max-snippet":"max-snippet:-1","max-image-preview":"max-image-preview:large","max-video-preview":"max-video-preview:-1"},"canonical":"https:\/\/hoteldemedici.com\/de\/zimmer-junior-suiten\/komfort-zimmer\/","og_locale":"de_DE","og_type":"article","og_title":"Komfort Zimmer - Hotel de Medici","og_description":"Unsere Komfortzimmer wurden k\u00fcrzlich komplett renoviert und geschmackvoll eingerichtet. Sie sind alle klimatisiert und moderner als unsere Standardzimmer. Die Kombination von Gr\u00f6sse und moderner Ausstattung garantiert einen perfekten Aufenthalt, egal ob Sie im Urlaub oder auf Gesch\u00e4ftsreise sind. Alle Zimmer haben den Blick auf den japanischen Garten oder die Stra\u00dfenseite. Die Zimmer sind mit einem [&hellip;]","og_url":"https:\/\/hoteldemedici.com\/de\/zimmer-junior-suiten\/komfort-zimmer\/","og_site_name":"Hotel de Medici","article_modified_time":"2023-10-04T06:37:06+00:00","og_image":[{"width":2200,"height":1200,"url":"https:\/\/hoteldemedici.com\/wp-content\/uploads\/sites\/69\/2019\/09\/2nd-wing-comfort-Room-3.jpg","type":"image\/jpeg"}],"twitter_card":"summary_large_image","twitter_misc":{"Gesch\u00e4tzte Lesezeit":"1 Minute"},"schema":{"@context":"https:\/\/schema.org","@graph":[{"@type":"WebPage","@id":"https:\/\/hoteldemedici.com\/de\/zimmer-junior-suiten\/komfort-zimmer\/","url":"https:\/\/hoteldemedici.com\/de\/zimmer-junior-suiten\/komfort-zimmer\/","name":"Komfort Zimmer - Hotel de Medici","isPartOf":{"@id":"https:\/\/hoteldemedici.com\/de\/#website"},"primaryImageOfPage":{"@id":"https:\/\/hoteldemedici.com\/de\/zimmer-junior-suiten\/komfort-zimmer\/#primaryimage"},"image":{"@id":"https:\/\/hoteldemedici.com\/de\/zimmer-junior-suiten\/komfort-zimmer\/#primaryimage"},"thumbnailUrl":"https:\/\/hoteldemedici.com\/wp-content\/uploads\/sites\/69\/2019\/09\/2nd-wing-comfort-Room-3.jpg","datePublished":"2019-07-29T12:12:53+00:00","dateModified":"2023-10-04T06:37:06+00:00","breadcrumb":{"@id":"https:\/\/hoteldemedici.com\/de\/zimmer-junior-suiten\/komfort-zimmer\/#breadcrumb"},"inLanguage":"de-DE","potentialAction":[{"@type":"ReadAction","target":["https:\/\/hoteldemedici.com\/de\/zimmer-junior-suiten\/komfort-zimmer\/"]}]},{"@type":"ImageObject","inLanguage":"de-DE","@id":"https:\/\/hoteldemedici.com\/de\/zimmer-junior-suiten\/komfort-zimmer\/#primaryimage","url":"https:\/\/hoteldemedici.com\/wp-content\/uploads\/sites\/69\/2019\/09\/2nd-wing-comfort-Room-3.jpg","contentUrl":"https:\/\/hoteldemedici.com\/wp-content\/uploads\/sites\/69\/2019\/09\/2nd-wing-comfort-Room-3.jpg","width":2200,"height":1200,"caption":"en::rooms nl::kamers fr::chambres de::zimmer"},{"@type":"BreadcrumbList","@id":"https:\/\/hoteldemedici.com\/de\/zimmer-junior-suiten\/komfort-zimmer\/#breadcrumb","itemListElement":[{"@type":"ListItem","position":1,"name":"Home","item":"https:\/\/hoteldemedici.com\/de\/"},{"@type":"ListItem","position":2,"name":"Zimmer &#038; Junior suiten","item":"https:\/\/hoteldemedici.com\/de\/zimmer-junior-suiten\/"},{"@type":"ListItem","position":3,"name":"Komfort Zimmer"}]},{"@type":"WebSite","@id":"https:\/\/hoteldemedici.com\/de\/#website","url":"https:\/\/hoteldemedici.com\/de\/","name":"Hotel de Medici","description":"","potentialAction":[{"@type":"SearchAction","target":{"@type":"EntryPoint","urlTemplate":"https:\/\/hoteldemedici.com\/de\/?s={search_term_string}"},"query-input":{"@type":"PropertyValueSpecification","valueRequired":true,"valueName":"search_term_string"}}],"inLanguage":"de-DE"}]}},"acf":[],"_links":{"self":[{"href":"https:\/\/hoteldemedici.com\/de\/wp-json\/wp\/v2\/pages\/1982","targetHints":{"allow":["GET"]}}],"collection":[{"href":"https:\/\/hoteldemedici.com\/de\/wp-json\/wp\/v2\/pages"}],"about":[{"href":"https:\/\/hoteldemedici.com\/de\/wp-json\/wp\/v2\/types\/page"}],"author":[{"embeddable":true,"href":"https:\/\/hoteldemedici.com\/de\/wp-json\/wp\/v2\/users\/46"}],"replies":[{"embeddable":true,"href":"https:\/\/hoteldemedici.com\/de\/wp-json\/wp\/v2\/comments?post=1982"}],"version-history":[{"count":0,"href":"https:\/\/hoteldemedici.com\/de\/wp-json\/wp\/v2\/pages\/1982\/revisions"}],"up":[{"embeddable":true,"href":"https:\/\/hoteldemedici.com\/de\/wp-json\/wp\/v2\/pages\/1979"}],"wp:featuredmedia":[{"embeddable":true,"href":"https:\/\/hoteldemedici.com\/de\/wp-json\/wp\/v2\/media\/3255"}],"wp:attachment":[{"href":"https:\/\/hoteldemedici.com\/de\/wp-json\/wp\/v2\/media?parent=1982"}],"curies":[{"name":"wp","href":"https:\/\/api.w.org\/{rel}","templated":true}]}}