{"id":1980,"date":"2019-07-26T15:22:45","date_gmt":"2019-07-26T15:22:45","guid":{"rendered":"http:\/\/hotel-de-medici.ms.decms.eu\/rooms-junior-suites\/standard-rooms\/"},"modified":"2019-11-08T15:57:04","modified_gmt":"2019-11-08T15:57:04","slug":"standard-zimmer","status":"publish","type":"page","link":"https:\/\/hoteldemedici.com\/de\/zimmer-junior-suiten\/standard-zimmer\/","title":{"rendered":"Standard zimmer"},"content":{"rendered":"<p>Die Standardzimmer sind alle klimatisiert und mit Holzb\u00f6den ausgestattet. Diese Zimmer gelten als allergikerfreundlich. Die Standardzimmer sind je nach Bedarf mit Doppel- oder Einzelbetten ausgestattet. Die Zimmer blicken entweder auf den Kanal vor dem Hotel oder auf den wundersch\u00f6nen japanischen Garten oder auf die Stra\u00dfe neben dem Hotel. Einige der Standardzimmer haben auch einen Balkon mit Blick auf den Japanischen Garten. Die schallisolierten Fenster sorgen f\u00fcr einen erholsamen Schlaf nach einem langen Tag in der pulsierenden Atmosph\u00e4re von Br\u00fcgge. Die Zimmer sind mit Bad und Haartrockner, LED-43-Zoll-IPTV-Bildschirm, Radio, IDD-Telefon, kostenlosem WIFI-Internetzugang, privatem Safe, Minibar sowie Kaffee- und Tee zum selber machen ausgestattet. Im Hotel de&#8216; Medici bieten wir auch behindertengerechte Zimmer an. Wir haben ein Standardzimmer, das mit zwei Einzelbetten, sowie einem speziellem Badezimmer ausgestattet ist.<\/p>\n","protected":false},"excerpt":{"rendered":"<p>Die Standardzimmer sind alle klimatisiert und mit Holzb\u00f6den ausgestattet. Diese Zimmer gelten als allergikerfreundlich. Die Standardzimmer sind je nach Bedarf mit Doppel- oder Einzelbetten ausgestattet. Die Zimmer blicken entweder auf den Kanal vor dem Hotel oder auf den wundersch\u00f6nen japanischen Garten oder auf die Stra\u00dfe neben dem Hotel. Einige der Standardzimmer haben auch einen Balkon [&hellip;]<\/p>\n","protected":false},"author":46,"featured_media":0,"parent":1979,"menu_order":0,"comment_status":"closed","ping_status":"closed","template":"template-single-room.php","meta":{"footnotes":""},"class_list":["post-1980","page","type-page","status-publish","hentry"],"yoast_head":"<!-- This site is optimized with the Yoast SEO plugin v26.9 - https:\/\/yoast.com\/product\/yoast-seo-wordpress\/ -->\n<title>Standard zimmer - Hotel de Medici<\/title>\n<meta name=\"robots\" content=\"index, follow, max-snippet:-1, max-image-preview:large, max-video-preview:-1\" \/>\n<link rel=\"canonical\" href=\"https:\/\/hoteldemedici.com\/de\/zimmer-junior-suiten\/standard-zimmer\/\" \/>\n<meta property=\"og:locale\" content=\"de_DE\" \/>\n<meta property=\"og:type\" content=\"article\" \/>\n<meta property=\"og:title\" content=\"Standard zimmer - Hotel de Medici\" \/>\n<meta property=\"og:description\" content=\"Die Standardzimmer sind alle klimatisiert und mit Holzb\u00f6den ausgestattet. Diese Zimmer gelten als allergikerfreundlich. Die Standardzimmer sind je nach Bedarf mit Doppel- oder Einzelbetten ausgestattet. Die Zimmer blicken entweder auf den Kanal vor dem Hotel oder auf den wundersch\u00f6nen japanischen Garten oder auf die Stra\u00dfe neben dem Hotel. Einige der Standardzimmer haben auch einen Balkon [&hellip;]\" \/>\n<meta property=\"og:url\" content=\"https:\/\/hoteldemedici.com\/de\/zimmer-junior-suiten\/standard-zimmer\/\" \/>\n<meta property=\"og:site_name\" content=\"Hotel de Medici\" \/>\n<meta property=\"article:modified_time\" content=\"2019-11-08T15:57:04+00:00\" \/>\n<meta name=\"twitter:card\" content=\"summary_large_image\" \/>\n<meta name=\"twitter:label1\" content=\"Gesch\u00e4tzte Lesezeit\" \/>\n\t<meta name=\"twitter:data1\" content=\"1 Minute\" \/>\n<script type=\"application\/ld+json\" class=\"yoast-schema-graph\">{\"@context\":\"https:\/\/schema.org\",\"@graph\":[{\"@type\":\"WebPage\",\"@id\":\"https:\/\/hoteldemedici.com\/de\/zimmer-junior-suiten\/standard-zimmer\/\",\"url\":\"https:\/\/hoteldemedici.com\/de\/zimmer-junior-suiten\/standard-zimmer\/\",\"name\":\"Standard zimmer - Hotel de Medici\",\"isPartOf\":{\"@id\":\"https:\/\/hoteldemedici.com\/de\/#website\"},\"datePublished\":\"2019-07-26T15:22:45+00:00\",\"dateModified\":\"2019-11-08T15:57:04+00:00\",\"breadcrumb\":{\"@id\":\"https:\/\/hoteldemedici.com\/de\/zimmer-junior-suiten\/standard-zimmer\/#breadcrumb\"},\"inLanguage\":\"de-DE\",\"potentialAction\":[{\"@type\":\"ReadAction\",\"target\":[\"https:\/\/hoteldemedici.com\/de\/zimmer-junior-suiten\/standard-zimmer\/\"]}]},{\"@type\":\"BreadcrumbList\",\"@id\":\"https:\/\/hoteldemedici.com\/de\/zimmer-junior-suiten\/standard-zimmer\/#breadcrumb\",\"itemListElement\":[{\"@type\":\"ListItem\",\"position\":1,\"name\":\"Home\",\"item\":\"https:\/\/hoteldemedici.com\/de\/\"},{\"@type\":\"ListItem\",\"position\":2,\"name\":\"Zimmer &#038; Junior suiten\",\"item\":\"https:\/\/hoteldemedici.com\/de\/zimmer-junior-suiten\/\"},{\"@type\":\"ListItem\",\"position\":3,\"name\":\"Standard zimmer\"}]},{\"@type\":\"WebSite\",\"@id\":\"https:\/\/hoteldemedici.com\/de\/#website\",\"url\":\"https:\/\/hoteldemedici.com\/de\/\",\"name\":\"Hotel de Medici\",\"description\":\"\",\"potentialAction\":[{\"@type\":\"SearchAction\",\"target\":{\"@type\":\"EntryPoint\",\"urlTemplate\":\"https:\/\/hoteldemedici.com\/de\/?s={search_term_string}\"},\"query-input\":{\"@type\":\"PropertyValueSpecification\",\"valueRequired\":true,\"valueName\":\"search_term_string\"}}],\"inLanguage\":\"de-DE\"}]}<\/script>\n<!-- \/ Yoast SEO plugin. -->","yoast_head_json":{"title":"Standard zimmer - Hotel de Medici","robots":{"index":"index","follow":"follow","max-snippet":"max-snippet:-1","max-image-preview":"max-image-preview:large","max-video-preview":"max-video-preview:-1"},"canonical":"https:\/\/hoteldemedici.com\/de\/zimmer-junior-suiten\/standard-zimmer\/","og_locale":"de_DE","og_type":"article","og_title":"Standard zimmer - Hotel de Medici","og_description":"Die Standardzimmer sind alle klimatisiert und mit Holzb\u00f6den ausgestattet. Diese Zimmer gelten als allergikerfreundlich. Die Standardzimmer sind je nach Bedarf mit Doppel- oder Einzelbetten ausgestattet. Die Zimmer blicken entweder auf den Kanal vor dem Hotel oder auf den wundersch\u00f6nen japanischen Garten oder auf die Stra\u00dfe neben dem Hotel. Einige der Standardzimmer haben auch einen Balkon [&hellip;]","og_url":"https:\/\/hoteldemedici.com\/de\/zimmer-junior-suiten\/standard-zimmer\/","og_site_name":"Hotel de Medici","article_modified_time":"2019-11-08T15:57:04+00:00","twitter_card":"summary_large_image","twitter_misc":{"Gesch\u00e4tzte Lesezeit":"1 Minute"},"schema":{"@context":"https:\/\/schema.org","@graph":[{"@type":"WebPage","@id":"https:\/\/hoteldemedici.com\/de\/zimmer-junior-suiten\/standard-zimmer\/","url":"https:\/\/hoteldemedici.com\/de\/zimmer-junior-suiten\/standard-zimmer\/","name":"Standard zimmer - Hotel de Medici","isPartOf":{"@id":"https:\/\/hoteldemedici.com\/de\/#website"},"datePublished":"2019-07-26T15:22:45+00:00","dateModified":"2019-11-08T15:57:04+00:00","breadcrumb":{"@id":"https:\/\/hoteldemedici.com\/de\/zimmer-junior-suiten\/standard-zimmer\/#breadcrumb"},"inLanguage":"de-DE","potentialAction":[{"@type":"ReadAction","target":["https:\/\/hoteldemedici.com\/de\/zimmer-junior-suiten\/standard-zimmer\/"]}]},{"@type":"BreadcrumbList","@id":"https:\/\/hoteldemedici.com\/de\/zimmer-junior-suiten\/standard-zimmer\/#breadcrumb","itemListElement":[{"@type":"ListItem","position":1,"name":"Home","item":"https:\/\/hoteldemedici.com\/de\/"},{"@type":"ListItem","position":2,"name":"Zimmer &#038; Junior suiten","item":"https:\/\/hoteldemedici.com\/de\/zimmer-junior-suiten\/"},{"@type":"ListItem","position":3,"name":"Standard zimmer"}]},{"@type":"WebSite","@id":"https:\/\/hoteldemedici.com\/de\/#website","url":"https:\/\/hoteldemedici.com\/de\/","name":"Hotel de Medici","description":"","potentialAction":[{"@type":"SearchAction","target":{"@type":"EntryPoint","urlTemplate":"https:\/\/hoteldemedici.com\/de\/?s={search_term_string}"},"query-input":{"@type":"PropertyValueSpecification","valueRequired":true,"valueName":"search_term_string"}}],"inLanguage":"de-DE"}]}},"acf":[],"_links":{"self":[{"href":"https:\/\/hoteldemedici.com\/de\/wp-json\/wp\/v2\/pages\/1980","targetHints":{"allow":["GET"]}}],"collection":[{"href":"https:\/\/hoteldemedici.com\/de\/wp-json\/wp\/v2\/pages"}],"about":[{"href":"https:\/\/hoteldemedici.com\/de\/wp-json\/wp\/v2\/types\/page"}],"author":[{"embeddable":true,"href":"https:\/\/hoteldemedici.com\/de\/wp-json\/wp\/v2\/users\/46"}],"replies":[{"embeddable":true,"href":"https:\/\/hoteldemedici.com\/de\/wp-json\/wp\/v2\/comments?post=1980"}],"version-history":[{"count":0,"href":"https:\/\/hoteldemedici.com\/de\/wp-json\/wp\/v2\/pages\/1980\/revisions"}],"up":[{"embeddable":true,"href":"https:\/\/hoteldemedici.com\/de\/wp-json\/wp\/v2\/pages\/1979"}],"wp:attachment":[{"href":"https:\/\/hoteldemedici.com\/de\/wp-json\/wp\/v2\/media?parent=1980"}],"curies":[{"name":"wp","href":"https:\/\/api.w.org\/{rel}","templated":true}]}}