{"id":1979,"date":"2019-07-26T14:52:59","date_gmt":"2019-07-26T14:52:59","guid":{"rendered":"http:\/\/hotel-de-medici.ms.decms.eu\/rooms-junior-suites\/"},"modified":"2019-11-08T15:55:42","modified_gmt":"2019-11-08T15:55:42","slug":"zimmer-junior-suiten","status":"publish","type":"page","link":"https:\/\/hoteldemedici.com\/de\/zimmer-junior-suiten\/","title":{"rendered":"Zimmer &#038; Junior suiten"},"content":{"rendered":"<p>Jedes unserer 101 Zimmer, darunter 6 Junior Suiten, bietet ein H\u00f6chstma\u00df an Komfort, Privatsph\u00e4re und Entspannung. Alle sind mit Bad, Tee- \/ Kaffee zum selber machen, individuell regulierbarer Klimaanlage und Heizung, Radio und HD-Flatscreen-TV, Zimmersafe, Minibar, Haartrockner, Telefon und kostenlosem WIFI ausgestattet.<br \/>\nUnser Hotel ist ein Nichtraucherhotel.<br \/>\n&nbsp;<br \/>\nZimmer mit Verbindungst\u00fcr sowie 3 behindertengerechte Zimmer sind auf Anfrage erh\u00e4ltlich. In einigen unserer Zimmer k\u00f6nnen wir ein Zustellbett oder ein Babybett unterbringen. Diese sind auf Anfrage vor Anreise und gegen Aufpreis erh\u00e4ltlich.<\/p>\n","protected":false},"excerpt":{"rendered":"<p>Jedes unserer 101 Zimmer, darunter 6 Junior Suiten, bietet ein H\u00f6chstma\u00df an Komfort, Privatsph\u00e4re und Entspannung. Alle sind mit Bad, Tee- \/ Kaffee zum selber machen, individuell regulierbarer Klimaanlage und Heizung, Radio und HD-Flatscreen-TV, Zimmersafe, Minibar, Haartrockner, Telefon und kostenlosem WIFI ausgestattet. Unser Hotel ist ein Nichtraucherhotel. &nbsp; Zimmer mit Verbindungst\u00fcr sowie 3 behindertengerechte Zimmer [&hellip;]<\/p>\n","protected":false},"author":46,"featured_media":0,"parent":0,"menu_order":200,"comment_status":"closed","ping_status":"closed","template":"template-rooms.php","meta":{"footnotes":""},"class_list":["post-1979","page","type-page","status-publish","hentry"],"yoast_head":"<!-- This site is optimized with the Yoast SEO plugin v26.9 - https:\/\/yoast.com\/product\/yoast-seo-wordpress\/ -->\n<title>Zimmer &amp; Junior suiten - Hotel de Medici<\/title>\n<meta name=\"robots\" content=\"index, follow, max-snippet:-1, max-image-preview:large, max-video-preview:-1\" \/>\n<link rel=\"canonical\" href=\"https:\/\/hoteldemedici.com\/de\/zimmer-junior-suiten\/\" \/>\n<meta property=\"og:locale\" content=\"de_DE\" \/>\n<meta property=\"og:type\" content=\"article\" \/>\n<meta property=\"og:title\" content=\"Zimmer &amp; Junior suiten - Hotel de Medici\" \/>\n<meta property=\"og:description\" content=\"Jedes unserer 101 Zimmer, darunter 6 Junior Suiten, bietet ein H\u00f6chstma\u00df an Komfort, Privatsph\u00e4re und Entspannung. Alle sind mit Bad, Tee- \/ Kaffee zum selber machen, individuell regulierbarer Klimaanlage und Heizung, Radio und HD-Flatscreen-TV, Zimmersafe, Minibar, Haartrockner, Telefon und kostenlosem WIFI ausgestattet. Unser Hotel ist ein Nichtraucherhotel. &nbsp; Zimmer mit Verbindungst\u00fcr sowie 3 behindertengerechte Zimmer [&hellip;]\" \/>\n<meta property=\"og:url\" content=\"https:\/\/hoteldemedici.com\/de\/zimmer-junior-suiten\/\" \/>\n<meta property=\"og:site_name\" content=\"Hotel de Medici\" \/>\n<meta property=\"article:modified_time\" content=\"2019-11-08T15:55:42+00:00\" \/>\n<meta name=\"twitter:card\" content=\"summary_large_image\" \/>\n<script type=\"application\/ld+json\" class=\"yoast-schema-graph\">{\"@context\":\"https:\/\/schema.org\",\"@graph\":[{\"@type\":\"WebPage\",\"@id\":\"https:\/\/hoteldemedici.com\/de\/zimmer-junior-suiten\/\",\"url\":\"https:\/\/hoteldemedici.com\/de\/zimmer-junior-suiten\/\",\"name\":\"Zimmer & Junior suiten - Hotel de Medici\",\"isPartOf\":{\"@id\":\"https:\/\/hoteldemedici.com\/de\/#website\"},\"datePublished\":\"2019-07-26T14:52:59+00:00\",\"dateModified\":\"2019-11-08T15:55:42+00:00\",\"breadcrumb\":{\"@id\":\"https:\/\/hoteldemedici.com\/de\/zimmer-junior-suiten\/#breadcrumb\"},\"inLanguage\":\"de-DE\",\"potentialAction\":[{\"@type\":\"ReadAction\",\"target\":[\"https:\/\/hoteldemedici.com\/de\/zimmer-junior-suiten\/\"]}]},{\"@type\":\"BreadcrumbList\",\"@id\":\"https:\/\/hoteldemedici.com\/de\/zimmer-junior-suiten\/#breadcrumb\",\"itemListElement\":[{\"@type\":\"ListItem\",\"position\":1,\"name\":\"Home\",\"item\":\"https:\/\/hoteldemedici.com\/de\/\"},{\"@type\":\"ListItem\",\"position\":2,\"name\":\"Zimmer &#038; Junior suiten\"}]},{\"@type\":\"WebSite\",\"@id\":\"https:\/\/hoteldemedici.com\/de\/#website\",\"url\":\"https:\/\/hoteldemedici.com\/de\/\",\"name\":\"Hotel de Medici\",\"description\":\"\",\"potentialAction\":[{\"@type\":\"SearchAction\",\"target\":{\"@type\":\"EntryPoint\",\"urlTemplate\":\"https:\/\/hoteldemedici.com\/de\/?s={search_term_string}\"},\"query-input\":{\"@type\":\"PropertyValueSpecification\",\"valueRequired\":true,\"valueName\":\"search_term_string\"}}],\"inLanguage\":\"de-DE\"}]}<\/script>\n<!-- \/ Yoast SEO plugin. -->","yoast_head_json":{"title":"Zimmer & Junior suiten - Hotel de Medici","robots":{"index":"index","follow":"follow","max-snippet":"max-snippet:-1","max-image-preview":"max-image-preview:large","max-video-preview":"max-video-preview:-1"},"canonical":"https:\/\/hoteldemedici.com\/de\/zimmer-junior-suiten\/","og_locale":"de_DE","og_type":"article","og_title":"Zimmer & Junior suiten - Hotel de Medici","og_description":"Jedes unserer 101 Zimmer, darunter 6 Junior Suiten, bietet ein H\u00f6chstma\u00df an Komfort, Privatsph\u00e4re und Entspannung. Alle sind mit Bad, Tee- \/ Kaffee zum selber machen, individuell regulierbarer Klimaanlage und Heizung, Radio und HD-Flatscreen-TV, Zimmersafe, Minibar, Haartrockner, Telefon und kostenlosem WIFI ausgestattet. Unser Hotel ist ein Nichtraucherhotel. &nbsp; Zimmer mit Verbindungst\u00fcr sowie 3 behindertengerechte Zimmer [&hellip;]","og_url":"https:\/\/hoteldemedici.com\/de\/zimmer-junior-suiten\/","og_site_name":"Hotel de Medici","article_modified_time":"2019-11-08T15:55:42+00:00","twitter_card":"summary_large_image","schema":{"@context":"https:\/\/schema.org","@graph":[{"@type":"WebPage","@id":"https:\/\/hoteldemedici.com\/de\/zimmer-junior-suiten\/","url":"https:\/\/hoteldemedici.com\/de\/zimmer-junior-suiten\/","name":"Zimmer & Junior suiten - Hotel de Medici","isPartOf":{"@id":"https:\/\/hoteldemedici.com\/de\/#website"},"datePublished":"2019-07-26T14:52:59+00:00","dateModified":"2019-11-08T15:55:42+00:00","breadcrumb":{"@id":"https:\/\/hoteldemedici.com\/de\/zimmer-junior-suiten\/#breadcrumb"},"inLanguage":"de-DE","potentialAction":[{"@type":"ReadAction","target":["https:\/\/hoteldemedici.com\/de\/zimmer-junior-suiten\/"]}]},{"@type":"BreadcrumbList","@id":"https:\/\/hoteldemedici.com\/de\/zimmer-junior-suiten\/#breadcrumb","itemListElement":[{"@type":"ListItem","position":1,"name":"Home","item":"https:\/\/hoteldemedici.com\/de\/"},{"@type":"ListItem","position":2,"name":"Zimmer &#038; Junior suiten"}]},{"@type":"WebSite","@id":"https:\/\/hoteldemedici.com\/de\/#website","url":"https:\/\/hoteldemedici.com\/de\/","name":"Hotel de Medici","description":"","potentialAction":[{"@type":"SearchAction","target":{"@type":"EntryPoint","urlTemplate":"https:\/\/hoteldemedici.com\/de\/?s={search_term_string}"},"query-input":{"@type":"PropertyValueSpecification","valueRequired":true,"valueName":"search_term_string"}}],"inLanguage":"de-DE"}]}},"acf":[],"_links":{"self":[{"href":"https:\/\/hoteldemedici.com\/de\/wp-json\/wp\/v2\/pages\/1979","targetHints":{"allow":["GET"]}}],"collection":[{"href":"https:\/\/hoteldemedici.com\/de\/wp-json\/wp\/v2\/pages"}],"about":[{"href":"https:\/\/hoteldemedici.com\/de\/wp-json\/wp\/v2\/types\/page"}],"author":[{"embeddable":true,"href":"https:\/\/hoteldemedici.com\/de\/wp-json\/wp\/v2\/users\/46"}],"replies":[{"embeddable":true,"href":"https:\/\/hoteldemedici.com\/de\/wp-json\/wp\/v2\/comments?post=1979"}],"version-history":[{"count":0,"href":"https:\/\/hoteldemedici.com\/de\/wp-json\/wp\/v2\/pages\/1979\/revisions"}],"wp:attachment":[{"href":"https:\/\/hoteldemedici.com\/de\/wp-json\/wp\/v2\/media?parent=1979"}],"curies":[{"name":"wp","href":"https:\/\/api.w.org\/{rel}","templated":true}]}}