{"id":1976,"date":"2019-07-26T12:43:19","date_gmt":"2019-07-26T12:43:19","guid":{"rendered":"http:\/\/hotel-de-medici.ms.decms.eu\/city-centre-hotel\/"},"modified":"2025-01-07T14:52:59","modified_gmt":"2025-01-07T14:52:59","slug":"city-centre-hotel","status":"publish","type":"page","link":"https:\/\/hoteldemedici.com\/de\/","title":{"rendered":"Herzlich Willkommen Im Hotel de&#8216; Medici ****"},"content":{"rendered":"<p>Das Hotel de&#8216; Medici ist ein klassisches 4-Sterne-Hotel an einem der romantischsten Kan\u00e4le von Br\u00fcgge, nur wenige Gehminuten vom Marktplatz im Zentrum entfernt.<\/p>\n<p>Das Hotel de&#8216; Medici bietet 101 klimatisierte Zimmer, die \u00fcber einen Sitzbereich und einen 43-Zoll-LED-Flachbild-IP-Sat-TV verf\u00fcgen. Jedes Zimmer verf\u00fcgt zudem \u00fcber eine Minibar sowie einer Tee-und kaffeeecke mit wasserkocher.<br \/>\nEin reichhaltiges Fr\u00fchst\u00fccksbuffet mit warmen Speisen wie R\u00fchrei und Speck wird t\u00e4glich in unserem Fr\u00fchst\u00fccksrestaurant serviert. Unser Hotel verf\u00fcgt \u00fcber 8 multifunktionale Tagungsr\u00e4ume und 35 private Tiefgaragenstellpl\u00e4tze (gegen Aufpreis).<\/p>\n<p>Das Hotel bietet kostenfreies WLAN in der gesamten Unterkunft, einen Innenhof mit japanischem Garten, einen Fitnessbereich und entspannende Freizeiteinrichtungen.<\/p>\n<p>Das historische Zentrum von Br\u00fcgge ist eine hervorragende Wahl f\u00fcr Reisende, die sich f\u00fcr Atmosph\u00e4re, die Erkundung der Altstadt und das Ambiente interessieren. Das Hotel de&#8216; Medici \u00fcberblickt einen der sch\u00f6nsten und ruhigsten Kan\u00e4le in Br\u00fcgge und liegt nur 10 Gehminuten vom ber\u00fchmten Marktplatz mit Belfried entfernt. Die wichtigsten Einkaufsstra\u00dfen, Museen wie das Historium, die Brauerei De Halve Maan und der Beginenhof, der zum UNESCO-Weltkulturerbe geh\u00f6rt, erreichen Sie jeweils nach einem 20-min\u00fctigen Spaziergang.<\/p>\n<p>Im Wellnessbereich k\u00f6nnen die G\u00e4ste einige Zeit im Whirlpool, in der Infrarot Sauna oder im t\u00fcrkischen Dampfbad verbringen und sich nach der Erkundung von Br\u00fcgge den ganzen Tag entspannen. Alle diese Einrichtungen stehen gegen Aufpreis zur Verf\u00fcgung.<\/p>\n<p>Die Hotelbar mit Blick auf den Garten im Innenhof serviert Getr\u00e4nke einschlie\u00dflich einer Auswahl an Whiskys. Die Lounge Bar Damme ist der ideale Ort, um abends einen Cocktail oder einen kleinen Snack zu sich zu nehmen.<\/p>\n","protected":false},"excerpt":{"rendered":"<p>Das Hotel de&#8216; Medici ist ein klassisches 4-Sterne-Hotel an einem der romantischsten Kan\u00e4le von Br\u00fcgge, nur wenige Gehminuten vom Marktplatz im Zentrum entfernt. Das Hotel de&#8216; Medici bietet 101 klimatisierte Zimmer, die \u00fcber einen Sitzbereich und einen 43-Zoll-LED-Flachbild-IP-Sat-TV verf\u00fcgen. Jedes Zimmer verf\u00fcgt zudem \u00fcber eine Minibar sowie einer Tee-und kaffeeecke mit wasserkocher. Ein reichhaltiges Fr\u00fchst\u00fccksbuffet [&hellip;]<\/p>\n","protected":false},"author":46,"featured_media":0,"parent":0,"menu_order":0,"comment_status":"closed","ping_status":"closed","template":"","meta":{"footnotes":""},"class_list":["post-1976","page","type-page","status-publish","hentry"],"yoast_head":"<!-- This site is optimized with the Yoast SEO plugin v26.9 - https:\/\/yoast.com\/product\/yoast-seo-wordpress\/ -->\n<title>Herzlich Willkommen Im Hotel de&#039; Medici **** - Hotel de Medici<\/title>\n<meta name=\"robots\" content=\"index, follow, max-snippet:-1, max-image-preview:large, max-video-preview:-1\" \/>\n<link rel=\"canonical\" href=\"https:\/\/hoteldemedici.com\/de\/\" \/>\n<meta property=\"og:locale\" content=\"de_DE\" \/>\n<meta property=\"og:type\" content=\"article\" \/>\n<meta property=\"og:title\" content=\"Herzlich Willkommen Im Hotel de&#039; Medici **** - Hotel de Medici\" \/>\n<meta property=\"og:description\" content=\"Das Hotel de&#8216; Medici ist ein klassisches 4-Sterne-Hotel an einem der romantischsten Kan\u00e4le von Br\u00fcgge, nur wenige Gehminuten vom Marktplatz im Zentrum entfernt. Das Hotel de&#8216; Medici bietet 101 klimatisierte Zimmer, die \u00fcber einen Sitzbereich und einen 43-Zoll-LED-Flachbild-IP-Sat-TV verf\u00fcgen. Jedes Zimmer verf\u00fcgt zudem \u00fcber eine Minibar sowie einer Tee-und kaffeeecke mit wasserkocher. Ein reichhaltiges Fr\u00fchst\u00fccksbuffet [&hellip;]\" \/>\n<meta property=\"og:url\" content=\"https:\/\/hoteldemedici.com\/de\/\" \/>\n<meta property=\"og:site_name\" content=\"Hotel de Medici\" \/>\n<meta property=\"article:modified_time\" content=\"2025-01-07T14:52:59+00:00\" \/>\n<meta name=\"twitter:card\" content=\"summary_large_image\" \/>\n<meta name=\"twitter:label1\" content=\"Gesch\u00e4tzte Lesezeit\" \/>\n\t<meta name=\"twitter:data1\" content=\"2 Minuten\" \/>\n<script type=\"application\/ld+json\" class=\"yoast-schema-graph\">{\"@context\":\"https:\/\/schema.org\",\"@graph\":[{\"@type\":\"WebPage\",\"@id\":\"https:\/\/hoteldemedici.com\/de\/\",\"url\":\"https:\/\/hoteldemedici.com\/de\/\",\"name\":\"Herzlich Willkommen Im Hotel de' Medici **** - Hotel de Medici\",\"isPartOf\":{\"@id\":\"https:\/\/hoteldemedici.com\/de\/#website\"},\"datePublished\":\"2019-07-26T12:43:19+00:00\",\"dateModified\":\"2025-01-07T14:52:59+00:00\",\"breadcrumb\":{\"@id\":\"https:\/\/hoteldemedici.com\/de\/#breadcrumb\"},\"inLanguage\":\"de-DE\",\"potentialAction\":[{\"@type\":\"ReadAction\",\"target\":[\"https:\/\/hoteldemedici.com\/de\/\"]}]},{\"@type\":\"BreadcrumbList\",\"@id\":\"https:\/\/hoteldemedici.com\/de\/#breadcrumb\",\"itemListElement\":[{\"@type\":\"ListItem\",\"position\":1,\"name\":\"Home\",\"item\":\"https:\/\/hoteldemedici.com\/de\/\"},{\"@type\":\"ListItem\",\"position\":2,\"name\":\"Herzlich Willkommen Im Hotel de&#8217; Medici ****\"}]},{\"@type\":\"WebSite\",\"@id\":\"https:\/\/hoteldemedici.com\/de\/#website\",\"url\":\"https:\/\/hoteldemedici.com\/de\/\",\"name\":\"Hotel de Medici\",\"description\":\"\",\"potentialAction\":[{\"@type\":\"SearchAction\",\"target\":{\"@type\":\"EntryPoint\",\"urlTemplate\":\"https:\/\/hoteldemedici.com\/de\/?s={search_term_string}\"},\"query-input\":{\"@type\":\"PropertyValueSpecification\",\"valueRequired\":true,\"valueName\":\"search_term_string\"}}],\"inLanguage\":\"de-DE\"}]}<\/script>\n<!-- \/ Yoast SEO plugin. -->","yoast_head_json":{"title":"Herzlich Willkommen Im Hotel de' Medici **** - Hotel de Medici","robots":{"index":"index","follow":"follow","max-snippet":"max-snippet:-1","max-image-preview":"max-image-preview:large","max-video-preview":"max-video-preview:-1"},"canonical":"https:\/\/hoteldemedici.com\/de\/","og_locale":"de_DE","og_type":"article","og_title":"Herzlich Willkommen Im Hotel de' Medici **** - Hotel de Medici","og_description":"Das Hotel de&#8216; Medici ist ein klassisches 4-Sterne-Hotel an einem der romantischsten Kan\u00e4le von Br\u00fcgge, nur wenige Gehminuten vom Marktplatz im Zentrum entfernt. Das Hotel de&#8216; Medici bietet 101 klimatisierte Zimmer, die \u00fcber einen Sitzbereich und einen 43-Zoll-LED-Flachbild-IP-Sat-TV verf\u00fcgen. Jedes Zimmer verf\u00fcgt zudem \u00fcber eine Minibar sowie einer Tee-und kaffeeecke mit wasserkocher. Ein reichhaltiges Fr\u00fchst\u00fccksbuffet [&hellip;]","og_url":"https:\/\/hoteldemedici.com\/de\/","og_site_name":"Hotel de Medici","article_modified_time":"2025-01-07T14:52:59+00:00","twitter_card":"summary_large_image","twitter_misc":{"Gesch\u00e4tzte Lesezeit":"2 Minuten"},"schema":{"@context":"https:\/\/schema.org","@graph":[{"@type":"WebPage","@id":"https:\/\/hoteldemedici.com\/de\/","url":"https:\/\/hoteldemedici.com\/de\/","name":"Herzlich Willkommen Im Hotel de' Medici **** - Hotel de Medici","isPartOf":{"@id":"https:\/\/hoteldemedici.com\/de\/#website"},"datePublished":"2019-07-26T12:43:19+00:00","dateModified":"2025-01-07T14:52:59+00:00","breadcrumb":{"@id":"https:\/\/hoteldemedici.com\/de\/#breadcrumb"},"inLanguage":"de-DE","potentialAction":[{"@type":"ReadAction","target":["https:\/\/hoteldemedici.com\/de\/"]}]},{"@type":"BreadcrumbList","@id":"https:\/\/hoteldemedici.com\/de\/#breadcrumb","itemListElement":[{"@type":"ListItem","position":1,"name":"Home","item":"https:\/\/hoteldemedici.com\/de\/"},{"@type":"ListItem","position":2,"name":"Herzlich Willkommen Im Hotel de&#8217; Medici ****"}]},{"@type":"WebSite","@id":"https:\/\/hoteldemedici.com\/de\/#website","url":"https:\/\/hoteldemedici.com\/de\/","name":"Hotel de Medici","description":"","potentialAction":[{"@type":"SearchAction","target":{"@type":"EntryPoint","urlTemplate":"https:\/\/hoteldemedici.com\/de\/?s={search_term_string}"},"query-input":{"@type":"PropertyValueSpecification","valueRequired":true,"valueName":"search_term_string"}}],"inLanguage":"de-DE"}]}},"acf":[],"_links":{"self":[{"href":"https:\/\/hoteldemedici.com\/de\/wp-json\/wp\/v2\/pages\/1976","targetHints":{"allow":["GET"]}}],"collection":[{"href":"https:\/\/hoteldemedici.com\/de\/wp-json\/wp\/v2\/pages"}],"about":[{"href":"https:\/\/hoteldemedici.com\/de\/wp-json\/wp\/v2\/types\/page"}],"author":[{"embeddable":true,"href":"https:\/\/hoteldemedici.com\/de\/wp-json\/wp\/v2\/users\/46"}],"replies":[{"embeddable":true,"href":"https:\/\/hoteldemedici.com\/de\/wp-json\/wp\/v2\/comments?post=1976"}],"version-history":[{"count":0,"href":"https:\/\/hoteldemedici.com\/de\/wp-json\/wp\/v2\/pages\/1976\/revisions"}],"wp:attachment":[{"href":"https:\/\/hoteldemedici.com\/de\/wp-json\/wp\/v2\/media?parent=1976"}],"curies":[{"name":"wp","href":"https:\/\/api.w.org\/{rel}","templated":true}]}}